{"id":427054,"date":"2020-07-30T08:16:00","date_gmt":"2020-07-30T06:16:00","guid":{"rendered":"https:\/\/www.speedcube.nl\/unkategorisiert\/yj-blind-3x3\/"},"modified":"2026-04-29T05:04:39","modified_gmt":"2026-04-29T03:04:39","slug":"yj-blind-3x3","status":"publish","type":"product","link":"https:\/\/www.speedcube.nl\/de\/speedcube-de\/yj-de\/yj-blind-3x3\/","title":{"rendered":"YJ Blind 3&#215;3"},"content":{"rendered":"<p>Der YJ Blind 3&#215;3 ist ein W\u00fcrfel mit verschiedenen Texturen auf jeder Oberfl\u00e4che. Der Unterschied in der Textur der Oberfl\u00e4che erm\u00f6glicht es sehbehinderten Menschen, die Formen aus dem 3&#215;3 zu erkennen.<\/p>\n","protected":false},"excerpt":{"rendered":"<p>YJ<\/p>\n","protected":false},"featured_media":386401,"template":"","meta":{"_improvement_type_select":"improve_an_existing","_thumb_yes_seoaic":false,"_frame_yes_seoaic":false,"seoaic_generate_description":"","seoaic_improve_instructions_prompt":"","seoaic_rollback_content_improvement":"","seoaic_idea_thumbnail_generator":"","thumbnail_generated":false,"thumbnail_generate_prompt":"","seoaic_article_description":"","product-afmeting-lengte-mm":"","product-afmeting-breedte-mm":"","product-afmeting-hoogte-mm":""},"product_brand":[],"product_cat":[1221,2174,1211],"product_tag":[],"class_list":{"0":"post-427054","1":"product","2":"type-product","3":"status-publish","4":"has-post-thumbnail","6":"product_cat-3x3-de","7":"product_cat-yj-de","8":"product_cat-speedcube-de","9":"pa_merken-yj-de","11":"first","12":"instock","13":"taxable","14":"shipping-taxable","15":"purchasable","16":"product-type-simple"},"df_price":8.95,"df_sale_price":"","df_regular_price":8.95,"df_image_link":"https:\/\/www.speedcube.nl\/wp-content\/uploads\/2023\/06\/Productvisuals_Speedcubes-yj-blind-3x3-1-1-285x300.jpg","_links":{"self":[{"href":"https:\/\/www.speedcube.nl\/de\/wp-json\/wp\/v2\/product\/427054","targetHints":{"allow":["GET"]}}],"collection":[{"href":"https:\/\/www.speedcube.nl\/de\/wp-json\/wp\/v2\/product"}],"about":[{"href":"https:\/\/www.speedcube.nl\/de\/wp-json\/wp\/v2\/types\/product"}],"version-history":[{"count":0,"href":"https:\/\/www.speedcube.nl\/de\/wp-json\/wp\/v2\/product\/427054\/revisions"}],"wp:featuredmedia":[{"embeddable":true,"href":"https:\/\/www.speedcube.nl\/de\/wp-json\/wp\/v2\/media\/386401"}],"wp:attachment":[{"href":"https:\/\/www.speedcube.nl\/de\/wp-json\/wp\/v2\/media?parent=427054"}],"wp:term":[{"taxonomy":"product_brand","embeddable":true,"href":"https:\/\/www.speedcube.nl\/de\/wp-json\/wp\/v2\/product_brand?post=427054"},{"taxonomy":"product_cat","embeddable":true,"href":"https:\/\/www.speedcube.nl\/de\/wp-json\/wp\/v2\/product_cat?post=427054"},{"taxonomy":"product_tag","embeddable":true,"href":"https:\/\/www.speedcube.nl\/de\/wp-json\/wp\/v2\/product_tag?post=427054"}],"curies":[{"name":"wp","href":"https:\/\/api.w.org\/{rel}","templated":true}]}}