{"id":427053,"date":"2020-07-20T09:23:00","date_gmt":"2020-07-20T07:23:00","guid":{"rendered":"https:\/\/www.speedcube.nl\/unkategorisiert\/robotime-der-globus-st002\/"},"modified":"2026-05-01T05:00:59","modified_gmt":"2026-05-01T03:00:59","slug":"robotime-der-globus-st002","status":"publish","type":"product","link":"https:\/\/www.speedcube.nl\/de\/modellbau\/sehenswurdigkeiten\/robotime-der-globus-st002\/","title":{"rendered":"Robotime Der Globus ST002"},"content":{"rendered":"<p>Robotime The Globe ST002 ist ein gro\u00dfes klassisches Globusmodell. Wundersch\u00f6n gestalteter Globus, der gedreht werden kann. Au\u00dferdem verf\u00fcgt er \u00fcber eine geheime Schublade, die mit Hilfe des Konstellationsschlosses ge\u00f6ffnet werden kann. Dieser Modellglobus wird mit Sicherheit eine gro\u00dfe Herausforderung f\u00fcr deine H\u00e4nde und deinen Geist sein! Aufgrund von Zollbestimmungen sind Wachs und Klebstoff m\u00f6glicherweise nicht in den Paketen enthalten.<\/p>\n<p>Gewicht: 3,6 kg<br \/>\nMaterial : Zubeh\u00f6r, Holz<br \/>\nAlter: 14+<br \/>\nProdukt mm : 325 x 290 x 520 mm<br \/>\nVerpackungsgr\u00f6\u00dfe: 470 x 320 x 50 mm<br \/>\nMontagezeit : 8 Stunden<\/p>\n","protected":false},"excerpt":{"rendered":"<p>ROBOTIME<\/p>\n","protected":false},"featured_media":386181,"template":"","meta":{"_improvement_type_select":"improve_an_existing","_thumb_yes_seoaic":false,"_frame_yes_seoaic":false,"seoaic_generate_description":"","seoaic_improve_instructions_prompt":"","seoaic_rollback_content_improvement":"","seoaic_idea_thumbnail_generator":"","thumbnail_generated":false,"thumbnail_generate_prompt":"","seoaic_article_description":"","product-afmeting-lengte-mm":"","product-afmeting-breedte-mm":"","product-afmeting-hoogte-mm":""},"product_brand":[],"product_cat":[1617,1500,1499,1619,1723],"product_tag":[],"class_list":{"0":"post-427053","1":"product","2":"type-product","3":"status-publish","4":"has-post-thumbnail","6":"product_cat-baukasten-aus-holz","7":"product_cat-baukasten-fur-erwachsene","8":"product_cat-modellbau","9":"product_cat-robotime-de","10":"product_cat-sehenswurdigkeiten","11":"pa_merken-robotime-de","13":"first","14":"outofstock","15":"taxable","16":"shipping-taxable","17":"purchasable","18":"product-type-simple"},"df_price":79.99,"df_sale_price":"","df_regular_price":79.99,"df_image_link":"https:\/\/www.speedcube.nl\/wp-content\/uploads\/2023\/06\/Productvisuals_Modelbouw-Robotime-the-globe-st002-1-285x300.jpg","_links":{"self":[{"href":"https:\/\/www.speedcube.nl\/de\/wp-json\/wp\/v2\/product\/427053","targetHints":{"allow":["GET"]}}],"collection":[{"href":"https:\/\/www.speedcube.nl\/de\/wp-json\/wp\/v2\/product"}],"about":[{"href":"https:\/\/www.speedcube.nl\/de\/wp-json\/wp\/v2\/types\/product"}],"version-history":[{"count":0,"href":"https:\/\/www.speedcube.nl\/de\/wp-json\/wp\/v2\/product\/427053\/revisions"}],"wp:featuredmedia":[{"embeddable":true,"href":"https:\/\/www.speedcube.nl\/de\/wp-json\/wp\/v2\/media\/386181"}],"wp:attachment":[{"href":"https:\/\/www.speedcube.nl\/de\/wp-json\/wp\/v2\/media?parent=427053"}],"wp:term":[{"taxonomy":"product_brand","embeddable":true,"href":"https:\/\/www.speedcube.nl\/de\/wp-json\/wp\/v2\/product_brand?post=427053"},{"taxonomy":"product_cat","embeddable":true,"href":"https:\/\/www.speedcube.nl\/de\/wp-json\/wp\/v2\/product_cat?post=427053"},{"taxonomy":"product_tag","embeddable":true,"href":"https:\/\/www.speedcube.nl\/de\/wp-json\/wp\/v2\/product_tag?post=427053"}],"curies":[{"name":"wp","href":"https:\/\/api.w.org\/{rel}","templated":true}]}}