{"id":427039,"date":"2020-07-01T14:16:00","date_gmt":"2020-07-01T12:16:00","guid":{"rendered":"https:\/\/www.speedcube.nl\/unkategorisiert\/sengso-mr-m-6x6\/"},"modified":"2026-05-01T05:01:10","modified_gmt":"2026-05-01T03:01:10","slug":"sengso-mr-m-6x6","status":"publish","type":"product","link":"https:\/\/www.speedcube.nl\/de\/speedcube-de\/6x6-de\/sengso-mr-m-6x6\/","title":{"rendered":"Sengso MR. M 6&#215;6"},"content":{"rendered":"<p>Der Herr ShengShou. M 6&#215;6 ist ein magnetischer 6&#215;6 Speed Cube mit dem &#8220;Kissen&#8220;-Look und -Gef\u00fchl. Dieses Puzzle klickt beim Drehen und hat extrem starke Au\u00dfenmagnete. Wenn Sie das &#8220;Kissen&#8220;-Gef\u00fchl eines gro\u00dfen W\u00fcrfels m\u00f6gen, k\u00f6nnte dies die richtige Wahl f\u00fcr Sie sein!<\/p>\n","protected":false},"excerpt":{"rendered":"<p>SENGSO<\/p>\n","protected":false},"featured_media":385849,"template":"","meta":{"_improvement_type_select":"improve_an_existing","_thumb_yes_seoaic":false,"_frame_yes_seoaic":false,"seoaic_generate_description":"","seoaic_improve_instructions_prompt":"","seoaic_rollback_content_improvement":"","seoaic_idea_thumbnail_generator":"","thumbnail_generated":false,"thumbnail_generate_prompt":"","seoaic_article_description":"","product-afmeting-lengte-mm":"","product-afmeting-breedte-mm":"","product-afmeting-hoogte-mm":""},"product_brand":[],"product_cat":[2143,1778,1211],"product_tag":[],"class_list":{"0":"post-427039","1":"product","2":"type-product","3":"status-publish","4":"has-post-thumbnail","6":"product_cat-6x6-de","7":"product_cat-sengso-de","8":"product_cat-speedcube-de","9":"pa_merken-sengso-de","11":"first","12":"instock","13":"taxable","14":"shipping-taxable","15":"purchasable","16":"product-type-simple"},"df_price":20.95,"df_sale_price":"","df_regular_price":20.95,"df_image_link":"https:\/\/www.speedcube.nl\/wp-content\/uploads\/2023\/06\/Productvisuals_Speedcubes-SengSo-mr.m-6\u00d76-1-285x300.jpg","_links":{"self":[{"href":"https:\/\/www.speedcube.nl\/de\/wp-json\/wp\/v2\/product\/427039","targetHints":{"allow":["GET"]}}],"collection":[{"href":"https:\/\/www.speedcube.nl\/de\/wp-json\/wp\/v2\/product"}],"about":[{"href":"https:\/\/www.speedcube.nl\/de\/wp-json\/wp\/v2\/types\/product"}],"version-history":[{"count":0,"href":"https:\/\/www.speedcube.nl\/de\/wp-json\/wp\/v2\/product\/427039\/revisions"}],"wp:featuredmedia":[{"embeddable":true,"href":"https:\/\/www.speedcube.nl\/de\/wp-json\/wp\/v2\/media\/385849"}],"wp:attachment":[{"href":"https:\/\/www.speedcube.nl\/de\/wp-json\/wp\/v2\/media?parent=427039"}],"wp:term":[{"taxonomy":"product_brand","embeddable":true,"href":"https:\/\/www.speedcube.nl\/de\/wp-json\/wp\/v2\/product_brand?post=427039"},{"taxonomy":"product_cat","embeddable":true,"href":"https:\/\/www.speedcube.nl\/de\/wp-json\/wp\/v2\/product_cat?post=427039"},{"taxonomy":"product_tag","embeddable":true,"href":"https:\/\/www.speedcube.nl\/de\/wp-json\/wp\/v2\/product_tag?post=427039"}],"curies":[{"name":"wp","href":"https:\/\/api.w.org\/{rel}","templated":true}]}}