{"id":427031,"date":"2020-09-06T10:23:00","date_gmt":"2020-09-06T08:23:00","guid":{"rendered":"https:\/\/www.speedcube.nl\/unkategorisiert\/qiyi-chuanshi-uhr-magnetische-uhr\/"},"modified":"2026-05-06T05:00:11","modified_gmt":"2026-05-06T03:00:11","slug":"qiyi-chuanshi-uhr-magnetische-uhr","status":"publish","type":"product","link":"https:\/\/www.speedcube.nl\/de\/speedcube-de\/twist-wurfel\/qiyi-chuanshi-uhr-magnetische-uhr\/","title":{"rendered":"Qiyi Chuanshi Uhr Magnetische Uhr"},"content":{"rendered":"<p>QiYi hat seine erste Version des Uhrenpuzzles perfektioniert. Diese Uhr ist von hoher Qualit\u00e4t und das wird bei der Benutzung des Puzzles schnell deutlich. Mit insgesamt 208 Magneten (204 kleine, 4 gro\u00dfe) ist der Zeitmesser sehr pr\u00e4zise und alle Zifferbl\u00e4tter, Kn\u00f6pfe und Ringe sind mit Magneten versehen.<\/p>\n","protected":false},"excerpt":{"rendered":"<p>QIYI<\/p>\n","protected":false},"featured_media":386755,"template":"","meta":{"_improvement_type_select":"improve_an_existing","_thumb_yes_seoaic":false,"_frame_yes_seoaic":false,"seoaic_generate_description":"","seoaic_improve_instructions_prompt":"","seoaic_rollback_content_improvement":"","seoaic_idea_thumbnail_generator":"","thumbnail_generated":false,"thumbnail_generate_prompt":"","seoaic_article_description":"","product-afmeting-lengte-mm":"","product-afmeting-breedte-mm":"","product-afmeting-hoogte-mm":""},"product_brand":[],"product_cat":[1235,1279,1211],"product_tag":[],"class_list":{"0":"post-427031","1":"product","2":"type-product","3":"status-publish","4":"has-post-thumbnail","6":"product_cat-qiyi-de","7":"product_cat-twist-wurfel","8":"product_cat-speedcube-de","9":"pa_merken-qiyi-de","11":"first","12":"instock","13":"taxable","14":"shipping-taxable","15":"purchasable","16":"product-type-simple"},"df_price":28.99,"df_sale_price":"","df_regular_price":28.99,"df_image_link":"https:\/\/www.speedcube.nl\/wp-content\/uploads\/2023\/06\/Productvisuals_Speedcubes-QiYi-chuanshi-clock-magnetic-clock-1-285x300.jpg","_links":{"self":[{"href":"https:\/\/www.speedcube.nl\/de\/wp-json\/wp\/v2\/product\/427031","targetHints":{"allow":["GET"]}}],"collection":[{"href":"https:\/\/www.speedcube.nl\/de\/wp-json\/wp\/v2\/product"}],"about":[{"href":"https:\/\/www.speedcube.nl\/de\/wp-json\/wp\/v2\/types\/product"}],"version-history":[{"count":0,"href":"https:\/\/www.speedcube.nl\/de\/wp-json\/wp\/v2\/product\/427031\/revisions"}],"wp:featuredmedia":[{"embeddable":true,"href":"https:\/\/www.speedcube.nl\/de\/wp-json\/wp\/v2\/media\/386755"}],"wp:attachment":[{"href":"https:\/\/www.speedcube.nl\/de\/wp-json\/wp\/v2\/media?parent=427031"}],"wp:term":[{"taxonomy":"product_brand","embeddable":true,"href":"https:\/\/www.speedcube.nl\/de\/wp-json\/wp\/v2\/product_brand?post=427031"},{"taxonomy":"product_cat","embeddable":true,"href":"https:\/\/www.speedcube.nl\/de\/wp-json\/wp\/v2\/product_cat?post=427031"},{"taxonomy":"product_tag","embeddable":true,"href":"https:\/\/www.speedcube.nl\/de\/wp-json\/wp\/v2\/product_tag?post=427031"}],"curies":[{"name":"wp","href":"https:\/\/api.w.org\/{rel}","templated":true}]}}