{"id":427026,"date":"2020-09-21T16:10:00","date_gmt":"2020-09-21T14:10:00","guid":{"rendered":"https:\/\/www.speedcube.nl\/unkategorisiert\/gan-pyraminx-m\/"},"modified":"2026-05-04T05:19:12","modified_gmt":"2026-05-04T03:19:12","slug":"gan-pyraminx-m","status":"publish","type":"product","link":"https:\/\/www.speedcube.nl\/de\/speedcube-de\/gan-de\/gan-pyraminx-m\/","title":{"rendered":"Gan Pyraminx M"},"content":{"rendered":"<p>Die GAN Magnetic Pyraminx ist eine bahnbrechende Ver\u00f6ffentlichung von GAN! Dies ist die weltweit erste Pyraminx mit dem neuen magnetischen Positionierungssystem der GAN mit Kernrand. Zus\u00e4tzlich zu diesem noch nie dagewesenen Magnetsystem verf\u00fcgt der GAN Pyraminx \u00fcber GANs klassisches Wabendesign f\u00fcr sanftes und komfortables Drehen. Falls Sie mit dem Wabendesign noch nicht vertraut sind: Es wurde speziell f\u00fcr reibungsloses und bequemes Drehen entwickelt und hilft, das Schmiermittel gleichm\u00e4\u00dfig \u00fcber das Puzzle zu verteilen. Mit einem Gewicht von nur 64 g ist der GAN Pyraminx ein Leichtgewicht.<\/p>\n<p>Sind Sie neugierig auf die Unterschiede zwischen der Standard- und der Enhanced-Version? Die Standardversion ist die Basisversion dieses W\u00fcrfels. Er wird mit einem Satz vorinstallierter GES-Muttern und Kernrandmagneten geliefert. Die erweiterte Version enth\u00e4lt alle oben genannten Elemente, zus\u00e4tzliche GES-Muttern und magnetische Teile.<\/p>\n<p>&nbsp;<\/p>\n","protected":false},"excerpt":{"rendered":"<p>GAN<\/p>\n","protected":false},"featured_media":386869,"template":"","meta":{"_improvement_type_select":"improve_an_existing","_thumb_yes_seoaic":false,"_frame_yes_seoaic":false,"seoaic_generate_description":"","seoaic_improve_instructions_prompt":"","seoaic_rollback_content_improvement":"","seoaic_idea_thumbnail_generator":"","thumbnail_generated":false,"thumbnail_generate_prompt":"","seoaic_article_description":"","product-afmeting-lengte-mm":"","product-afmeting-breedte-mm":"","product-afmeting-hoogte-mm":""},"product_brand":[],"product_cat":[1270,1259,1211],"product_tag":[],"class_list":{"0":"post-427026","1":"product","2":"type-product","3":"status-publish","4":"has-post-thumbnail","6":"product_cat-gan-de","7":"product_cat-pyraminx-de","8":"product_cat-speedcube-de","9":"pa_merken-gan-de","11":"first","12":"instock","13":"taxable","14":"shipping-taxable","15":"purchasable","16":"product-type-variable"},"df_price":19.99,"df_sale_price":"","df_regular_price":19.99,"df_image_link":"https:\/\/www.speedcube.nl\/wp-content\/uploads\/2023\/06\/Productvisuals_Speedcubes-GAN-pyraminx-m-1-285x300.jpg","_links":{"self":[{"href":"https:\/\/www.speedcube.nl\/de\/wp-json\/wp\/v2\/product\/427026","targetHints":{"allow":["GET"]}}],"collection":[{"href":"https:\/\/www.speedcube.nl\/de\/wp-json\/wp\/v2\/product"}],"about":[{"href":"https:\/\/www.speedcube.nl\/de\/wp-json\/wp\/v2\/types\/product"}],"version-history":[{"count":0,"href":"https:\/\/www.speedcube.nl\/de\/wp-json\/wp\/v2\/product\/427026\/revisions"}],"wp:featuredmedia":[{"embeddable":true,"href":"https:\/\/www.speedcube.nl\/de\/wp-json\/wp\/v2\/media\/386869"}],"wp:attachment":[{"href":"https:\/\/www.speedcube.nl\/de\/wp-json\/wp\/v2\/media?parent=427026"}],"wp:term":[{"taxonomy":"product_brand","embeddable":true,"href":"https:\/\/www.speedcube.nl\/de\/wp-json\/wp\/v2\/product_brand?post=427026"},{"taxonomy":"product_cat","embeddable":true,"href":"https:\/\/www.speedcube.nl\/de\/wp-json\/wp\/v2\/product_cat?post=427026"},{"taxonomy":"product_tag","embeddable":true,"href":"https:\/\/www.speedcube.nl\/de\/wp-json\/wp\/v2\/product_tag?post=427026"}],"curies":[{"name":"wp","href":"https:\/\/api.w.org\/{rel}","templated":true}]}}