{"id":427016,"date":"2020-09-06T10:08:00","date_gmt":"2020-09-06T08:08:00","guid":{"rendered":"https:\/\/www.speedcube.nl\/unkategorisiert\/yj-mgc-m-7x7\/"},"modified":"2026-04-29T05:07:12","modified_gmt":"2026-04-29T03:07:12","slug":"yj-mgc-m-7x7","status":"publish","type":"product","link":"https:\/\/www.speedcube.nl\/de\/speedcube-de\/yj-de\/yj-mgc-m-7x7\/","title":{"rendered":"YJ MGC M 7&#215;7"},"content":{"rendered":"<p>Innerhalb k\u00fcrzester Zeit hat sich der YJ MGC Magnetic 7&#215;7 zu einem der beliebtesten 7x7er auf dem Markt entwickelt! Das MGC 7&#215;7 zeichnet sich dadurch aus, dass es das Drehgef\u00fchl und die gleichm\u00e4\u00dfige Magnetst\u00e4rke in allen 7 Schichten einf\u00e4ngt, was ein gro\u00dfes Plus ist. Der Schwerpunkt von YJ liegt auf Qualit\u00e4t zu einem niedrigeren Preis, und das haben sie sicherlich erreicht. Der MGC 7 kommt recht locker aus der Schachtel, f\u00fcr den schnelleren Drechsler k\u00f6nnte es ratsam sein, ihn zuerst einzustellen.<\/p>\n","protected":false},"excerpt":{"rendered":"<p>YJ<\/p>\n","protected":false},"featured_media":386695,"template":"","meta":{"_improvement_type_select":"improve_an_existing","_thumb_yes_seoaic":false,"_frame_yes_seoaic":false,"seoaic_generate_description":"","seoaic_improve_instructions_prompt":"","seoaic_rollback_content_improvement":"","seoaic_idea_thumbnail_generator":"","thumbnail_generated":false,"thumbnail_generate_prompt":"","seoaic_article_description":"","product-afmeting-lengte-mm":"","product-afmeting-breedte-mm":"","product-afmeting-hoogte-mm":""},"product_brand":[],"product_cat":[1897,2174,1211],"product_tag":[],"class_list":{"0":"post-427016","1":"product","2":"type-product","3":"status-publish","4":"has-post-thumbnail","6":"product_cat-7x7-de","7":"product_cat-yj-de","8":"product_cat-speedcube-de","9":"pa_merken-yj-de","11":"first","12":"instock","13":"taxable","14":"shipping-taxable","15":"purchasable","16":"product-type-variable"},"df_price":36.95,"df_sale_price":"","df_regular_price":36.95,"df_image_link":"https:\/\/www.speedcube.nl\/wp-content\/uploads\/2023\/06\/Productvisuals_Speedcubes-YJ-mgc-m-7\u00d77-1-285x300.jpg","_links":{"self":[{"href":"https:\/\/www.speedcube.nl\/de\/wp-json\/wp\/v2\/product\/427016","targetHints":{"allow":["GET"]}}],"collection":[{"href":"https:\/\/www.speedcube.nl\/de\/wp-json\/wp\/v2\/product"}],"about":[{"href":"https:\/\/www.speedcube.nl\/de\/wp-json\/wp\/v2\/types\/product"}],"version-history":[{"count":0,"href":"https:\/\/www.speedcube.nl\/de\/wp-json\/wp\/v2\/product\/427016\/revisions"}],"wp:featuredmedia":[{"embeddable":true,"href":"https:\/\/www.speedcube.nl\/de\/wp-json\/wp\/v2\/media\/386695"}],"wp:attachment":[{"href":"https:\/\/www.speedcube.nl\/de\/wp-json\/wp\/v2\/media?parent=427016"}],"wp:term":[{"taxonomy":"product_brand","embeddable":true,"href":"https:\/\/www.speedcube.nl\/de\/wp-json\/wp\/v2\/product_brand?post=427016"},{"taxonomy":"product_cat","embeddable":true,"href":"https:\/\/www.speedcube.nl\/de\/wp-json\/wp\/v2\/product_cat?post=427016"},{"taxonomy":"product_tag","embeddable":true,"href":"https:\/\/www.speedcube.nl\/de\/wp-json\/wp\/v2\/product_tag?post=427016"}],"curies":[{"name":"wp","href":"https:\/\/api.w.org\/{rel}","templated":true}]}}