{"id":427009,"date":"2020-10-08T17:24:00","date_gmt":"2020-10-08T15:24:00","guid":{"rendered":"https:\/\/www.speedcube.nl\/unkategorisiert\/hoelzerne-stadt-weltkarte\/"},"modified":"2026-05-10T05:07:15","modified_gmt":"2026-05-10T03:07:15","slug":"hoelzerne-stadt-weltkarte","status":"publish","type":"product","link":"https:\/\/www.speedcube.nl\/de\/modellbau\/holzerne-stadt\/hoelzerne-stadt-weltkarte\/","title":{"rendered":"H\u00f6lzerne Stadt Weltkarte"},"content":{"rendered":"<p>H\u00e4ngen Sie diese Weltkarte an die Wand und behalten Sie den \u00dcberblick \u00fcber alle Orte, die Sie besucht haben. Die Weltkarte aus Holz ist dekorativ, lehrreich und praktisch! Sie k\u00f6nnen die Karte einf\u00e4rben, um Ihre Reisegeschichte zu enth\u00fcllen. Die aus umweltfreundlichen Materialien hergestellte Weltkarte aus Holz l\u00e4sst sich leicht zusammensetzen und mit dem mitgelieferten doppelseitigen Klebeband an der Wand befestigen. H\u00e4ngen Sie Ihre Weltkarte aus Holz in Ihr B\u00fcro, Ihr Kinderzimmer oder wo immer Sie m\u00f6chten. Im Kinderzimmer macht es pl\u00f6tzlich Spa\u00df, Geografie zu lernen, weil es eine sch\u00f6ne Karte gibt.<\/p>\n<p>Verpackung: Holzkiste<br \/>\nMaterial: umweltfreundliches Birkensperrholz<br \/>\nBefestigung: mit doppelseitigem Klebeband, kein Klebstoff erforderlich<\/p>\n<p>Anzahl der Teile: M = 31 \/ L = 31 \/ XL = 48<br \/>\nMa\u00dfe in cm: M = 57 x 38 cm \/ L = 83 x 55 cm \/ XL = 120 x 80 cm<br \/>\nHergestellt in: Polen<br \/>\nAlter: 14+<br \/>\nMaterial: Birkensperrholz<br \/>\nMontagezeit: 40 &#8211; 90 Minuten<\/p>\n","protected":false},"excerpt":{"rendered":"<p>HOLZSTADT<\/p>\n","protected":false},"featured_media":386939,"template":"","meta":{"_improvement_type_select":"improve_an_existing","_thumb_yes_seoaic":false,"_frame_yes_seoaic":false,"seoaic_generate_description":"","seoaic_improve_instructions_prompt":"","seoaic_rollback_content_improvement":"","seoaic_idea_thumbnail_generator":"","thumbnail_generated":false,"thumbnail_generate_prompt":"","seoaic_article_description":"","product-afmeting-lengte-mm":"","product-afmeting-breedte-mm":"","product-afmeting-hoogte-mm":""},"product_brand":[],"product_cat":[2851,1499,2558],"product_tag":[],"class_list":{"0":"post-427009","1":"product","2":"type-product","3":"status-publish","4":"has-post-thumbnail","6":"product_cat-holzerne-stadt","7":"product_cat-modellbau","8":"product_cat-aanbieding-de","9":"pa_merken-holzstadt","11":"first","12":"onbackorder","13":"sale","14":"taxable","15":"shipping-taxable","16":"purchasable","17":"product-type-variable"},"df_price":8.78,"df_sale_price":"","df_regular_price":8.78,"df_image_link":"https:\/\/www.speedcube.nl\/wp-content\/uploads\/2023\/06\/Productvisuals_Modelbouw-Wooden-City-world-map-xl-1-285x300.jpg","_links":{"self":[{"href":"https:\/\/www.speedcube.nl\/de\/wp-json\/wp\/v2\/product\/427009","targetHints":{"allow":["GET"]}}],"collection":[{"href":"https:\/\/www.speedcube.nl\/de\/wp-json\/wp\/v2\/product"}],"about":[{"href":"https:\/\/www.speedcube.nl\/de\/wp-json\/wp\/v2\/types\/product"}],"version-history":[{"count":0,"href":"https:\/\/www.speedcube.nl\/de\/wp-json\/wp\/v2\/product\/427009\/revisions"}],"wp:featuredmedia":[{"embeddable":true,"href":"https:\/\/www.speedcube.nl\/de\/wp-json\/wp\/v2\/media\/386939"}],"wp:attachment":[{"href":"https:\/\/www.speedcube.nl\/de\/wp-json\/wp\/v2\/media?parent=427009"}],"wp:term":[{"taxonomy":"product_brand","embeddable":true,"href":"https:\/\/www.speedcube.nl\/de\/wp-json\/wp\/v2\/product_brand?post=427009"},{"taxonomy":"product_cat","embeddable":true,"href":"https:\/\/www.speedcube.nl\/de\/wp-json\/wp\/v2\/product_cat?post=427009"},{"taxonomy":"product_tag","embeddable":true,"href":"https:\/\/www.speedcube.nl\/de\/wp-json\/wp\/v2\/product_tag?post=427009"}],"curies":[{"name":"wp","href":"https:\/\/api.w.org\/{rel}","templated":true}]}}