{"id":426999,"date":"2020-08-21T07:47:00","date_gmt":"2020-08-21T05:47:00","guid":{"rendered":"https:\/\/www.speedcube.nl\/unkategorisiert\/qiyi-qimeng-plus-3x3\/"},"modified":"2026-05-04T05:16:47","modified_gmt":"2026-05-04T03:16:47","slug":"qiyi-qimeng-plus-3x3","status":"publish","type":"product","link":"https:\/\/www.speedcube.nl\/de\/aanbieding-de\/qiyi-qimeng-plus-3x3\/","title":{"rendered":"Qiyi Qimeng Plus 3&#215;3"},"content":{"rendered":"<p>Der QiYi QiMeng Plus (90mm) 3&#215;3 ist ein gr\u00f6\u00dferer 3&#215;3, der trotz seiner gewaltigen Gr\u00f6\u00dfe sehr gut als Speedcube funktioniert. Zu jedermanns \u00dcberraschung schneidet und l\u00e4uft der QiMeng Plus sehr gut und l\u00e4sst sich leicht und schnell reparieren. Ein &#8222;normales&#8220; 3&#215;3 hat in der Regel eine Gr\u00f6\u00dfe von 56 mm (ist nicht enthalten).<\/p>\n","protected":false},"excerpt":{"rendered":"<p>QIYI<\/p>\n","protected":false},"featured_media":386531,"template":"","meta":{"_improvement_type_select":"improve_an_existing","_thumb_yes_seoaic":false,"_frame_yes_seoaic":false,"seoaic_generate_description":"","seoaic_improve_instructions_prompt":"","seoaic_rollback_content_improvement":"","seoaic_idea_thumbnail_generator":"","thumbnail_generated":false,"thumbnail_generate_prompt":"","seoaic_article_description":"","product-afmeting-lengte-mm":"","product-afmeting-breedte-mm":"","product-afmeting-hoogte-mm":""},"product_brand":[],"product_cat":[1235,1211,2558],"product_tag":[],"class_list":{"0":"post-426999","1":"product","2":"type-product","3":"status-publish","4":"has-post-thumbnail","6":"product_cat-qiyi-de","7":"product_cat-speedcube-de","8":"product_cat-aanbieding-de","9":"pa_merken-qiyi-de","11":"first","12":"instock","13":"sale","14":"taxable","15":"shipping-taxable","16":"purchasable","17":"product-type-simple"},"df_price":7.77,"df_sale_price":7.77,"df_regular_price":12.95,"df_image_link":"https:\/\/www.speedcube.nl\/wp-content\/uploads\/2023\/06\/Productvisuals_Speedcubes-QiYi-qimeng-plus-3\u00d73-1-285x300.jpg","_links":{"self":[{"href":"https:\/\/www.speedcube.nl\/de\/wp-json\/wp\/v2\/product\/426999","targetHints":{"allow":["GET"]}}],"collection":[{"href":"https:\/\/www.speedcube.nl\/de\/wp-json\/wp\/v2\/product"}],"about":[{"href":"https:\/\/www.speedcube.nl\/de\/wp-json\/wp\/v2\/types\/product"}],"version-history":[{"count":0,"href":"https:\/\/www.speedcube.nl\/de\/wp-json\/wp\/v2\/product\/426999\/revisions"}],"wp:featuredmedia":[{"embeddable":true,"href":"https:\/\/www.speedcube.nl\/de\/wp-json\/wp\/v2\/media\/386531"}],"wp:attachment":[{"href":"https:\/\/www.speedcube.nl\/de\/wp-json\/wp\/v2\/media?parent=426999"}],"wp:term":[{"taxonomy":"product_brand","embeddable":true,"href":"https:\/\/www.speedcube.nl\/de\/wp-json\/wp\/v2\/product_brand?post=426999"},{"taxonomy":"product_cat","embeddable":true,"href":"https:\/\/www.speedcube.nl\/de\/wp-json\/wp\/v2\/product_cat?post=426999"},{"taxonomy":"product_tag","embeddable":true,"href":"https:\/\/www.speedcube.nl\/de\/wp-json\/wp\/v2\/product_tag?post=426999"}],"curies":[{"name":"wp","href":"https:\/\/api.w.org\/{rel}","templated":true}]}}