{"id":426994,"date":"2020-09-21T16:10:00","date_gmt":"2020-09-21T14:10:00","guid":{"rendered":"https:\/\/www.speedcube.nl\/unkategorisiert\/sengso-mastermorphix-7x7\/"},"modified":"2026-05-10T05:04:28","modified_gmt":"2026-05-10T03:04:28","slug":"sengso-mastermorphix-7x7","status":"publish","type":"product","link":"https:\/\/www.speedcube.nl\/de\/speedcube-de\/megamorphix-de\/sengso-mastermorphix-7x7\/","title":{"rendered":"Sengso Mastermorphix 7&#215;7"},"content":{"rendered":"<p>Der Shengshou 7&#215;7 Mastermorphix ist der gr\u00f6\u00dfte in Serie gefertigte W\u00fcrfel. Teste deine 7&#215;7-F\u00e4higkeiten mit diesem W\u00fcrfel von ShengShou.<\/p>\n","protected":false},"excerpt":{"rendered":"<p>SENGSO<\/p>\n","protected":false},"featured_media":386801,"template":"","meta":{"_improvement_type_select":"improve_an_existing","_thumb_yes_seoaic":false,"_frame_yes_seoaic":false,"seoaic_generate_description":"","seoaic_improve_instructions_prompt":"","seoaic_rollback_content_improvement":"","seoaic_idea_thumbnail_generator":"","thumbnail_generated":false,"thumbnail_generate_prompt":"","seoaic_article_description":"","product-afmeting-lengte-mm":"","product-afmeting-breedte-mm":"","product-afmeting-hoogte-mm":""},"product_brand":[],"product_cat":[1897,2616,1778,1211],"product_tag":[],"class_list":{"0":"post-426994","1":"product","2":"type-product","3":"status-publish","4":"has-post-thumbnail","6":"product_cat-7x7-de","7":"product_cat-megamorphix-de","8":"product_cat-sengso-de","9":"product_cat-speedcube-de","10":"pa_merken-sengso-de","12":"first","13":"outofstock","14":"taxable","15":"shipping-taxable","16":"purchasable","17":"product-type-simple"},"df_price":32.95,"df_sale_price":"","df_regular_price":32.95,"df_image_link":"https:\/\/www.speedcube.nl\/wp-content\/uploads\/2023\/06\/Productvisuals_Speedcubes-SengSo-mastermorphix-7\u00d77-1-285x300.jpg","_links":{"self":[{"href":"https:\/\/www.speedcube.nl\/de\/wp-json\/wp\/v2\/product\/426994","targetHints":{"allow":["GET"]}}],"collection":[{"href":"https:\/\/www.speedcube.nl\/de\/wp-json\/wp\/v2\/product"}],"about":[{"href":"https:\/\/www.speedcube.nl\/de\/wp-json\/wp\/v2\/types\/product"}],"version-history":[{"count":0,"href":"https:\/\/www.speedcube.nl\/de\/wp-json\/wp\/v2\/product\/426994\/revisions"}],"wp:featuredmedia":[{"embeddable":true,"href":"https:\/\/www.speedcube.nl\/de\/wp-json\/wp\/v2\/media\/386801"}],"wp:attachment":[{"href":"https:\/\/www.speedcube.nl\/de\/wp-json\/wp\/v2\/media?parent=426994"}],"wp:term":[{"taxonomy":"product_brand","embeddable":true,"href":"https:\/\/www.speedcube.nl\/de\/wp-json\/wp\/v2\/product_brand?post=426994"},{"taxonomy":"product_cat","embeddable":true,"href":"https:\/\/www.speedcube.nl\/de\/wp-json\/wp\/v2\/product_cat?post=426994"},{"taxonomy":"product_tag","embeddable":true,"href":"https:\/\/www.speedcube.nl\/de\/wp-json\/wp\/v2\/product_tag?post=426994"}],"curies":[{"name":"wp","href":"https:\/\/api.w.org\/{rel}","templated":true}]}}