{"id":426985,"date":"2020-08-27T17:39:00","date_gmt":"2020-08-27T15:39:00","guid":{"rendered":"https:\/\/www.speedcube.nl\/unkategorisiert\/robotime-modern-3d-holz-tg306-kreuzfahrtschiff\/"},"modified":"2026-05-03T05:27:12","modified_gmt":"2026-05-03T03:27:12","slug":"robotime-modern-3d-holz-tg306-kreuzfahrtschiff","status":"publish","type":"product","link":"https:\/\/www.speedcube.nl\/de\/aanbieding-de\/robotime-modern-3d-holz-tg306-kreuzfahrtschiff\/","title":{"rendered":"Robotime Modern 3D Holz TG306 Kreuzfahrtschiff"},"content":{"rendered":"<p>Ein Kreuzfahrtschiff ist ein gro\u00dfes Passagierschiff, das speziell f\u00fcr die Bef\u00f6rderung und Unterhaltung der Passagiere auf einer Kreuzfahrt konzipiert ist. Mit diesem Modellbausatz k\u00f6nnen Sie es selbst bauen. Ein sehr sch\u00f6nes Aussehen mit feinen Details, es wird die beste Dekoration f\u00fcr Ihr Zuhause sein!<\/p>\n<p>Gewicht: 0,14 kg<br \/>\nMaterial : Zubeh\u00f6r, PlayWood<br \/>\nAlter: 8+<br \/>\nProdukt mm : 190 x 50 x 110 mm<br \/>\nVerpackung mm : 229 x 155 x 11,6 mm<br \/>\nAnzahl der St\u00fccke : 145<\/p>\n","protected":false},"excerpt":{"rendered":"<p>ROBOTIME<\/p>\n","protected":false},"featured_media":386659,"template":"","meta":{"_improvement_type_select":"improve_an_existing","_thumb_yes_seoaic":false,"_frame_yes_seoaic":false,"seoaic_generate_description":"","seoaic_improve_instructions_prompt":"","seoaic_rollback_content_improvement":"","seoaic_idea_thumbnail_generator":"","thumbnail_generated":false,"thumbnail_generate_prompt":"","seoaic_article_description":"","product-afmeting-lengte-mm":"","product-afmeting-breedte-mm":"","product-afmeting-hoogte-mm":""},"product_brand":[],"product_cat":[1499,1619,2558],"product_tag":[],"class_list":{"0":"post-426985","1":"product","2":"type-product","3":"status-publish","4":"has-post-thumbnail","6":"product_cat-modellbau","7":"product_cat-robotime-de","8":"product_cat-aanbieding-de","9":"pa_merken-robotime-de","11":"first","12":"instock","13":"sale","14":"taxable","15":"shipping-taxable","16":"purchasable","17":"product-type-simple"},"df_price":4,"df_sale_price":4,"df_regular_price":9.99,"df_image_link":"https:\/\/www.speedcube.nl\/wp-content\/uploads\/2023\/06\/Productvisuals_Modelbouw-Robotime-modern-3d-wooden-tg306-cruiseschip-1-285x300.jpg","_links":{"self":[{"href":"https:\/\/www.speedcube.nl\/de\/wp-json\/wp\/v2\/product\/426985","targetHints":{"allow":["GET"]}}],"collection":[{"href":"https:\/\/www.speedcube.nl\/de\/wp-json\/wp\/v2\/product"}],"about":[{"href":"https:\/\/www.speedcube.nl\/de\/wp-json\/wp\/v2\/types\/product"}],"version-history":[{"count":0,"href":"https:\/\/www.speedcube.nl\/de\/wp-json\/wp\/v2\/product\/426985\/revisions"}],"wp:featuredmedia":[{"embeddable":true,"href":"https:\/\/www.speedcube.nl\/de\/wp-json\/wp\/v2\/media\/386659"}],"wp:attachment":[{"href":"https:\/\/www.speedcube.nl\/de\/wp-json\/wp\/v2\/media?parent=426985"}],"wp:term":[{"taxonomy":"product_brand","embeddable":true,"href":"https:\/\/www.speedcube.nl\/de\/wp-json\/wp\/v2\/product_brand?post=426985"},{"taxonomy":"product_cat","embeddable":true,"href":"https:\/\/www.speedcube.nl\/de\/wp-json\/wp\/v2\/product_cat?post=426985"},{"taxonomy":"product_tag","embeddable":true,"href":"https:\/\/www.speedcube.nl\/de\/wp-json\/wp\/v2\/product_tag?post=426985"}],"curies":[{"name":"wp","href":"https:\/\/api.w.org\/{rel}","templated":true}]}}