{"id":426981,"date":"2020-08-21T08:07:00","date_gmt":"2020-08-21T06:07:00","guid":{"rendered":"https:\/\/www.speedcube.nl\/unkategorisiert\/qiyi-zeitschaltuhr\/"},"modified":"2026-04-30T05:11:22","modified_gmt":"2026-04-30T03:11:22","slug":"qiyi-zeitschaltuhr","status":"publish","type":"product","link":"https:\/\/www.speedcube.nl\/de\/speedcube-de\/zeitschaltuhren\/qiyi-zeitschaltuhr\/","title":{"rendered":"Qiyi Zeitschaltuhr"},"content":{"rendered":"<p>Qiyi hat ein brandneues Design, das diesen Timer von den derzeit auf dem Markt erh\u00e4ltlichen unterscheidet. Bei herk\u00f6mmlichen Zeitschaltuhren sind die internen Komponenten getrennt, was sie sehr anf\u00e4llig f\u00fcr Besch\u00e4digungen macht, w\u00e4hrend Qiyi seine eigenen Komponenten direkt auf die Platine geschwei\u00dft hat, was eine wesentlich zuverl\u00e4ssigere Verbindung erm\u00f6glicht.<\/p>\n<p>Der Qiyi Timer wird mit dem Big Display von Qiyi kompatibel sein, das sp\u00e4ter in diesem Jahr auf den Markt kommen wird.<\/p>\n","protected":false},"excerpt":{"rendered":"<p>QIYI<\/p>\n","protected":false},"featured_media":386603,"template":"","meta":{"_improvement_type_select":"improve_an_existing","_thumb_yes_seoaic":false,"_frame_yes_seoaic":false,"seoaic_generate_description":"","seoaic_improve_instructions_prompt":"","seoaic_rollback_content_improvement":"","seoaic_idea_thumbnail_generator":"","thumbnail_generated":false,"thumbnail_generate_prompt":"","seoaic_article_description":"","product-afmeting-lengte-mm":"","product-afmeting-breedte-mm":"","product-afmeting-hoogte-mm":""},"product_brand":[],"product_cat":[1235,1211,1987],"product_tag":[],"class_list":{"0":"post-426981","1":"product","2":"type-product","3":"status-publish","4":"has-post-thumbnail","6":"product_cat-qiyi-de","7":"product_cat-speedcube-de","8":"product_cat-zeitschaltuhren","9":"pa_merken-qiyi-de","11":"first","12":"instock","13":"taxable","14":"shipping-taxable","15":"purchasable","16":"product-type-simple"},"df_price":19.95,"df_sale_price":"","df_regular_price":19.95,"df_image_link":"https:\/\/www.speedcube.nl\/wp-content\/uploads\/2023\/06\/Productvisuals_Speedcubes-QiYi-timer-1-285x300.jpg","_links":{"self":[{"href":"https:\/\/www.speedcube.nl\/de\/wp-json\/wp\/v2\/product\/426981","targetHints":{"allow":["GET"]}}],"collection":[{"href":"https:\/\/www.speedcube.nl\/de\/wp-json\/wp\/v2\/product"}],"about":[{"href":"https:\/\/www.speedcube.nl\/de\/wp-json\/wp\/v2\/types\/product"}],"version-history":[{"count":0,"href":"https:\/\/www.speedcube.nl\/de\/wp-json\/wp\/v2\/product\/426981\/revisions"}],"wp:featuredmedia":[{"embeddable":true,"href":"https:\/\/www.speedcube.nl\/de\/wp-json\/wp\/v2\/media\/386603"}],"wp:attachment":[{"href":"https:\/\/www.speedcube.nl\/de\/wp-json\/wp\/v2\/media?parent=426981"}],"wp:term":[{"taxonomy":"product_brand","embeddable":true,"href":"https:\/\/www.speedcube.nl\/de\/wp-json\/wp\/v2\/product_brand?post=426981"},{"taxonomy":"product_cat","embeddable":true,"href":"https:\/\/www.speedcube.nl\/de\/wp-json\/wp\/v2\/product_cat?post=426981"},{"taxonomy":"product_tag","embeddable":true,"href":"https:\/\/www.speedcube.nl\/de\/wp-json\/wp\/v2\/product_tag?post=426981"}],"curies":[{"name":"wp","href":"https:\/\/api.w.org\/{rel}","templated":true}]}}