{"id":426971,"date":"2020-10-08T17:42:00","date_gmt":"2020-10-08T15:42:00","guid":{"rendered":"https:\/\/www.speedcube.nl\/unkategorisiert\/hoelzerne-stadtbahn\/"},"modified":"2026-05-10T05:05:00","modified_gmt":"2026-05-10T03:05:00","slug":"hoelzerne-stadtbahn","status":"publish","type":"product","link":"https:\/\/www.speedcube.nl\/de\/modellbau\/holzerne-stadt\/hoelzerne-stadtbahn\/","title":{"rendered":"H\u00f6lzerne Stadtbahn"},"content":{"rendered":"<p>Die schienengebundene Stra\u00dfenbahn bringt Sie zur\u00fcck in die Vergangenheit. Diese sch\u00f6ne Stra\u00dfenbahnmodellierung mit Schienen und Weichen ist perfekt gestaltet, mit allen realistischen Details, an denen Sie Ihre Augen erfreuen werden. Die Stra\u00dfenbahn kann wirklich fahren; man stellt sie auf die Schienen, w\u00e4hlt die Richtung und l\u00e4sst sie die Weiche \u00fcberqueren. Durch einfaches Ziehen des Hebels schalten Sie die Weiche auf das andere Gleis um. Die wundersch\u00f6n detaillierten 3D-Puzzles aus Holz lassen die Herzen vieler Stra\u00dfenbahn- und Zugliebhaber h\u00f6her schlagen. Dieses Modell der Stra\u00dfenbahn is Line ist ein echtes Muss f\u00fcr alle Fans des Schienenverkehrs.<\/p>\n<p>Alle Teile sind wundersch\u00f6n detailliert. Ein Laserbrenner wurde eingesetzt, um die Elemente weiter zu versch\u00f6nern und sch\u00f6ne Details hinzuzuf\u00fcgen. Die Stra\u00dfenbahn- und Zugmodelle machen Sie und\/oder Ihre Kinder mit den verschiedenen Teilen vertraut. Dieses 3D-Puzzle ist ein tolles Geschenk f\u00fcr alle, die sich f\u00fcr Stra\u00dfenbahnen und Z\u00fcge begeistern.<\/p>\n<p>Spezifikationen:<br \/>\nAnzahl der Teile: 273<br \/>\nAbmessungen in cm: 18 x 8 x 15 cm<br \/>\nHergestellt in: Polen<br \/>\nAlter: 14+<br \/>\nMaterial: Birkensperrholz<br \/>\nMontagezeit: 5 Stunden<\/p>\n","protected":false},"excerpt":{"rendered":"<p>HOLZSTADT<\/p>\n","protected":false},"featured_media":386979,"template":"","meta":{"_improvement_type_select":"improve_an_existing","_thumb_yes_seoaic":false,"_frame_yes_seoaic":false,"seoaic_generate_description":"","seoaic_improve_instructions_prompt":"","seoaic_rollback_content_improvement":"","seoaic_idea_thumbnail_generator":"","thumbnail_generated":false,"thumbnail_generate_prompt":"","seoaic_article_description":"","product-afmeting-lengte-mm":"","product-afmeting-breedte-mm":"","product-afmeting-hoogte-mm":""},"product_brand":[],"product_cat":[2851,1499,2558],"product_tag":[],"class_list":{"0":"post-426971","1":"product","2":"type-product","3":"status-publish","4":"has-post-thumbnail","6":"product_cat-holzerne-stadt","7":"product_cat-modellbau","8":"product_cat-aanbieding-de","9":"pa_merken-holzstadt","11":"first","12":"instock","13":"sale","14":"taxable","15":"shipping-taxable","16":"purchasable","17":"product-type-simple"},"df_price":19.98,"df_sale_price":19.98,"df_regular_price":49.95,"df_image_link":"https:\/\/www.speedcube.nl\/wp-content\/uploads\/2023\/06\/Productvisuals_Modelbouw-Wooden-City-tram-1-285x300.jpg","_links":{"self":[{"href":"https:\/\/www.speedcube.nl\/de\/wp-json\/wp\/v2\/product\/426971","targetHints":{"allow":["GET"]}}],"collection":[{"href":"https:\/\/www.speedcube.nl\/de\/wp-json\/wp\/v2\/product"}],"about":[{"href":"https:\/\/www.speedcube.nl\/de\/wp-json\/wp\/v2\/types\/product"}],"version-history":[{"count":0,"href":"https:\/\/www.speedcube.nl\/de\/wp-json\/wp\/v2\/product\/426971\/revisions"}],"wp:featuredmedia":[{"embeddable":true,"href":"https:\/\/www.speedcube.nl\/de\/wp-json\/wp\/v2\/media\/386979"}],"wp:attachment":[{"href":"https:\/\/www.speedcube.nl\/de\/wp-json\/wp\/v2\/media?parent=426971"}],"wp:term":[{"taxonomy":"product_brand","embeddable":true,"href":"https:\/\/www.speedcube.nl\/de\/wp-json\/wp\/v2\/product_brand?post=426971"},{"taxonomy":"product_cat","embeddable":true,"href":"https:\/\/www.speedcube.nl\/de\/wp-json\/wp\/v2\/product_cat?post=426971"},{"taxonomy":"product_tag","embeddable":true,"href":"https:\/\/www.speedcube.nl\/de\/wp-json\/wp\/v2\/product_tag?post=426971"}],"curies":[{"name":"wp","href":"https:\/\/api.w.org\/{rel}","templated":true}]}}