{"id":426968,"date":"2020-08-15T10:04:00","date_gmt":"2020-08-15T08:04:00","guid":{"rendered":"https:\/\/www.speedcube.nl\/unkategorisiert\/ugears-forschungsschiff\/"},"modified":"2026-04-28T05:00:20","modified_gmt":"2026-04-28T03:00:20","slug":"ugears-forschungsschiff","status":"publish","type":"product","link":"https:\/\/www.speedcube.nl\/de\/modellbau\/modellboote\/ugears-forschungsschiff\/","title":{"rendered":"Ugears Forschungsschiff"},"content":{"rendered":"<p>Es ist an der Zeit, den Anker zu lichten und mit dem neuen nautischen Modell von UGears, dem Forschungsschiff, mit Volldampf zu neuen Entdeckungen zu segeln. Inspiriert von wissenschaftlichen Dokumentarfilmen und Biografien von Entdeckern der Seefahrt. Das Forschungsschiff ist eine Reinkarnation mit der Kraft und Sch\u00f6nheit von Eisbrechern und Forschungsschiffen. Ihr neues Boot ist mit allem ausgestattet, was Sie f\u00fcr eine gr\u00fcndliche Forschung ben\u00f6tigen: einem Bathyscaaf, einem speziell f\u00fcr die Tiefseeforschung gebauten U-Boot, einem kleinen Motor und einem Rettungsboot, einer Absprungrampe und anderen interessanten Elementen, die man in echten Schiffen findet.<\/p>\n<p>Das Schiff ist mit einem Drehkran f\u00fcr die Verladung von Versorgungsg\u00fctern und den Einsatz des Bathyscaafs ausgestattet. Benutzen Sie den Kran, um den Bathyscaaf zu tauchen, oder heben Sie ihn aus der Tiefe und setzen Sie ihn auf eine spezielle, verl\u00e4ngerte Plattform. Sp\u00fcren Sie die salzige Brise auf Ihrem Weg zu zuk\u00fcnftigen Entdeckungen mit dem Forschungsschiff von UGears.<\/p>\n<p>Abmessungen: 38,5 x 11 x 25 cm<br \/>\nVerpackungsgr\u00f6\u00dfe: 37,8 x 17 x 4,2 cm<br \/>\nAnzahl der Teile: 575<br \/>\nGesch\u00e4tzte Montagezeit: 10 Stunden<\/p>\n","protected":false},"excerpt":{"rendered":"<p>UGEARS<\/p>\n","protected":false},"featured_media":386515,"template":"","meta":{"_improvement_type_select":"improve_an_existing","_thumb_yes_seoaic":false,"_frame_yes_seoaic":false,"seoaic_generate_description":"","seoaic_improve_instructions_prompt":"","seoaic_rollback_content_improvement":"","seoaic_idea_thumbnail_generator":"","thumbnail_generated":false,"thumbnail_generate_prompt":"","seoaic_article_description":"","product-afmeting-lengte-mm":"","product-afmeting-breedte-mm":"","product-afmeting-hoogte-mm":""},"product_brand":[],"product_cat":[1617,1500,1499,2011,1709,1713],"product_tag":[],"class_list":{"0":"post-426968","1":"product","2":"type-product","3":"status-publish","4":"has-post-thumbnail","6":"product_cat-baukasten-aus-holz","7":"product_cat-baukasten-fur-erwachsene","8":"product_cat-modellbau","9":"product_cat-modellboote","10":"product_cat-modellfahrzeuge","11":"product_cat-ugears-modellbau","12":"pa_merken-ugears-de","14":"first","15":"instock","16":"taxable","17":"shipping-taxable","18":"purchasable","19":"product-type-simple"},"df_price":59.95,"df_sale_price":"","df_regular_price":59.95,"df_image_link":"https:\/\/www.speedcube.nl\/wp-content\/uploads\/2023\/06\/Productvisuals_Modelbouw-Ugears-onderzoeksschip-1-285x300.jpg","_links":{"self":[{"href":"https:\/\/www.speedcube.nl\/de\/wp-json\/wp\/v2\/product\/426968","targetHints":{"allow":["GET"]}}],"collection":[{"href":"https:\/\/www.speedcube.nl\/de\/wp-json\/wp\/v2\/product"}],"about":[{"href":"https:\/\/www.speedcube.nl\/de\/wp-json\/wp\/v2\/types\/product"}],"version-history":[{"count":0,"href":"https:\/\/www.speedcube.nl\/de\/wp-json\/wp\/v2\/product\/426968\/revisions"}],"wp:featuredmedia":[{"embeddable":true,"href":"https:\/\/www.speedcube.nl\/de\/wp-json\/wp\/v2\/media\/386515"}],"wp:attachment":[{"href":"https:\/\/www.speedcube.nl\/de\/wp-json\/wp\/v2\/media?parent=426968"}],"wp:term":[{"taxonomy":"product_brand","embeddable":true,"href":"https:\/\/www.speedcube.nl\/de\/wp-json\/wp\/v2\/product_brand?post=426968"},{"taxonomy":"product_cat","embeddable":true,"href":"https:\/\/www.speedcube.nl\/de\/wp-json\/wp\/v2\/product_cat?post=426968"},{"taxonomy":"product_tag","embeddable":true,"href":"https:\/\/www.speedcube.nl\/de\/wp-json\/wp\/v2\/product_tag?post=426968"}],"curies":[{"name":"wp","href":"https:\/\/api.w.org\/{rel}","templated":true}]}}