{"id":426965,"date":"2020-10-09T06:32:00","date_gmt":"2020-10-09T04:32:00","guid":{"rendered":"https:\/\/www.speedcube.nl\/unkategorisiert\/robotime-miniaturhaus-nancys-bakery-shop-dg143\/"},"modified":"2026-05-01T05:01:00","modified_gmt":"2026-05-01T03:01:00","slug":"robotime-miniaturhaus-nancys-bakery-shop-dg143","status":"publish","type":"product","link":"https:\/\/www.speedcube.nl\/de\/modellbau\/modellierung-von-miniaturhausern\/robotime-miniaturhaus-nancys-bakery-shop-dg143\/","title":{"rendered":"Robotime Miniaturhaus Nancy&#8217;s Bakery Shop DG143"},"content":{"rendered":"<p>Robotime Nancy&#8217;s Bake Shop DG143 f\u00e4ngt einen s\u00fc\u00dfen Moment in einer allt\u00e4glichen B\u00e4ckerei ein. Kuchen und Donuts und andere Mini-M\u00f6bel mit den eigenen H\u00e4nden herstellen. Sie werden eine entspannende Zeit mit der Fertigstellung eines Kunstwerks haben! Dieses Mini-Modell-Puppenhaus ist sehr gut verarbeitet, mit einem Miniaturma\u00dfstab von etwa 1:24. Alle Teile werden in separaten Beuteln geliefert, und es gibt eine farbenfrohe Schritt-f\u00fcr-Schritt-Anleitung, die sehr gut zu lesen und sehr \u00fcbersichtlich ist. Die Materialien des Bausatzes sind umweltfreundlich und haben keine Grate.<\/p>\n<p>Mit diesem Modellbaukasten aus Holz werden Sie sich in das Kunsthandwerk verlieben. In der M\u00f6bel-Suite sind einfach zu n\u00e4hen, auch wenn Sie ein Anf\u00e4nger sind, folgen Sie den Schritten, um es zu tun, wird es nicht zu schwierig sein. Man kann es selbst planen, zwei Stunden am Tag damit verbringen, es zusammenzubauen, sich daran halten, nicht nur gute Gewohnheiten entwickeln, sondern auch ein \u00fcberraschendes Spielzeughaus bauen.<\/p>\n<p>Um sie aufzubauen, ist Geduld der ultimative Schl\u00fcssel zum Erfolg. Es kann mit der Familie, Freunden und Bekannten zusammengebracht werden, um den Spa\u00df am Basteln zu erleben. Ein Gef\u00fchl der Befriedigung wird sich einstellen, wenn es fertig ist. Nach dem Einschalten des Lichts ist es ein gem\u00fctlicher, niedlicher Raum, den man sich ansehen kann.<\/p>\n<p>Das Puppenhausmaterial ist pr\u00e4zise, also verschwende es nicht bei jedem Schritt und verwende es gem\u00e4\u00df der Anleitung, sonst wird es zu einem Mangel an den fertigen Teilen f\u00fchren. Lassen Sie sich nicht entmutigen, wenn etwas im Bausatz kaputt ist, sondern nutzen Sie Ihre Fantasie, um es zu reparieren. (Kleber, Farbe oder Batterie nicht enthalten)<\/p>\n<p>Gewicht: 2,5 kg<br \/>\nMaterial : Zubeh\u00f6r, Pinsel, Staub, LED-Licht, Metall, Papier, Kunststoff, Holz<br \/>\nAlter: 14+<br \/>\nProdukt mm : 172 x 195 x 184 mm<br \/>\nVerpackungsgr\u00f6\u00dfe: 324 x 210 x 74 mm<br \/>\nMontagezeit : 12 Stunden<\/p>\n","protected":false},"excerpt":{"rendered":"<p>ROBOTIME<\/p>\n","protected":false},"featured_media":387039,"template":"","meta":{"_improvement_type_select":"improve_an_existing","_thumb_yes_seoaic":false,"_frame_yes_seoaic":false,"seoaic_generate_description":"","seoaic_improve_instructions_prompt":"","seoaic_rollback_content_improvement":"","seoaic_idea_thumbnail_generator":"","thumbnail_generated":false,"thumbnail_generate_prompt":"","seoaic_article_description":"","product-afmeting-lengte-mm":"","product-afmeting-breedte-mm":"","product-afmeting-hoogte-mm":""},"product_brand":[],"product_cat":[1617,1500,1636,1499,1638,1619],"product_tag":[],"class_list":{"0":"post-426965","1":"product","2":"type-product","3":"status-publish","4":"has-post-thumbnail","6":"product_cat-baukasten-aus-holz","7":"product_cat-baukasten-fur-erwachsene","8":"product_cat-baukasten-fur-kinder","9":"product_cat-modellbau","10":"product_cat-modellierung-von-miniaturhausern","11":"product_cat-robotime-de","12":"pa_merken-robotime-de","14":"first","15":"instock","16":"taxable","17":"shipping-taxable","18":"purchasable","19":"product-type-simple"},"df_price":39.99,"df_sale_price":"","df_regular_price":39.99,"df_image_link":"https:\/\/www.speedcube.nl\/wp-content\/uploads\/2023\/06\/Productvisuals_Modelbouw-Robotime-miniatuur-huisje-nancys-bakkerij-shop-1-285x300.jpg","_links":{"self":[{"href":"https:\/\/www.speedcube.nl\/de\/wp-json\/wp\/v2\/product\/426965","targetHints":{"allow":["GET"]}}],"collection":[{"href":"https:\/\/www.speedcube.nl\/de\/wp-json\/wp\/v2\/product"}],"about":[{"href":"https:\/\/www.speedcube.nl\/de\/wp-json\/wp\/v2\/types\/product"}],"version-history":[{"count":0,"href":"https:\/\/www.speedcube.nl\/de\/wp-json\/wp\/v2\/product\/426965\/revisions"}],"wp:featuredmedia":[{"embeddable":true,"href":"https:\/\/www.speedcube.nl\/de\/wp-json\/wp\/v2\/media\/387039"}],"wp:attachment":[{"href":"https:\/\/www.speedcube.nl\/de\/wp-json\/wp\/v2\/media?parent=426965"}],"wp:term":[{"taxonomy":"product_brand","embeddable":true,"href":"https:\/\/www.speedcube.nl\/de\/wp-json\/wp\/v2\/product_brand?post=426965"},{"taxonomy":"product_cat","embeddable":true,"href":"https:\/\/www.speedcube.nl\/de\/wp-json\/wp\/v2\/product_cat?post=426965"},{"taxonomy":"product_tag","embeddable":true,"href":"https:\/\/www.speedcube.nl\/de\/wp-json\/wp\/v2\/product_tag?post=426965"}],"curies":[{"name":"wp","href":"https:\/\/api.w.org\/{rel}","templated":true}]}}