{"id":426899,"date":"2024-08-01T10:00:00","date_gmt":"2024-08-01T08:00:00","guid":{"rendered":"https:\/\/www.speedcube.nl\/unkategorisiert\/rubiks-verbunden\/"},"modified":"2026-05-03T05:26:01","modified_gmt":"2026-05-03T03:26:01","slug":"rubiks-verbunden","status":"publish","type":"product","link":"https:\/\/www.speedcube.nl\/de\/speedcube-de\/rubiks-de\/rubiks-verbunden\/","title":{"rendered":"Rubik&#8217;s Connected Pro"},"content":{"rendered":"<p>Rubik&#8217;s Connected Pro ist ein unglaublicher intelligenter W\u00fcrfel, der sich mit der Connected App verbindet. Mit der App k\u00f6nnen Sie jede &#8222;Drehung und Wendung&#8220; verfolgen, lernen und sich verbessern, Spiele spielen oder sogar an globalen Herausforderungen und Ranglisten teilnehmen. Die Entwicklung von Rubiks in der Spielewelt. Verbinde dein Handy oder Tablet mit dem Connected Cube und er\u00f6ffne eine neue Dimension, um den W\u00fcrfel zu l\u00f6sen. Lernen Sie mit praktischen Tipps, Tricks und interaktiven Anleitungen, wie Sie den kultigen Rubik&#8217;s Cube l\u00f6sen k\u00f6nnen. Sobald Sie das L\u00f6sen gemeistert haben, nutzen Sie Statistiken und Analysen, um Ihre Geschwindigkeit zu verbessern und Ihre Leistungen und Fortschritte zu verfolgen. Tritt mit Cubern aus der ganzen Welt in Kontakt, fordere sie zu Live-Battles heraus und beobachte, wie dein Name in der globalen Rangliste steigt. Der neue Connected Cube und die dazugeh\u00f6rige App wurden in Zusammenarbeit mit GoCube (unter Verwendung der besten Smartcube-Technologie) entwickelt. SPEZIFIKATIONEN; Kann sich selbstst\u00e4ndig mit dem Internet verbinden: Nein F\u00fcr die gesamte Funktionalit\u00e4t ist eine App erforderlich: Ja Die App funktioniert mit folgenden Betriebssystemen: Android &amp; iOS Bluetooth erforderlich: Ja<\/p>\n","protected":false},"excerpt":{"rendered":"<p>RUBIK&#8217;S<\/p>\n","protected":false},"featured_media":478035,"template":"","meta":{"_improvement_type_select":"improve_an_existing","_thumb_yes_seoaic":false,"_frame_yes_seoaic":false,"seoaic_generate_description":"","seoaic_improve_instructions_prompt":"","seoaic_rollback_content_improvement":"","seoaic_idea_thumbnail_generator":"","thumbnail_generated":false,"thumbnail_generate_prompt":"","seoaic_article_description":"","product-afmeting-lengte-mm":"56","product-afmeting-breedte-mm":"56","product-afmeting-hoogte-mm":"56"},"product_brand":[],"product_cat":[1221,1843,1564,1211],"product_tag":[],"class_list":{"0":"post-426899","1":"product","2":"type-product","3":"status-publish","4":"has-post-thumbnail","6":"product_cat-3x3-de","7":"product_cat-rubiks-de","8":"product_cat-smartcubes-de","9":"product_cat-speedcube-de","10":"pa_merken-rubiks-de","12":"first","13":"instock","14":"taxable","15":"shipping-taxable","16":"purchasable","17":"product-type-simple"},"df_price":79.99,"df_sale_price":"","df_regular_price":79.99,"df_image_link":"https:\/\/www.speedcube.nl\/wp-content\/uploads\/2024\/07\/Productvisuals_Speedcubes-Rubiks-Connected-Pro--285x300.jpg","_links":{"self":[{"href":"https:\/\/www.speedcube.nl\/de\/wp-json\/wp\/v2\/product\/426899","targetHints":{"allow":["GET"]}}],"collection":[{"href":"https:\/\/www.speedcube.nl\/de\/wp-json\/wp\/v2\/product"}],"about":[{"href":"https:\/\/www.speedcube.nl\/de\/wp-json\/wp\/v2\/types\/product"}],"version-history":[{"count":0,"href":"https:\/\/www.speedcube.nl\/de\/wp-json\/wp\/v2\/product\/426899\/revisions"}],"wp:featuredmedia":[{"embeddable":true,"href":"https:\/\/www.speedcube.nl\/de\/wp-json\/wp\/v2\/media\/478035"}],"wp:attachment":[{"href":"https:\/\/www.speedcube.nl\/de\/wp-json\/wp\/v2\/media?parent=426899"}],"wp:term":[{"taxonomy":"product_brand","embeddable":true,"href":"https:\/\/www.speedcube.nl\/de\/wp-json\/wp\/v2\/product_brand?post=426899"},{"taxonomy":"product_cat","embeddable":true,"href":"https:\/\/www.speedcube.nl\/de\/wp-json\/wp\/v2\/product_cat?post=426899"},{"taxonomy":"product_tag","embeddable":true,"href":"https:\/\/www.speedcube.nl\/de\/wp-json\/wp\/v2\/product_tag?post=426899"}],"curies":[{"name":"wp","href":"https:\/\/api.w.org\/{rel}","templated":true}]}}