{"id":426891,"date":"2020-11-26T18:53:00","date_gmt":"2020-11-26T17:53:00","guid":{"rendered":"https:\/\/www.speedcube.nl\/unkategorisiert\/zeit-fuer-maschine-wunderschoenes-getriebe\/"},"modified":"2026-05-11T05:00:50","modified_gmt":"2026-05-11T03:00:50","slug":"zeit-fuer-maschine-wunderschoenes-getriebe","status":"publish","type":"product","link":"https:\/\/www.speedcube.nl\/de\/modellbau\/zeit-fur-maschine\/zeit-fuer-maschine-wunderschoenes-getriebe\/","title":{"rendered":"Zeit f\u00fcr Maschine Wundersch\u00f6nes Getriebe"},"content":{"rendered":"<p>Wir alle haben unsere kleinen Geheimnisse in dieser Welt, einige von uns haben Kisten mit Perlen und andere haben Kisten mit Tr\u00e4nen. Von nun an k\u00f6nnen Sie alle Ihre Geheimnisse in unserer stilvollen Gorgeous Gearbox aufbewahren. Es erinnert sich noch an die W\u00e4rme der H\u00e4nde unserer Erfinder, die bereit sind, Ihre Erinnerungen \u00e4ngstlich zu h\u00fcten. Er kann sogar neugierige Finger abbei\u00dfen! (Nein, nur ein Scherz.) Nehmen Sie dieses Modell in die Hand und sp\u00fcren Sie die unschuldige Freude, etwas Verborgenes zu haben.<\/p>\n<p>Ganz gleich, was Sie dort aufbewahren, Schmuck oder einige wertvolle Erinnerungen. Der Punkt ist, dass alle Ihre Geheimnisse nur Ihnen geh\u00f6ren sollten. Ein leichter Druck gen\u00fcgt, um den Mechanismus in Gang zu setzen und die R\u00e4der in Bewegung zu setzen. Der Deckel schlie\u00dft sich leicht unter seinem eigenen Gewicht.<\/p>\n<p>Material: polierter Edelstahl<br \/>\nAlter: 14+<br \/>\nProdukt mm : 112 \u0445 98.5 \u0445 110 mm<br \/>\nVerpackung mm : 328 \u0445 141 \u0445 26 mm<br \/>\nAnzahl der St\u00fccke : 48<\/p>\n","protected":false},"excerpt":{"rendered":"<p>ZEIT F\u00dcR MASCHINE<\/p>\n","protected":false},"featured_media":387613,"template":"","meta":{"_improvement_type_select":"improve_an_existing","_thumb_yes_seoaic":false,"_frame_yes_seoaic":false,"seoaic_generate_description":"","seoaic_improve_instructions_prompt":"","seoaic_rollback_content_improvement":"","seoaic_idea_thumbnail_generator":"","thumbnail_generated":false,"thumbnail_generate_prompt":"","seoaic_article_description":"","product-afmeting-lengte-mm":"","product-afmeting-breedte-mm":"","product-afmeting-hoogte-mm":""},"product_brand":[],"product_cat":[1499,2558,2824],"product_tag":[],"class_list":{"0":"post-426891","1":"product","2":"type-product","3":"status-publish","4":"has-post-thumbnail","6":"product_cat-modellbau","7":"product_cat-aanbieding-de","8":"product_cat-zeit-fur-maschine","9":"pa_merken-zeit-fur-maschine","11":"first","12":"instock","13":"sale","14":"taxable","15":"shipping-taxable","16":"purchasable","17":"product-type-simple"},"df_price":27.98,"df_sale_price":27.98,"df_regular_price":69.95,"df_image_link":"https:\/\/www.speedcube.nl\/wp-content\/uploads\/2023\/06\/Productvisuals_Modelbouw-Time-For-Machine-gorgeous-gearbox-1-285x300.jpg","_links":{"self":[{"href":"https:\/\/www.speedcube.nl\/de\/wp-json\/wp\/v2\/product\/426891","targetHints":{"allow":["GET"]}}],"collection":[{"href":"https:\/\/www.speedcube.nl\/de\/wp-json\/wp\/v2\/product"}],"about":[{"href":"https:\/\/www.speedcube.nl\/de\/wp-json\/wp\/v2\/types\/product"}],"version-history":[{"count":0,"href":"https:\/\/www.speedcube.nl\/de\/wp-json\/wp\/v2\/product\/426891\/revisions"}],"wp:featuredmedia":[{"embeddable":true,"href":"https:\/\/www.speedcube.nl\/de\/wp-json\/wp\/v2\/media\/387613"}],"wp:attachment":[{"href":"https:\/\/www.speedcube.nl\/de\/wp-json\/wp\/v2\/media?parent=426891"}],"wp:term":[{"taxonomy":"product_brand","embeddable":true,"href":"https:\/\/www.speedcube.nl\/de\/wp-json\/wp\/v2\/product_brand?post=426891"},{"taxonomy":"product_cat","embeddable":true,"href":"https:\/\/www.speedcube.nl\/de\/wp-json\/wp\/v2\/product_cat?post=426891"},{"taxonomy":"product_tag","embeddable":true,"href":"https:\/\/www.speedcube.nl\/de\/wp-json\/wp\/v2\/product_tag?post=426891"}],"curies":[{"name":"wp","href":"https:\/\/api.w.org\/{rel}","templated":true}]}}