{"id":426867,"date":"2020-11-18T09:51:00","date_gmt":"2020-11-18T08:51:00","guid":{"rendered":"https:\/\/www.speedcube.nl\/unkategorisiert\/logik-inka-pyramide\/"},"modified":"2026-05-13T05:11:18","modified_gmt":"2026-05-13T03:11:18","slug":"logik-inka-pyramide","status":"publish","type":"product","link":"https:\/\/www.speedcube.nl\/de\/stunt-bb-de\/logik-inka-pyramide\/","title":{"rendered":"Logik Inka-Pyramide"},"content":{"rendered":"<p>Zerlege die Pyramide, die aus 20 kniffligen Teilen und dem Holzsockel besteht, und baue sie zusammen. Dieses hoch aufragende Denkpuzzle w\u00e4re ein Diamant in Ihrer Privatsammlung und w\u00fcrde in Ihrem Regal oder auf Ihrem Tisch einen festen Platz einnehmen. Es ist auch eines der schwierigsten R\u00e4tsel wegen der Anzahl der Teile: 20!<\/p>\n<p>Alter: 12+<br \/>\nSchwierigkeitsgrad: 5 Sterne<br \/>\nDurchschnittliche L\u00f6sungszeit: 1 Stunde<br \/>\nAbmessungen: 150 x 150 x 90 mm<br \/>\nMaterial: Teak\/Gummiholz, handgefertigt in Thailand<\/p>\n","protected":false},"excerpt":{"rendered":"<p>LOGICA<\/p>\n","protected":false},"featured_media":387541,"template":"","meta":{"_improvement_type_select":"improve_an_existing","_thumb_yes_seoaic":false,"_frame_yes_seoaic":false,"seoaic_generate_description":"","seoaic_improve_instructions_prompt":"","seoaic_rollback_content_improvement":"","seoaic_idea_thumbnail_generator":"","thumbnail_generated":false,"thumbnail_generate_prompt":"","seoaic_article_description":"","product-afmeting-lengte-mm":"","product-afmeting-breedte-mm":"","product-afmeting-hoogte-mm":""},"product_brand":[],"product_cat":[1490,1795,1227,1244,1233,1237,2765,5227],"product_tag":[],"class_list":{"0":"post-426867","1":"product","2":"type-product","3":"status-publish","4":"has-post-thumbnail","6":"product_cat-5-sterne-oder-mehr-experte","7":"product_cat-holzerne-knobelaufgaben","8":"product_cat-knobelaufgaben","9":"product_cat-knobelaufgaben-de","10":"product_cat-knobelaufgaben-fur-erwachsene","11":"product_cat-knobelaufgaben-fur-kinder","12":"product_cat-logica-giochi-de","13":"product_cat-stunt-bb-de","14":"pa_merken-logica-de","16":"first","17":"instock","18":"taxable","19":"shipping-taxable","20":"purchasable","21":"product-type-simple"},"df_price":18.99,"df_sale_price":"","df_regular_price":18.99,"df_image_link":"https:\/\/www.speedcube.nl\/wp-content\/uploads\/2023\/06\/Productvisuals_Breinbrekers-Logica-Incas-Piramide1-1-285x300.jpg","_links":{"self":[{"href":"https:\/\/www.speedcube.nl\/de\/wp-json\/wp\/v2\/product\/426867","targetHints":{"allow":["GET"]}}],"collection":[{"href":"https:\/\/www.speedcube.nl\/de\/wp-json\/wp\/v2\/product"}],"about":[{"href":"https:\/\/www.speedcube.nl\/de\/wp-json\/wp\/v2\/types\/product"}],"version-history":[{"count":0,"href":"https:\/\/www.speedcube.nl\/de\/wp-json\/wp\/v2\/product\/426867\/revisions"}],"wp:featuredmedia":[{"embeddable":true,"href":"https:\/\/www.speedcube.nl\/de\/wp-json\/wp\/v2\/media\/387541"}],"wp:attachment":[{"href":"https:\/\/www.speedcube.nl\/de\/wp-json\/wp\/v2\/media?parent=426867"}],"wp:term":[{"taxonomy":"product_brand","embeddable":true,"href":"https:\/\/www.speedcube.nl\/de\/wp-json\/wp\/v2\/product_brand?post=426867"},{"taxonomy":"product_cat","embeddable":true,"href":"https:\/\/www.speedcube.nl\/de\/wp-json\/wp\/v2\/product_cat?post=426867"},{"taxonomy":"product_tag","embeddable":true,"href":"https:\/\/www.speedcube.nl\/de\/wp-json\/wp\/v2\/product_tag?post=426867"}],"curies":[{"name":"wp","href":"https:\/\/api.w.org\/{rel}","templated":true}]}}