{"id":426865,"date":"2020-11-26T19:02:00","date_gmt":"2020-11-26T18:02:00","guid":{"rendered":"https:\/\/www.speedcube.nl\/unkategorisiert\/zeit-fuer-maschine-niedlicher-doppeldecker\/"},"modified":"2026-05-03T05:27:12","modified_gmt":"2026-05-03T03:27:12","slug":"zeit-fuer-maschine-niedlicher-doppeldecker","status":"publish","type":"product","link":"https:\/\/www.speedcube.nl\/de\/modellbau\/zeit-fur-maschine\/zeit-fuer-maschine-niedlicher-doppeldecker\/","title":{"rendered":"Zeit f\u00fcr Maschine Niedlicher Doppeldecker"},"content":{"rendered":"<p>Die Eleganz der legend\u00e4ren Londoner Doppeldecker l\u00e4sst uns immer noch nostalgisch werden. Deshalb haben wir beschlossen, ihre Sch\u00f6nheit in Miniaturform nachzubilden. Die r\u00fchrende Verletzlichkeit unseres s\u00fc\u00dfen Doppeldeckers erobert die Herzen auf den ersten Blick. Man kann mit dem Finger dar\u00fcber fahren und sich das dumpfe Rattern der R\u00e4der auf den alten Pflastersteinen vorstellen. Sie werden seiner Perfektion nie \u00fcberdr\u00fcssig werden!<\/p>\n<p>Material: polierter Edelstahl<br \/>\nAlter: 14+<br \/>\nProdukt mm : 90 x 30 \u0445 52 mm<br \/>\nPackung mm : 171 \u0445 207.5 \u0445 5 mm<br \/>\nAnzahl der St\u00fccke : 79<\/p>\n","protected":false},"excerpt":{"rendered":"<p>ZEIT F\u00dcR MASCHINE<\/p>\n","protected":false},"featured_media":387629,"template":"","meta":{"_improvement_type_select":"improve_an_existing","_thumb_yes_seoaic":false,"_frame_yes_seoaic":false,"seoaic_generate_description":"","seoaic_improve_instructions_prompt":"","seoaic_rollback_content_improvement":"","seoaic_idea_thumbnail_generator":"","thumbnail_generated":false,"thumbnail_generate_prompt":"","seoaic_article_description":"","product-afmeting-lengte-mm":"","product-afmeting-breedte-mm":"","product-afmeting-hoogte-mm":""},"product_brand":[],"product_cat":[1499,2824,2558],"product_tag":[],"class_list":{"0":"post-426865","1":"product","2":"type-product","3":"status-publish","4":"has-post-thumbnail","6":"product_cat-modellbau","7":"product_cat-zeit-fur-maschine","8":"product_cat-aanbieding-de","9":"pa_merken-zeit-fur-maschine","11":"first","12":"instock","13":"sale","14":"taxable","15":"shipping-taxable","16":"purchasable","17":"product-type-simple"},"df_price":14.98,"df_sale_price":14.98,"df_regular_price":29.95,"df_image_link":"https:\/\/www.speedcube.nl\/wp-content\/uploads\/2023\/06\/Productvisuals_Modelbouw-Time-For-Machine-cute-doubledecker-1-285x300.jpg","_links":{"self":[{"href":"https:\/\/www.speedcube.nl\/de\/wp-json\/wp\/v2\/product\/426865","targetHints":{"allow":["GET"]}}],"collection":[{"href":"https:\/\/www.speedcube.nl\/de\/wp-json\/wp\/v2\/product"}],"about":[{"href":"https:\/\/www.speedcube.nl\/de\/wp-json\/wp\/v2\/types\/product"}],"version-history":[{"count":0,"href":"https:\/\/www.speedcube.nl\/de\/wp-json\/wp\/v2\/product\/426865\/revisions"}],"wp:featuredmedia":[{"embeddable":true,"href":"https:\/\/www.speedcube.nl\/de\/wp-json\/wp\/v2\/media\/387629"}],"wp:attachment":[{"href":"https:\/\/www.speedcube.nl\/de\/wp-json\/wp\/v2\/media?parent=426865"}],"wp:term":[{"taxonomy":"product_brand","embeddable":true,"href":"https:\/\/www.speedcube.nl\/de\/wp-json\/wp\/v2\/product_brand?post=426865"},{"taxonomy":"product_cat","embeddable":true,"href":"https:\/\/www.speedcube.nl\/de\/wp-json\/wp\/v2\/product_cat?post=426865"},{"taxonomy":"product_tag","embeddable":true,"href":"https:\/\/www.speedcube.nl\/de\/wp-json\/wp\/v2\/product_tag?post=426865"}],"curies":[{"name":"wp","href":"https:\/\/api.w.org\/{rel}","templated":true}]}}