{"id":426855,"date":"2020-11-05T15:59:00","date_gmt":"2020-11-05T14:59:00","guid":{"rendered":"https:\/\/www.speedcube.nl\/unkategorisiert\/gan-11-m-pro-3x3\/"},"modified":"2026-04-04T05:16:03","modified_gmt":"2026-04-04T03:16:03","slug":"gan-11-m-pro-3x3","status":"publish","type":"product","link":"https:\/\/www.speedcube.nl\/de\/aanbieding-de\/gan-11-m-pro-3x3\/","title":{"rendered":"Gan 11 M Pro 3&#215;3"},"content":{"rendered":"<p>Der GAN 11 M Pro ist das neue Flaggschiff des GAN 3&#215;3 magnetic speedcube 2020! Das wichtigste Merkmal des neuen GAN ist die Umstellung auf ein Kernmagnet-Positionierungssystem mit erstem Winkel. Dieses neue System besteht aus insgesamt 64 Magneten und unterscheidet sich in der Haptik deutlich von einem herk\u00f6mmlichen Eck-\/Kantenaufbau. Die Magnetst\u00e4rke des Kerns kann f\u00fcr leichtere oder st\u00e4rkere Magnete umgeschaltet werden, und die Eckst\u00fcckmagnete k\u00f6nnen durch Umschalten des &#8222;Schalters&#8220; zwischen leicht, mittel und stark f\u00fcr eine maximale Anpassung leicht eingestellt werden. Der gleiche doppelte Verstellkern, der urspr\u00fcnglich in der GAN XS zum Einsatz kam, findet sich nun auch in der 11 M Pro wieder und erm\u00f6glicht 24 verschiedene Verstellm\u00f6glichkeiten durch 4 Optionen f\u00fcr die Elastizit\u00e4tsmutter und 6 Optionen f\u00fcr die Federkompression.<\/p>\n<p>Neue Au\u00dfenanstriche:<br \/>\nDie<em><br \/>\n  <strong> Gefrostet<\/strong><br \/>\n<\/em> ist die Ausf\u00fchrung, die bei den letzten GAN-Ver\u00f6ffentlichungen verwendet wurde, und ist mit prim\u00e4ren oder schwarzen Kunststoff-Innenteilen erh\u00e4ltlich.<br \/>\nDie <strong><br \/>\n  <em>Weiche<\/em><br \/>\n<\/strong> Oberfl\u00e4che f\u00fchlt sich superweich und gummiartig an, \u00e4hnlich wie bei manchem Computerzubeh\u00f6r, bietet aber keinen sehr guten Halt. Ausschlie\u00dflich mit &#8222;prim\u00e4rer&#8220; Kunststoff-Innenausstattung erh\u00e4ltlich.<br \/>\nDie<em><br \/>\n  <strong> UV-Beschichtung<\/strong><br \/>\n<\/em> ist eine hochgl\u00e4nzende, griffige Oberfl\u00e4che, die widerstandsf\u00e4higer gegen Kratzer ist und nur mit &#8222;prim\u00e4ren&#8220; Kunststoffinnenseiten erh\u00e4ltlich ist.<\/p>\n<p>Zubeh\u00f6r GAN 11 M Pro:<br \/>\nGr\u00f6\u00dfe: 56 mm<br \/>\nGewicht: 63 Gramm<br \/>\nEin v\u00f6llig neu gestalteter und leichter zu \u00f6ffnender Karton.<br \/>\nGAN-W\u00fcrfel-Tasche<br \/>\nGAN-Brosch\u00fcre<br \/>\nErsatz GES mit Einstellwerkzeug<br \/>\nExtra Magnete mit Etui<br \/>\nSchraubenzieher<br \/>\nGAN-VIP-Karte<\/p>\n","protected":false},"excerpt":{"rendered":"<p>GAN<\/p>\n","protected":false},"featured_media":387327,"template":"","meta":{"_improvement_type_select":"improve_an_existing","_thumb_yes_seoaic":false,"_frame_yes_seoaic":false,"seoaic_generate_description":"","seoaic_improve_instructions_prompt":"","seoaic_rollback_content_improvement":"","seoaic_idea_thumbnail_generator":"","thumbnail_generated":false,"thumbnail_generate_prompt":"","seoaic_article_description":"","product-afmeting-lengte-mm":"","product-afmeting-breedte-mm":"","product-afmeting-hoogte-mm":""},"product_brand":[],"product_cat":[1221,1270,1211,2558],"product_tag":[],"class_list":{"0":"post-426855","1":"product","2":"type-product","3":"status-publish","4":"has-post-thumbnail","6":"product_cat-3x3-de","7":"product_cat-gan-de","8":"product_cat-speedcube-de","9":"product_cat-aanbieding-de","10":"pa_merken-gan-de","12":"first","13":"instock","14":"sale","15":"taxable","16":"shipping-taxable","17":"purchasable","18":"product-type-variable"},"df_price":41.24,"df_sale_price":"","df_regular_price":41.24,"df_image_link":"https:\/\/www.speedcube.nl\/wp-content\/uploads\/2023\/06\/Productvisuals_Speedcubes-GAN-11-m-pro-3\u00d73-285x300.jpg","_links":{"self":[{"href":"https:\/\/www.speedcube.nl\/de\/wp-json\/wp\/v2\/product\/426855","targetHints":{"allow":["GET"]}}],"collection":[{"href":"https:\/\/www.speedcube.nl\/de\/wp-json\/wp\/v2\/product"}],"about":[{"href":"https:\/\/www.speedcube.nl\/de\/wp-json\/wp\/v2\/types\/product"}],"version-history":[{"count":0,"href":"https:\/\/www.speedcube.nl\/de\/wp-json\/wp\/v2\/product\/426855\/revisions"}],"wp:featuredmedia":[{"embeddable":true,"href":"https:\/\/www.speedcube.nl\/de\/wp-json\/wp\/v2\/media\/387327"}],"wp:attachment":[{"href":"https:\/\/www.speedcube.nl\/de\/wp-json\/wp\/v2\/media?parent=426855"}],"wp:term":[{"taxonomy":"product_brand","embeddable":true,"href":"https:\/\/www.speedcube.nl\/de\/wp-json\/wp\/v2\/product_brand?post=426855"},{"taxonomy":"product_cat","embeddable":true,"href":"https:\/\/www.speedcube.nl\/de\/wp-json\/wp\/v2\/product_cat?post=426855"},{"taxonomy":"product_tag","embeddable":true,"href":"https:\/\/www.speedcube.nl\/de\/wp-json\/wp\/v2\/product_tag?post=426855"}],"curies":[{"name":"wp","href":"https:\/\/api.w.org\/{rel}","templated":true}]}}