{"id":426851,"date":"2020-11-26T18:43:00","date_gmt":"2020-11-26T17:43:00","guid":{"rendered":"https:\/\/www.speedcube.nl\/unkategorisiert\/zeit-fuer-maschine-starbreeze-explorer\/"},"modified":"2026-04-09T05:00:35","modified_gmt":"2026-04-09T03:00:35","slug":"zeit-fuer-maschine-starbreeze-explorer","status":"publish","type":"product","link":"https:\/\/www.speedcube.nl\/de\/modellbau\/zeit-fur-maschine\/zeit-fuer-maschine-starbreeze-explorer\/","title":{"rendered":"Zeit f\u00fcr Maschine Starbreeze Explorer"},"content":{"rendered":"<p>Das kalte Gl\u00fchen der Sterne ber\u00fchren, ohne Angst durch Zeit und Raum wandern. Unsere Legionen werden von Star-Lord Elon Musk angef\u00fchrt. Alle unsere Kreuzritter sind in silberne Raumanz\u00fcge gekleidet. Wir sprechen unsere Gebete, w\u00e4hrend David Bowie \u00fcber Weltrauminvasionen singt. Moderne Menschen sind nicht nur hoffnungslose Tr\u00e4umer, sondern auch unerm\u00fcdliche Entdecker. Bei der Arbeit an diesem Baukasten haben wir gegen die Schwerkraft gearbeitet. Wenn Sie bereits den s\u00fc\u00dfen Geschmack der Freiheit sp\u00fcren, machen Sie sich bereit, die Stratosph\u00e4re mit unserem Starbreeze Explorer zu erobern! Der Starbreeze Explorer hat eine Schiebet\u00fcr im Gep\u00e4ckraum. Das Shuttle ist von der Beschleunigereinheit abnehmbar und das ganze Schiff kann vom St\u00e4nder genommen werden.<\/p>\n<p>Material: polierter Edelstahl<br \/>\nAlter: 14+<br \/>\nProdukt mm : 253 \u0445 118 \u0445 212 mm<br \/>\nPackung mm : 357 \u0445 178 \u0445 35mm<br \/>\nAnzahl der St\u00fccke : 155<\/p>\n","protected":false},"excerpt":{"rendered":"<p>ZEIT F\u00dcR MASCHINE<\/p>\n","protected":false},"featured_media":387593,"template":"","meta":{"_improvement_type_select":"improve_an_existing","_thumb_yes_seoaic":false,"_frame_yes_seoaic":false,"seoaic_generate_description":"","seoaic_improve_instructions_prompt":"","seoaic_rollback_content_improvement":"","seoaic_idea_thumbnail_generator":"","thumbnail_generated":false,"thumbnail_generate_prompt":"","seoaic_article_description":"","product-afmeting-lengte-mm":"","product-afmeting-breedte-mm":"","product-afmeting-hoogte-mm":""},"product_brand":[],"product_cat":[1499,2824,2558],"product_tag":[],"class_list":{"0":"post-426851","1":"product","2":"type-product","3":"status-publish","4":"has-post-thumbnail","6":"product_cat-modellbau","7":"product_cat-zeit-fur-maschine","8":"product_cat-aanbieding-de","9":"pa_merken-zeit-fur-maschine","11":"first","12":"instock","13":"sale","14":"taxable","15":"shipping-taxable","16":"purchasable","17":"product-type-simple"},"df_price":44.98,"df_sale_price":44.98,"df_regular_price":89.95,"df_image_link":"https:\/\/www.speedcube.nl\/wp-content\/uploads\/2023\/06\/Productvisuals_Modelbouw-Time-For-Machine-starbreeze-explorer-1-285x300.jpg","_links":{"self":[{"href":"https:\/\/www.speedcube.nl\/de\/wp-json\/wp\/v2\/product\/426851","targetHints":{"allow":["GET"]}}],"collection":[{"href":"https:\/\/www.speedcube.nl\/de\/wp-json\/wp\/v2\/product"}],"about":[{"href":"https:\/\/www.speedcube.nl\/de\/wp-json\/wp\/v2\/types\/product"}],"version-history":[{"count":0,"href":"https:\/\/www.speedcube.nl\/de\/wp-json\/wp\/v2\/product\/426851\/revisions"}],"wp:featuredmedia":[{"embeddable":true,"href":"https:\/\/www.speedcube.nl\/de\/wp-json\/wp\/v2\/media\/387593"}],"wp:attachment":[{"href":"https:\/\/www.speedcube.nl\/de\/wp-json\/wp\/v2\/media?parent=426851"}],"wp:term":[{"taxonomy":"product_brand","embeddable":true,"href":"https:\/\/www.speedcube.nl\/de\/wp-json\/wp\/v2\/product_brand?post=426851"},{"taxonomy":"product_cat","embeddable":true,"href":"https:\/\/www.speedcube.nl\/de\/wp-json\/wp\/v2\/product_cat?post=426851"},{"taxonomy":"product_tag","embeddable":true,"href":"https:\/\/www.speedcube.nl\/de\/wp-json\/wp\/v2\/product_tag?post=426851"}],"curies":[{"name":"wp","href":"https:\/\/api.w.org\/{rel}","templated":true}]}}