{"id":426848,"date":"2020-12-07T12:48:00","date_gmt":"2020-12-07T11:48:00","guid":{"rendered":"https:\/\/www.speedcube.nl\/unkategorisiert\/yj-zhilong-mini-3x3-4x4-oder-5x5-aufkleberlos\/"},"modified":"2026-04-29T05:07:14","modified_gmt":"2026-04-29T03:07:14","slug":"yj-zhilong-mini-3x3-4x4-oder-5x5-aufkleberlos","status":"publish","type":"product","link":"https:\/\/www.speedcube.nl\/de\/aanbieding-de\/yj-zhilong-mini-3x3-4x4-oder-5x5-aufkleberlos\/","title":{"rendered":"YJ Zhilong Mini 3&#215;3, 4&#215;4 oder 5&#215;5 aufkleberlos"},"content":{"rendered":"<p><strong>3&#215;3:<\/strong> Der YJ Zhilong Mini 3&#215;3 ist ca. 6 mm kleiner als ein durchschnittlicher 3&#215;3, wodurch er viel kompakter ist, aber das Sch\u00f6ne ist, dass keine Kompromisse bei der Leistung gemacht wurden! Trotz seiner Gr\u00f6\u00dfe ist der ZhiLong ab Werk mit Magneten mittlerer St\u00e4rke ausgestattet und l\u00e4sst sich schnell und m\u00fchelos drehen.<\/p>\n<p><strong>4&#215;4: <\/strong>Der YJ Zhilong Mini 4&#215;4 ist ein neuer magnetischer Miniw\u00fcrfel. Mit einem Durchmesser von nur 56 mm (dieselbe Gr\u00f6\u00dfe wie die meisten herk\u00f6mmlichen 3x3er). YJ sorgt f\u00fcr ein geschicktes Gleichgewicht zwischen den st\u00e4rkeren Magneten der inneren Schicht und den leichteren Magneten der \u00e4u\u00dferen Schicht, um ein gutes Gef\u00fchl von Stabilit\u00e4t und Kontrolle zu vermitteln.<\/p>\n<p><strong>5&#215;5: <\/strong>Der YJ Zhilong Mini 5&#215;5 ist ein neuer magnetischer Miniw\u00fcrfel von YongJun Toys. Mit einem Durchmesser von nur 58 mm f\u00fchlt sich das ZhiChuang M schnell und spritzig an. YJs Wahl von st\u00e4rkeren Magneten in der inneren Schicht und leichteren Magneten in der \u00e4u\u00dferen Schicht verleiht dem ZhiChuang M eine gute Balance zwischen Stabilit\u00e4t und Drehfreiheit. Ideal f\u00fcr Menschen mit kleineren H\u00e4nden oder diejenigen, die kleinere W\u00fcrfel bevorzugen.<\/p>\n","protected":false},"excerpt":{"rendered":"<p>YJ<\/p>\n","protected":false},"featured_media":387697,"template":"","meta":{"_improvement_type_select":"improve_an_existing","_thumb_yes_seoaic":false,"_frame_yes_seoaic":false,"seoaic_generate_description":"","seoaic_improve_instructions_prompt":"","seoaic_rollback_content_improvement":"","seoaic_idea_thumbnail_generator":"","thumbnail_generated":false,"thumbnail_generate_prompt":"","seoaic_article_description":"","product-afmeting-lengte-mm":"","product-afmeting-breedte-mm":"","product-afmeting-hoogte-mm":""},"product_brand":[],"product_cat":[1221,1229,1872,2174,1211,2558],"product_tag":[],"class_list":{"0":"post-426848","1":"product","2":"type-product","3":"status-publish","4":"has-post-thumbnail","6":"product_cat-3x3-de","7":"product_cat-4x4-de","8":"product_cat-5x5-de","9":"product_cat-yj-de","10":"product_cat-speedcube-de","11":"product_cat-aanbieding-de","12":"pa_merken-yj-de","14":"first","15":"instock","16":"sale","17":"taxable","18":"shipping-taxable","19":"purchasable","20":"product-type-variable"},"df_price":9.99,"df_sale_price":"","df_regular_price":9.99,"df_image_link":"https:\/\/www.speedcube.nl\/wp-content\/uploads\/2023\/06\/Productvisuals_Speedcubes-Yj-zhilon-mini-1-285x300.jpg","_links":{"self":[{"href":"https:\/\/www.speedcube.nl\/de\/wp-json\/wp\/v2\/product\/426848","targetHints":{"allow":["GET"]}}],"collection":[{"href":"https:\/\/www.speedcube.nl\/de\/wp-json\/wp\/v2\/product"}],"about":[{"href":"https:\/\/www.speedcube.nl\/de\/wp-json\/wp\/v2\/types\/product"}],"version-history":[{"count":0,"href":"https:\/\/www.speedcube.nl\/de\/wp-json\/wp\/v2\/product\/426848\/revisions"}],"wp:featuredmedia":[{"embeddable":true,"href":"https:\/\/www.speedcube.nl\/de\/wp-json\/wp\/v2\/media\/387697"}],"wp:attachment":[{"href":"https:\/\/www.speedcube.nl\/de\/wp-json\/wp\/v2\/media?parent=426848"}],"wp:term":[{"taxonomy":"product_brand","embeddable":true,"href":"https:\/\/www.speedcube.nl\/de\/wp-json\/wp\/v2\/product_brand?post=426848"},{"taxonomy":"product_cat","embeddable":true,"href":"https:\/\/www.speedcube.nl\/de\/wp-json\/wp\/v2\/product_cat?post=426848"},{"taxonomy":"product_tag","embeddable":true,"href":"https:\/\/www.speedcube.nl\/de\/wp-json\/wp\/v2\/product_tag?post=426848"}],"curies":[{"name":"wp","href":"https:\/\/api.w.org\/{rel}","templated":true}]}}