{"id":426844,"date":"2020-12-31T09:43:00","date_gmt":"2020-12-31T08:43:00","guid":{"rendered":"https:\/\/www.speedcube.nl\/unkategorisiert\/qiyi-x-man-flare-2x2-m\/"},"modified":"2026-05-01T05:04:25","modified_gmt":"2026-05-01T03:04:25","slug":"qiyi-x-man-flare-2x2-m","status":"publish","type":"product","link":"https:\/\/www.speedcube.nl\/de\/speedcube-de\/2x2-de\/qiyi-x-man-flare-2x2-m\/","title":{"rendered":"Qiyi X-man Flare 2&#215;2 M"},"content":{"rendered":"<p>Das X-Man Flare 2&#215;2 M ist ein neues magnetisches 2&#215;2 von der QiYi-Untermarke X-Man Design. Der Flare ist der erste 2&#215;2 mit verstellbaren Magneten. Mit den einstellbaren Schaltern im roten, gr\u00fcnen und wei\u00dfen Teil verf\u00fcgt die Flare \u00fcber drei verschiedene magnetische Einstellungen, die von der Position der Schalter abh\u00e4ngen. Abgesehen von seinem eleganten und kreativen Anpassungssystem f\u00fchlt sich der Flare angenehm leicht und &#8222;knackig&#8220; an.<\/p>\n","protected":false},"excerpt":{"rendered":"<p>QIYI<\/p>\n","protected":false},"featured_media":387863,"template":"","meta":{"_improvement_type_select":"improve_an_existing","_thumb_yes_seoaic":false,"_frame_yes_seoaic":false,"seoaic_generate_description":"","seoaic_improve_instructions_prompt":"","seoaic_rollback_content_improvement":"","seoaic_idea_thumbnail_generator":"","thumbnail_generated":false,"thumbnail_generate_prompt":"","seoaic_article_description":"","product-afmeting-lengte-mm":"","product-afmeting-breedte-mm":"","product-afmeting-hoogte-mm":""},"product_brand":[],"product_cat":[1267,1235,1211],"product_tag":[],"class_list":{"0":"post-426844","1":"product","2":"type-product","3":"status-publish","4":"has-post-thumbnail","6":"product_cat-2x2-de","7":"product_cat-qiyi-de","8":"product_cat-speedcube-de","9":"pa_merken-qiyi-de","11":"first","12":"outofstock","13":"taxable","14":"shipping-taxable","15":"purchasable","16":"product-type-variable"},"df_price":19.95,"df_sale_price":"","df_regular_price":19.95,"df_image_link":"https:\/\/www.speedcube.nl\/wp-content\/uploads\/2023\/06\/Productvisuals_Speedcubes-qiyi-x-man-flare-2\u00d72-m2-3-285x300.jpg","_links":{"self":[{"href":"https:\/\/www.speedcube.nl\/de\/wp-json\/wp\/v2\/product\/426844","targetHints":{"allow":["GET"]}}],"collection":[{"href":"https:\/\/www.speedcube.nl\/de\/wp-json\/wp\/v2\/product"}],"about":[{"href":"https:\/\/www.speedcube.nl\/de\/wp-json\/wp\/v2\/types\/product"}],"version-history":[{"count":0,"href":"https:\/\/www.speedcube.nl\/de\/wp-json\/wp\/v2\/product\/426844\/revisions"}],"wp:featuredmedia":[{"embeddable":true,"href":"https:\/\/www.speedcube.nl\/de\/wp-json\/wp\/v2\/media\/387863"}],"wp:attachment":[{"href":"https:\/\/www.speedcube.nl\/de\/wp-json\/wp\/v2\/media?parent=426844"}],"wp:term":[{"taxonomy":"product_brand","embeddable":true,"href":"https:\/\/www.speedcube.nl\/de\/wp-json\/wp\/v2\/product_brand?post=426844"},{"taxonomy":"product_cat","embeddable":true,"href":"https:\/\/www.speedcube.nl\/de\/wp-json\/wp\/v2\/product_cat?post=426844"},{"taxonomy":"product_tag","embeddable":true,"href":"https:\/\/www.speedcube.nl\/de\/wp-json\/wp\/v2\/product_tag?post=426844"}],"curies":[{"name":"wp","href":"https:\/\/api.w.org\/{rel}","templated":true}]}}