{"id":426829,"date":"2020-12-31T09:59:00","date_gmt":"2020-12-31T08:59:00","guid":{"rendered":"https:\/\/www.speedcube.nl\/unkategorisiert\/qiyi-m-bundle-2x2-3x3-4x4-und-5x5\/"},"modified":"2026-04-14T05:04:44","modified_gmt":"2026-04-14T03:04:44","slug":"qiyi-m-bundle-2x2-3x3-4x4-und-5x5","status":"publish","type":"product","link":"https:\/\/www.speedcube.nl\/de\/speedcube-de\/5x5-de\/qiyi-m-bundle-2x2-3x3-4x4-und-5x5\/","title":{"rendered":"Qiyi M Bundle 2&#215;2, 3&#215;3, 4&#215;4 und 5&#215;5"},"content":{"rendered":"<p>Endlich ist es da, ein Bundle der Marke QiYi. Dieses Paket enth\u00e4lt die folgenden Speedcubes: 2\u00d72, 3\u00d73, 4\u00d74 und ein 5\u00d75. Wie jedes andere Paket hat es den Vorteil, dass es zu einem erm\u00e4\u00dfigten Preis angeboten wird.<\/p>\n","protected":false},"excerpt":{"rendered":"<p>QIYI<\/p>\n","protected":false},"featured_media":387903,"template":"","meta":{"_improvement_type_select":"improve_an_existing","_thumb_yes_seoaic":false,"_frame_yes_seoaic":false,"seoaic_generate_description":"","seoaic_improve_instructions_prompt":"","seoaic_rollback_content_improvement":"","seoaic_idea_thumbnail_generator":"","thumbnail_generated":false,"thumbnail_generate_prompt":"","seoaic_article_description":"","product-afmeting-lengte-mm":"","product-afmeting-breedte-mm":"","product-afmeting-hoogte-mm":""},"product_brand":[],"product_cat":[1267,1221,1229,1872,1235,1211],"product_tag":[],"class_list":{"0":"post-426829","1":"product","2":"type-product","3":"status-publish","4":"has-post-thumbnail","6":"product_cat-2x2-de","7":"product_cat-3x3-de","8":"product_cat-4x4-de","9":"product_cat-5x5-de","10":"product_cat-qiyi-de","11":"product_cat-speedcube-de","12":"pa_merken-qiyi-de","14":"first","15":"instock","16":"taxable","17":"shipping-taxable","18":"purchasable","19":"product-type-variable"},"df_price":39.95,"df_sale_price":"","df_regular_price":39.95,"df_image_link":"https:\/\/www.speedcube.nl\/wp-content\/uploads\/2023\/06\/Productvisuals_Speedcubes-qiyi-m-bundel-2\u00d72-3\u00d73-4\u00d74-en-5\u00d752-3-285x300.jpg","_links":{"self":[{"href":"https:\/\/www.speedcube.nl\/de\/wp-json\/wp\/v2\/product\/426829","targetHints":{"allow":["GET"]}}],"collection":[{"href":"https:\/\/www.speedcube.nl\/de\/wp-json\/wp\/v2\/product"}],"about":[{"href":"https:\/\/www.speedcube.nl\/de\/wp-json\/wp\/v2\/types\/product"}],"version-history":[{"count":0,"href":"https:\/\/www.speedcube.nl\/de\/wp-json\/wp\/v2\/product\/426829\/revisions"}],"wp:featuredmedia":[{"embeddable":true,"href":"https:\/\/www.speedcube.nl\/de\/wp-json\/wp\/v2\/media\/387903"}],"wp:attachment":[{"href":"https:\/\/www.speedcube.nl\/de\/wp-json\/wp\/v2\/media?parent=426829"}],"wp:term":[{"taxonomy":"product_brand","embeddable":true,"href":"https:\/\/www.speedcube.nl\/de\/wp-json\/wp\/v2\/product_brand?post=426829"},{"taxonomy":"product_cat","embeddable":true,"href":"https:\/\/www.speedcube.nl\/de\/wp-json\/wp\/v2\/product_cat?post=426829"},{"taxonomy":"product_tag","embeddable":true,"href":"https:\/\/www.speedcube.nl\/de\/wp-json\/wp\/v2\/product_tag?post=426829"}],"curies":[{"name":"wp","href":"https:\/\/api.w.org\/{rel}","templated":true}]}}