{"id":426816,"date":"2021-01-17T10:28:00","date_gmt":"2021-01-17T09:28:00","guid":{"rendered":"https:\/\/www.speedcube.nl\/unkategorisiert\/qiyi-flash-stapel-tassen-matte\/"},"modified":"2026-04-29T05:07:14","modified_gmt":"2026-04-29T03:07:14","slug":"qiyi-flash-stapel-tassen-matte","status":"publish","type":"product","link":"https:\/\/www.speedcube.nl\/de\/aanbieding-de\/qiyi-flash-stapel-tassen-matte\/","title":{"rendered":"Qiyi Flash Stapel Tassen Matte"},"content":{"rendered":"<p>QiYi Flash Stacks cups Mat ist eine neue, sehr attraktive W\u00fcrfelmatte, die Ihre W\u00fcrfel beim Hochgeschwindigkeitstraining oder bei Speed Cube Wettbewerben vor Besch\u00e4digungen sch\u00fctzt. Aufgrund seiner Gr\u00f6\u00dfe eignet es sich auch gut als Schreibtischunterlage oder Ersatzmauspad. Im Lieferumfang dieser Matte sind Befestigungsclips f\u00fcr die Zeitschaltuhr enthalten, so dass auch die Zeitschaltuhr bequem daran befestigt werden kann.<\/p>\n","protected":false},"excerpt":{"rendered":"<p>QIYI<\/p>\n","protected":false},"featured_media":388239,"template":"","meta":{"_improvement_type_select":"improve_an_existing","_thumb_yes_seoaic":false,"_frame_yes_seoaic":false,"seoaic_generate_description":"","seoaic_improve_instructions_prompt":"","seoaic_rollback_content_improvement":"","seoaic_idea_thumbnail_generator":"","thumbnail_generated":false,"thumbnail_generate_prompt":"","seoaic_article_description":"","product-afmeting-lengte-mm":"","product-afmeting-breedte-mm":"","product-afmeting-hoogte-mm":""},"product_brand":[],"product_cat":[2154,1235,1211,2558],"product_tag":[],"class_list":{"0":"post-426816","1":"product","2":"type-product","3":"status-publish","4":"has-post-thumbnail","6":"product_cat-mats-de","7":"product_cat-qiyi-de","8":"product_cat-speedcube-de","9":"product_cat-aanbieding-de","10":"pa_merken-qiyi-de","12":"first","13":"instock","14":"sale","15":"taxable","16":"shipping-taxable","17":"purchasable","18":"product-type-variable"},"df_price":13.46,"df_sale_price":"","df_regular_price":13.46,"df_image_link":"https:\/\/www.speedcube.nl\/wp-content\/uploads\/2023\/06\/Productvisuals_Speedcubes-QiYi-flash-stacks-cups-mat-1-285x300.jpg","_links":{"self":[{"href":"https:\/\/www.speedcube.nl\/de\/wp-json\/wp\/v2\/product\/426816","targetHints":{"allow":["GET"]}}],"collection":[{"href":"https:\/\/www.speedcube.nl\/de\/wp-json\/wp\/v2\/product"}],"about":[{"href":"https:\/\/www.speedcube.nl\/de\/wp-json\/wp\/v2\/types\/product"}],"version-history":[{"count":0,"href":"https:\/\/www.speedcube.nl\/de\/wp-json\/wp\/v2\/product\/426816\/revisions"}],"wp:featuredmedia":[{"embeddable":true,"href":"https:\/\/www.speedcube.nl\/de\/wp-json\/wp\/v2\/media\/388239"}],"wp:attachment":[{"href":"https:\/\/www.speedcube.nl\/de\/wp-json\/wp\/v2\/media?parent=426816"}],"wp:term":[{"taxonomy":"product_brand","embeddable":true,"href":"https:\/\/www.speedcube.nl\/de\/wp-json\/wp\/v2\/product_brand?post=426816"},{"taxonomy":"product_cat","embeddable":true,"href":"https:\/\/www.speedcube.nl\/de\/wp-json\/wp\/v2\/product_cat?post=426816"},{"taxonomy":"product_tag","embeddable":true,"href":"https:\/\/www.speedcube.nl\/de\/wp-json\/wp\/v2\/product_tag?post=426816"}],"curies":[{"name":"wp","href":"https:\/\/api.w.org\/{rel}","templated":true}]}}