{"id":426795,"date":"2021-01-09T18:46:00","date_gmt":"2021-01-09T17:46:00","guid":{"rendered":"https:\/\/www.speedcube.nl\/unkategorisiert\/gan-skewb-m-verbessert\/"},"modified":"2026-05-12T05:01:59","modified_gmt":"2026-05-12T03:01:59","slug":"gan-skewb-m-verbessert","status":"publish","type":"product","link":"https:\/\/www.speedcube.nl\/de\/speedcube-de\/skewb-de\/gan-skewb-m-verbessert\/","title":{"rendered":"Gan Skewb M Verbessert"},"content":{"rendered":"<p>Der GAN Skewb hat einen gro\u00dfen Fortschritt im Skewb-Mechanismus. Dieser Skewb hat viele der innovativen Merkmale, die GAN bekannt gemacht haben. Wie das GES-Spannsystem und das neue Kern-\/Eckenmagnetsystem, das k\u00fcrzlich eingef\u00fchrt wurde! Der GAN Skewb verf\u00fcgt \u00fcber ein verbessertes magnetisches Positionierungssystem.<\/p>\n","protected":false},"excerpt":{"rendered":"<p>GAN<\/p>\n","protected":false},"featured_media":388115,"template":"","meta":{"_improvement_type_select":"improve_an_existing","_thumb_yes_seoaic":false,"_frame_yes_seoaic":false,"seoaic_generate_description":"","seoaic_improve_instructions_prompt":"","seoaic_rollback_content_improvement":"","seoaic_idea_thumbnail_generator":"","thumbnail_generated":false,"thumbnail_generate_prompt":"","seoaic_article_description":"","product-afmeting-lengte-mm":"","product-afmeting-breedte-mm":"","product-afmeting-hoogte-mm":""},"product_brand":[],"product_cat":[1270,1339,1211],"product_tag":[],"class_list":{"0":"post-426795","1":"product","2":"type-product","3":"status-publish","4":"has-post-thumbnail","6":"product_cat-gan-de","7":"product_cat-skewb-de","8":"product_cat-speedcube-de","9":"pa_merken-gan-de","11":"first","12":"instock","13":"taxable","14":"shipping-taxable","15":"purchasable","16":"product-type-simple"},"df_price":28.99,"df_sale_price":"","df_regular_price":28.99,"df_image_link":"https:\/\/www.speedcube.nl\/wp-content\/uploads\/2023\/06\/Productvisuals_Speedcubes-GAN-skewb-m-enhanced-1-285x300.jpg","_links":{"self":[{"href":"https:\/\/www.speedcube.nl\/de\/wp-json\/wp\/v2\/product\/426795","targetHints":{"allow":["GET"]}}],"collection":[{"href":"https:\/\/www.speedcube.nl\/de\/wp-json\/wp\/v2\/product"}],"about":[{"href":"https:\/\/www.speedcube.nl\/de\/wp-json\/wp\/v2\/types\/product"}],"version-history":[{"count":0,"href":"https:\/\/www.speedcube.nl\/de\/wp-json\/wp\/v2\/product\/426795\/revisions"}],"wp:featuredmedia":[{"embeddable":true,"href":"https:\/\/www.speedcube.nl\/de\/wp-json\/wp\/v2\/media\/388115"}],"wp:attachment":[{"href":"https:\/\/www.speedcube.nl\/de\/wp-json\/wp\/v2\/media?parent=426795"}],"wp:term":[{"taxonomy":"product_brand","embeddable":true,"href":"https:\/\/www.speedcube.nl\/de\/wp-json\/wp\/v2\/product_brand?post=426795"},{"taxonomy":"product_cat","embeddable":true,"href":"https:\/\/www.speedcube.nl\/de\/wp-json\/wp\/v2\/product_cat?post=426795"},{"taxonomy":"product_tag","embeddable":true,"href":"https:\/\/www.speedcube.nl\/de\/wp-json\/wp\/v2\/product_tag?post=426795"}],"curies":[{"name":"wp","href":"https:\/\/api.w.org\/{rel}","templated":true}]}}