{"id":426755,"date":"2021-03-21T10:38:00","date_gmt":"2021-03-21T09:38:00","guid":{"rendered":"https:\/\/www.speedcube.nl\/unkategorisiert\/eco-wood-art-der-globus\/"},"modified":"2026-04-24T05:04:34","modified_gmt":"2026-04-24T03:04:34","slug":"eco-wood-art-der-globus","status":"publish","type":"product","link":"https:\/\/www.speedcube.nl\/de\/aanbieding-de\/eco-wood-art-der-globus\/","title":{"rendered":"Eco Wood Art Der Globus"},"content":{"rendered":"<p>Das lehrreiche 3D-Puzzle Globe zum Selberzusammenbauen. Das Modell erm\u00f6glicht es, die geografische Weltkarte mit den eigenen H\u00e4nden zusammenzusetzen und mehr \u00fcber die Erde zu erfahren, dank der Hauptmerkmale des Planeten, die im Set als Holzpuzzleteile enthalten sind. Der Globus ist mit einer verschl\u00fcsselten La ausgestattet, die durch einen versteckten Drehmechanismus ge\u00f6ffnet werden kann. Es sind zwei Farben erh\u00e4ltlich: blau und braun.<\/p>\n<p>Gewicht: 3,1 kg<br \/>\nMaterial : Holz<br \/>\nAlter: 14+<br \/>\nProdukt mm : 505 x 320 x 320 mm<br \/>\nVerpackungsgr\u00f6\u00dfe: 375 x 245 x 65 mm<br \/>\nAnzahl der St\u00fccke : 393<\/p>\n","protected":false},"excerpt":{"rendered":"<p>ECO WOOD ART<\/p>\n","protected":false},"featured_media":389323,"template":"","meta":{"_improvement_type_select":"improve_an_existing","_thumb_yes_seoaic":false,"_frame_yes_seoaic":false,"seoaic_generate_description":"","seoaic_improve_instructions_prompt":"","seoaic_rollback_content_improvement":"","seoaic_idea_thumbnail_generator":"","thumbnail_generated":false,"thumbnail_generate_prompt":"","seoaic_article_description":"","product-afmeting-lengte-mm":"","product-afmeting-breedte-mm":"","product-afmeting-hoogte-mm":""},"product_brand":[],"product_cat":[1499,2558],"product_tag":[],"class_list":{"0":"post-426755","1":"product","2":"type-product","3":"status-publish","4":"has-post-thumbnail","6":"product_cat-modellbau","7":"product_cat-aanbieding-de","8":"pa_merken-eco-wood-art-de","10":"first","11":"onbackorder","12":"sale","13":"taxable","14":"shipping-taxable","15":"purchasable","16":"product-type-variable"},"df_price":37.48,"df_sale_price":"","df_regular_price":37.48,"df_image_link":"https:\/\/www.speedcube.nl\/wp-content\/uploads\/2023\/06\/Productvisuals_Modelbouw-Eco-Wood-Art-de-wereldbol-1-285x300.jpg","_links":{"self":[{"href":"https:\/\/www.speedcube.nl\/de\/wp-json\/wp\/v2\/product\/426755","targetHints":{"allow":["GET"]}}],"collection":[{"href":"https:\/\/www.speedcube.nl\/de\/wp-json\/wp\/v2\/product"}],"about":[{"href":"https:\/\/www.speedcube.nl\/de\/wp-json\/wp\/v2\/types\/product"}],"version-history":[{"count":0,"href":"https:\/\/www.speedcube.nl\/de\/wp-json\/wp\/v2\/product\/426755\/revisions"}],"wp:featuredmedia":[{"embeddable":true,"href":"https:\/\/www.speedcube.nl\/de\/wp-json\/wp\/v2\/media\/389323"}],"wp:attachment":[{"href":"https:\/\/www.speedcube.nl\/de\/wp-json\/wp\/v2\/media?parent=426755"}],"wp:term":[{"taxonomy":"product_brand","embeddable":true,"href":"https:\/\/www.speedcube.nl\/de\/wp-json\/wp\/v2\/product_brand?post=426755"},{"taxonomy":"product_cat","embeddable":true,"href":"https:\/\/www.speedcube.nl\/de\/wp-json\/wp\/v2\/product_cat?post=426755"},{"taxonomy":"product_tag","embeddable":true,"href":"https:\/\/www.speedcube.nl\/de\/wp-json\/wp\/v2\/product_tag?post=426755"}],"curies":[{"name":"wp","href":"https:\/\/api.w.org\/{rel}","templated":true}]}}