{"id":426740,"date":"2021-03-14T15:29:00","date_gmt":"2021-03-14T14:29:00","guid":{"rendered":"https:\/\/www.speedcube.nl\/unkategorisiert\/eco-holz-kunst-maz-5309rr\/"},"modified":"2026-04-19T05:03:51","modified_gmt":"2026-04-19T03:03:51","slug":"eco-holz-kunst-maz-5309rr","status":"publish","type":"product","link":"https:\/\/www.speedcube.nl\/de\/aanbieding-de\/eco-holz-kunst-maz-5309rr\/","title":{"rendered":"Eco Holz Kunst Maz 5309RR"},"content":{"rendered":"<p>Mechanischer Bausatz MAZ 5309 RR &#8211; das Modell des Rallye-Trucks, hergestellt von EWA in Zusammenarbeit mit dem Automobilwerk Minsk. Das Modell verf\u00fcgt \u00fcber einen gummielastischen Motor, ein Freilaufgetriebe, drehbare R\u00e4der und einen Mechanismus mit Dreht\u00fcren. Dieses Modell ist in zwei Ma\u00dfst\u00e4ben erh\u00e4ltlich: 1:20 und 1:30.<\/p>\n<p><strong>1:30<\/strong><br \/>\nProdukt: 239 x 90 x 117 mm.<br \/>\nVerpackungsgr\u00f6\u00dfe: 245 x 188 x 35 mm.<br \/>\nAnzahl der St\u00fccke: 278.<\/p>\n<p><strong>1:20<\/strong><br \/>\nProdukt: 352 x 131 x 167 mm.<br \/>\nVerpackungsgr\u00f6\u00dfe: 375 x 243 x 30 mm.<br \/>\nAnzahl der St\u00fccke: 306.<\/p>\n","protected":false},"excerpt":{"rendered":"<p>ECO WOOD ART<\/p>\n","protected":false},"featured_media":389095,"template":"","meta":{"_improvement_type_select":"improve_an_existing","_thumb_yes_seoaic":false,"_frame_yes_seoaic":false,"seoaic_generate_description":"","seoaic_improve_instructions_prompt":"","seoaic_rollback_content_improvement":"","seoaic_idea_thumbnail_generator":"","thumbnail_generated":false,"thumbnail_generate_prompt":"","seoaic_article_description":"","product-afmeting-lengte-mm":"","product-afmeting-breedte-mm":"","product-afmeting-hoogte-mm":""},"product_brand":[],"product_cat":[1499,2558],"product_tag":[],"class_list":{"0":"post-426740","1":"product","2":"type-product","3":"status-publish","4":"has-post-thumbnail","6":"product_cat-modellbau","7":"product_cat-aanbieding-de","8":"pa_merken-eco-wood-art-de","10":"first","11":"onbackorder","12":"sale","13":"taxable","14":"shipping-taxable","15":"purchasable","16":"product-type-variable"},"df_price":18.75,"df_sale_price":"","df_regular_price":18.75,"df_image_link":"https:\/\/www.speedcube.nl\/wp-content\/uploads\/2023\/06\/Productvisuals_Modelbouw-Eco-Wood-Art-maz-5309rr-1-285x300.jpg","_links":{"self":[{"href":"https:\/\/www.speedcube.nl\/de\/wp-json\/wp\/v2\/product\/426740","targetHints":{"allow":["GET"]}}],"collection":[{"href":"https:\/\/www.speedcube.nl\/de\/wp-json\/wp\/v2\/product"}],"about":[{"href":"https:\/\/www.speedcube.nl\/de\/wp-json\/wp\/v2\/types\/product"}],"version-history":[{"count":0,"href":"https:\/\/www.speedcube.nl\/de\/wp-json\/wp\/v2\/product\/426740\/revisions"}],"wp:featuredmedia":[{"embeddable":true,"href":"https:\/\/www.speedcube.nl\/de\/wp-json\/wp\/v2\/media\/389095"}],"wp:attachment":[{"href":"https:\/\/www.speedcube.nl\/de\/wp-json\/wp\/v2\/media?parent=426740"}],"wp:term":[{"taxonomy":"product_brand","embeddable":true,"href":"https:\/\/www.speedcube.nl\/de\/wp-json\/wp\/v2\/product_brand?post=426740"},{"taxonomy":"product_cat","embeddable":true,"href":"https:\/\/www.speedcube.nl\/de\/wp-json\/wp\/v2\/product_cat?post=426740"},{"taxonomy":"product_tag","embeddable":true,"href":"https:\/\/www.speedcube.nl\/de\/wp-json\/wp\/v2\/product_tag?post=426740"}],"curies":[{"name":"wp","href":"https:\/\/api.w.org\/{rel}","templated":true}]}}