{"id":426730,"date":"2021-03-13T19:09:00","date_gmt":"2021-03-13T18:09:00","guid":{"rendered":"https:\/\/www.speedcube.nl\/unkategorisiert\/metall-erde-star-wars-stormtrooper\/"},"modified":"2026-05-03T05:27:32","modified_gmt":"2026-05-03T03:27:32","slug":"metall-erde-star-wars-stormtrooper","status":"publish","type":"product","link":"https:\/\/www.speedcube.nl\/de\/aanbieding-de\/metall-erde-star-wars-stormtrooper\/","title":{"rendered":"Metall Erde Star Wars Stormtrooper"},"content":{"rendered":"<p>Der Star Wars Stromtrooper besteht aus 2,5 d\u00fcnnen Blechen, aus denen die Teile dieses Artikels gelasert wurden. Falte, drehe oder schneide die Teile aus dem Blech und puzzle sie weg: Teil in die richtige Form falten, Lasche oder Stift durch einen Schlitz stecken, 2 Teile zusammenf\u00fcgen, Lasche falten und so weiter! Kleber ist nicht notwendig, aber Sie k\u00f6nnen eine feine Spitze und einen Cutter verwenden. Schritt-f\u00fcr-Schritt-Montage; Anleitungen sind immer enthalten.<\/p>\n<p>Anleitung PDF: ICX134<br \/>\nAnzahl der Bl\u00e4tter: 2,5 Bl\u00e4tter<br \/>\nSchwierigkeitsgrad: Herausfordernd<br \/>\nAbmessungen des Produkts: 6 x 7 x 17 cm<\/p>\n","protected":false},"excerpt":{"rendered":"<p>METALLERDE<\/p>\n","protected":false},"featured_media":388755,"template":"","meta":{"_improvement_type_select":"improve_an_existing","_thumb_yes_seoaic":false,"_frame_yes_seoaic":false,"seoaic_generate_description":"","seoaic_improve_instructions_prompt":"","seoaic_rollback_content_improvement":"","seoaic_idea_thumbnail_generator":"","thumbnail_generated":false,"thumbnail_generate_prompt":"","seoaic_article_description":"","product-afmeting-lengte-mm":"","product-afmeting-breedte-mm":"","product-afmeting-hoogte-mm":""},"product_brand":[],"product_cat":[1714,1499,2558],"product_tag":[],"class_list":{"0":"post-426730","1":"product","2":"type-product","3":"status-publish","4":"has-post-thumbnail","6":"product_cat-metall-erde","7":"product_cat-modellbau","8":"product_cat-aanbieding-de","9":"pa_merken-metallerde","11":"first","12":"instock","13":"sale","14":"taxable","15":"shipping-taxable","16":"purchasable","17":"product-type-simple"},"df_price":29.96,"df_sale_price":29.96,"df_regular_price":39.95,"df_image_link":"https:\/\/www.speedcube.nl\/wp-content\/uploads\/2023\/06\/Productvisuals_Modelbouw-Metal-Earth-star-wars-stormtrooper-1-285x300.jpg","_links":{"self":[{"href":"https:\/\/www.speedcube.nl\/de\/wp-json\/wp\/v2\/product\/426730","targetHints":{"allow":["GET"]}}],"collection":[{"href":"https:\/\/www.speedcube.nl\/de\/wp-json\/wp\/v2\/product"}],"about":[{"href":"https:\/\/www.speedcube.nl\/de\/wp-json\/wp\/v2\/types\/product"}],"version-history":[{"count":0,"href":"https:\/\/www.speedcube.nl\/de\/wp-json\/wp\/v2\/product\/426730\/revisions"}],"wp:featuredmedia":[{"embeddable":true,"href":"https:\/\/www.speedcube.nl\/de\/wp-json\/wp\/v2\/media\/388755"}],"wp:attachment":[{"href":"https:\/\/www.speedcube.nl\/de\/wp-json\/wp\/v2\/media?parent=426730"}],"wp:term":[{"taxonomy":"product_brand","embeddable":true,"href":"https:\/\/www.speedcube.nl\/de\/wp-json\/wp\/v2\/product_brand?post=426730"},{"taxonomy":"product_cat","embeddable":true,"href":"https:\/\/www.speedcube.nl\/de\/wp-json\/wp\/v2\/product_cat?post=426730"},{"taxonomy":"product_tag","embeddable":true,"href":"https:\/\/www.speedcube.nl\/de\/wp-json\/wp\/v2\/product_tag?post=426730"}],"curies":[{"name":"wp","href":"https:\/\/api.w.org\/{rel}","templated":true}]}}