{"id":426720,"date":"2021-03-13T19:43:00","date_gmt":"2021-03-13T18:43:00","guid":{"rendered":"https:\/\/www.speedcube.nl\/unkategorisiert\/metall-erde-u2-dragon-lady\/"},"modified":"2026-05-10T05:04:37","modified_gmt":"2026-05-10T03:04:37","slug":"metall-erde-u2-dragon-lady","status":"publish","type":"product","link":"https:\/\/www.speedcube.nl\/de\/modellbau\/modellflugzeuge\/metall-erde-u2-dragon-lady\/","title":{"rendered":"Metall Erde U2 Dragon Lady"},"content":{"rendered":"<p>Das Modell U-2 Dragon Lady\u00ae ist ein H\u00f6hen\u00fcberwachungsflugzeug, das f\u00fcr eine Flugh\u00f6he von 22.000 Fu\u00df ausgelegt ist und eine Fl\u00fcgelspannweite von 103 Fu\u00df hat. Die U-2\u00ae diente den Vereinigten Staaten w\u00e4hrend des Kalten Krieges und konnte weder vom Radar geortet noch in gro\u00dfer H\u00f6he abgeschossen werden.<\/p>\n<p>Anleitung PDF: MMS214<br \/>\nAnzahl der Bl\u00e4tter: 2 Bl\u00e4tter<br \/>\nAbmessungen des Produkts: 11,93 x 20,06 x 6,09 cm<\/p>\n","protected":false},"excerpt":{"rendered":"<p>METALLERDE<\/p>\n","protected":false},"featured_media":388815,"template":"","meta":{"_improvement_type_select":"improve_an_existing","_thumb_yes_seoaic":false,"_frame_yes_seoaic":false,"seoaic_generate_description":"","seoaic_improve_instructions_prompt":"","seoaic_rollback_content_improvement":"","seoaic_idea_thumbnail_generator":"","thumbnail_generated":false,"thumbnail_generate_prompt":"","seoaic_article_description":"","product-afmeting-lengte-mm":"","product-afmeting-breedte-mm":"","product-afmeting-hoogte-mm":""},"product_brand":[],"product_cat":[1500,1714,1720,1499,1709,1978],"product_tag":[],"class_list":{"0":"post-426720","1":"product","2":"type-product","3":"status-publish","4":"has-post-thumbnail","6":"product_cat-baukasten-fur-erwachsene","7":"product_cat-metall-erde","8":"product_cat-metallbaukasten","9":"product_cat-modellbau","10":"product_cat-modellfahrzeuge","11":"product_cat-modellflugzeuge","12":"pa_merken-metallerde","14":"first","15":"outofstock","16":"taxable","17":"shipping-taxable","18":"purchasable","19":"product-type-simple"},"df_price":17.95,"df_sale_price":"","df_regular_price":17.95,"df_image_link":"https:\/\/www.speedcube.nl\/wp-content\/uploads\/2023\/06\/Productvisuals_Modelbouw-Metal-Earth-u2-dragon-lady-1-285x300.jpg","_links":{"self":[{"href":"https:\/\/www.speedcube.nl\/de\/wp-json\/wp\/v2\/product\/426720","targetHints":{"allow":["GET"]}}],"collection":[{"href":"https:\/\/www.speedcube.nl\/de\/wp-json\/wp\/v2\/product"}],"about":[{"href":"https:\/\/www.speedcube.nl\/de\/wp-json\/wp\/v2\/types\/product"}],"version-history":[{"count":0,"href":"https:\/\/www.speedcube.nl\/de\/wp-json\/wp\/v2\/product\/426720\/revisions"}],"wp:featuredmedia":[{"embeddable":true,"href":"https:\/\/www.speedcube.nl\/de\/wp-json\/wp\/v2\/media\/388815"}],"wp:attachment":[{"href":"https:\/\/www.speedcube.nl\/de\/wp-json\/wp\/v2\/media?parent=426720"}],"wp:term":[{"taxonomy":"product_brand","embeddable":true,"href":"https:\/\/www.speedcube.nl\/de\/wp-json\/wp\/v2\/product_brand?post=426720"},{"taxonomy":"product_cat","embeddable":true,"href":"https:\/\/www.speedcube.nl\/de\/wp-json\/wp\/v2\/product_cat?post=426720"},{"taxonomy":"product_tag","embeddable":true,"href":"https:\/\/www.speedcube.nl\/de\/wp-json\/wp\/v2\/product_tag?post=426720"}],"curies":[{"name":"wp","href":"https:\/\/api.w.org\/{rel}","templated":true}]}}