{"id":426691,"date":"2021-03-28T08:15:00","date_gmt":"2021-03-28T06:15:00","guid":{"rendered":"https:\/\/www.speedcube.nl\/unkategorisiert\/eco-wood-art-tank-lowe\/"},"modified":"2026-04-18T05:00:24","modified_gmt":"2026-04-18T03:00:24","slug":"eco-wood-art-tank-lowe","status":"publish","type":"product","link":"https:\/\/www.speedcube.nl\/de\/aanbieding-de\/eco-wood-art-tank-lowe\/","title":{"rendered":"Eco Wood Art Tank Lowe"},"content":{"rendered":"<p>Dies ist ein Holzmodellbau des deutschen Panzers &#8211; Panzerkampfwagen VII Lowe. Es handelt sich um ein Raupenmodell der Milit\u00e4rartillerie, das mit einem Artillerieturm, beweglichen Luken und rollenden R\u00e4dern ausgestattet ist. F\u00fcr dieses Produkt wird Klebstoff ben\u00f6tigt, der jedoch nicht im Lieferumfang enthalten ist.<\/p>\n<p>Gewicht: 3,2 kg<br \/>\nMaterial : Holz<br \/>\nAlter: 14+<br \/>\nProdukt mm : 620 x 220 x 180 mm<br \/>\nVerpackungsgr\u00f6\u00dfe: 374 x 292 x 56 mm<br \/>\nAnzahl der St\u00fccke : 679<\/p>\n","protected":false},"excerpt":{"rendered":"<p>ECO WOOD ART<\/p>\n","protected":false},"featured_media":389699,"template":"","meta":{"_improvement_type_select":"improve_an_existing","_thumb_yes_seoaic":false,"_frame_yes_seoaic":false,"seoaic_generate_description":"","seoaic_improve_instructions_prompt":"","seoaic_rollback_content_improvement":"","seoaic_idea_thumbnail_generator":"","thumbnail_generated":false,"thumbnail_generate_prompt":"","seoaic_article_description":"","product-afmeting-lengte-mm":"","product-afmeting-breedte-mm":"","product-afmeting-hoogte-mm":""},"product_brand":[],"product_cat":[1499,2558],"product_tag":[],"class_list":{"0":"post-426691","1":"product","2":"type-product","3":"status-publish","4":"has-post-thumbnail","6":"product_cat-modellbau","7":"product_cat-aanbieding-de","8":"pa_merken-eco-wood-art-de","10":"first","11":"instock","12":"sale","13":"taxable","14":"shipping-taxable","15":"purchasable","16":"product-type-simple"},"df_price":27.475,"df_sale_price":27.475,"df_regular_price":54.95,"df_image_link":"https:\/\/www.speedcube.nl\/wp-content\/uploads\/2023\/06\/Productvisuals_Modelbouw-Eco-Wood-Art-tank-lowe-1-1-285x300.jpg","_links":{"self":[{"href":"https:\/\/www.speedcube.nl\/de\/wp-json\/wp\/v2\/product\/426691","targetHints":{"allow":["GET"]}}],"collection":[{"href":"https:\/\/www.speedcube.nl\/de\/wp-json\/wp\/v2\/product"}],"about":[{"href":"https:\/\/www.speedcube.nl\/de\/wp-json\/wp\/v2\/types\/product"}],"version-history":[{"count":0,"href":"https:\/\/www.speedcube.nl\/de\/wp-json\/wp\/v2\/product\/426691\/revisions"}],"wp:featuredmedia":[{"embeddable":true,"href":"https:\/\/www.speedcube.nl\/de\/wp-json\/wp\/v2\/media\/389699"}],"wp:attachment":[{"href":"https:\/\/www.speedcube.nl\/de\/wp-json\/wp\/v2\/media?parent=426691"}],"wp:term":[{"taxonomy":"product_brand","embeddable":true,"href":"https:\/\/www.speedcube.nl\/de\/wp-json\/wp\/v2\/product_brand?post=426691"},{"taxonomy":"product_cat","embeddable":true,"href":"https:\/\/www.speedcube.nl\/de\/wp-json\/wp\/v2\/product_cat?post=426691"},{"taxonomy":"product_tag","embeddable":true,"href":"https:\/\/www.speedcube.nl\/de\/wp-json\/wp\/v2\/product_tag?post=426691"}],"curies":[{"name":"wp","href":"https:\/\/api.w.org\/{rel}","templated":true}]}}