{"id":426668,"date":"2021-03-23T15:05:00","date_gmt":"2021-03-23T14:05:00","guid":{"rendered":"https:\/\/www.speedcube.nl\/unkategorisiert\/oeko-holz-kunst-planetarium\/"},"modified":"2026-05-01T05:02:23","modified_gmt":"2026-05-01T03:02:23","slug":"oeko-holz-kunst-planetarium","status":"publish","type":"product","link":"https:\/\/www.speedcube.nl\/de\/aanbieding-de\/oeko-holz-kunst-planetarium\/","title":{"rendered":"\u00d6ko-Holz-Kunst-Planetarium"},"content":{"rendered":"<p>Das mechanische 3D-Lernpuzzle des Planetariums zum selber zusammenbauen. Das Set enth\u00e4lt 534 Teile zum Bau eines mechanischen Simulators des Sonnensystems. Das Planetarium ist super einfach ohne Klebstoff zusammenzubauen und sehr gut f\u00fcr Kinder geeignet. Dieses p\u00e4dagogische Wissenschaftsset mit 8 Planeten f\u00fchrt Kinder in die Welt der Astronomie ein.<\/p>\n<p>Gewicht: 2,1 kg<br \/>\nMaterial : Holz<br \/>\nAlter: 14+<br \/>\nProdukt mm : 465 x 295 x 380 mm<br \/>\nVerpackungsgr\u00f6\u00dfe: 375 x 243 x 64 mm<br \/>\nAnzahl der St\u00fccke : 534<\/p>\n","protected":false},"excerpt":{"rendered":"<p>ECO WOOD ART<\/p>\n","protected":false},"featured_media":389427,"template":"","meta":{"_improvement_type_select":"improve_an_existing","_thumb_yes_seoaic":false,"_frame_yes_seoaic":false,"seoaic_generate_description":"","seoaic_improve_instructions_prompt":"","seoaic_rollback_content_improvement":"","seoaic_idea_thumbnail_generator":"","thumbnail_generated":false,"thumbnail_generate_prompt":"","seoaic_article_description":"","product-afmeting-lengte-mm":"","product-afmeting-breedte-mm":"","product-afmeting-hoogte-mm":""},"product_brand":[],"product_cat":[1499,2558],"product_tag":[],"class_list":{"0":"post-426668","1":"product","2":"type-product","3":"status-publish","4":"has-post-thumbnail","6":"product_cat-modellbau","7":"product_cat-aanbieding-de","8":"pa_merken-eco-wood-art-de","10":"first","11":"instock","12":"sale","13":"taxable","14":"shipping-taxable","15":"purchasable","16":"product-type-simple"},"df_price":39.98,"df_sale_price":39.98,"df_regular_price":79.95,"df_image_link":"https:\/\/www.speedcube.nl\/wp-content\/uploads\/2023\/06\/Productvisuals_Modelbouw-Eco-Wood-Art-planetarium-1-285x300.jpg","_links":{"self":[{"href":"https:\/\/www.speedcube.nl\/de\/wp-json\/wp\/v2\/product\/426668","targetHints":{"allow":["GET"]}}],"collection":[{"href":"https:\/\/www.speedcube.nl\/de\/wp-json\/wp\/v2\/product"}],"about":[{"href":"https:\/\/www.speedcube.nl\/de\/wp-json\/wp\/v2\/types\/product"}],"version-history":[{"count":0,"href":"https:\/\/www.speedcube.nl\/de\/wp-json\/wp\/v2\/product\/426668\/revisions"}],"wp:featuredmedia":[{"embeddable":true,"href":"https:\/\/www.speedcube.nl\/de\/wp-json\/wp\/v2\/media\/389427"}],"wp:attachment":[{"href":"https:\/\/www.speedcube.nl\/de\/wp-json\/wp\/v2\/media?parent=426668"}],"wp:term":[{"taxonomy":"product_brand","embeddable":true,"href":"https:\/\/www.speedcube.nl\/de\/wp-json\/wp\/v2\/product_brand?post=426668"},{"taxonomy":"product_cat","embeddable":true,"href":"https:\/\/www.speedcube.nl\/de\/wp-json\/wp\/v2\/product_cat?post=426668"},{"taxonomy":"product_tag","embeddable":true,"href":"https:\/\/www.speedcube.nl\/de\/wp-json\/wp\/v2\/product_tag?post=426668"}],"curies":[{"name":"wp","href":"https:\/\/api.w.org\/{rel}","templated":true}]}}