{"id":426662,"date":"2021-05-15T16:50:00","date_gmt":"2021-05-15T14:50:00","guid":{"rendered":"https:\/\/www.speedcube.nl\/unkategorisiert\/gan-crystal-standard\/"},"modified":"2026-05-03T05:27:29","modified_gmt":"2026-05-03T03:27:29","slug":"gan-crystal-standard","status":"publish","type":"product","link":"https:\/\/www.speedcube.nl\/de\/speedcube-de\/normen\/gan-crystal-standard\/","title":{"rendered":"Gan Crystal Standard"},"content":{"rendered":"<p>Die Exklusivmarke GAN hat einen eigenen W\u00fcrfelst\u00e4nder herausgebracht, mit dem Sie allen zeigen k\u00f6nnen, dass es Ihnen bei der W\u00fcrfelausstattung an Qualit\u00e4t nicht mangelt. Der GAN-W\u00fcrfelst\u00e4nder ist einzigartig, denn er hat ein kristallines Design, das daf\u00fcr sorgt, dass Ihr W\u00fcrfel in der Mitte Ihrer Sammlung besonders gut zur Geltung kommt. Der W\u00fcrfelst\u00e4nder besteht aus einer dicken Materialschicht, die daf\u00fcr sorgt, dass der W\u00fcrfelst\u00e4nder nicht bricht, wenn du deinen Speedcube etwas zu enthusiastisch ins Schaufenster stellst.<\/p>\n","protected":false},"excerpt":{"rendered":"<p>GAN<\/p>\n","protected":false},"featured_media":390533,"template":"","meta":{"_improvement_type_select":"improve_an_existing","_thumb_yes_seoaic":false,"_frame_yes_seoaic":false,"seoaic_generate_description":"","seoaic_improve_instructions_prompt":"","seoaic_rollback_content_improvement":"","seoaic_idea_thumbnail_generator":"","thumbnail_generated":false,"thumbnail_generate_prompt":"","seoaic_article_description":"","product-afmeting-lengte-mm":"","product-afmeting-breedte-mm":"","product-afmeting-hoogte-mm":""},"product_brand":[],"product_cat":[1270,1874,1211],"product_tag":[],"class_list":{"0":"post-426662","1":"product","2":"type-product","3":"status-publish","4":"has-post-thumbnail","6":"product_cat-gan-de","7":"product_cat-normen","8":"product_cat-speedcube-de","9":"pa_merken-gan-de","11":"first","12":"instock","13":"taxable","14":"shipping-taxable","15":"purchasable","16":"product-type-simple"},"df_price":3.99,"df_sale_price":"","df_regular_price":3.99,"df_image_link":"https:\/\/www.speedcube.nl\/wp-content\/uploads\/2023\/06\/Productvisuals_Speedcubes-GAN-crystal-standaard-1-285x300.jpg","_links":{"self":[{"href":"https:\/\/www.speedcube.nl\/de\/wp-json\/wp\/v2\/product\/426662","targetHints":{"allow":["GET"]}}],"collection":[{"href":"https:\/\/www.speedcube.nl\/de\/wp-json\/wp\/v2\/product"}],"about":[{"href":"https:\/\/www.speedcube.nl\/de\/wp-json\/wp\/v2\/types\/product"}],"version-history":[{"count":0,"href":"https:\/\/www.speedcube.nl\/de\/wp-json\/wp\/v2\/product\/426662\/revisions"}],"wp:featuredmedia":[{"embeddable":true,"href":"https:\/\/www.speedcube.nl\/de\/wp-json\/wp\/v2\/media\/390533"}],"wp:attachment":[{"href":"https:\/\/www.speedcube.nl\/de\/wp-json\/wp\/v2\/media?parent=426662"}],"wp:term":[{"taxonomy":"product_brand","embeddable":true,"href":"https:\/\/www.speedcube.nl\/de\/wp-json\/wp\/v2\/product_brand?post=426662"},{"taxonomy":"product_cat","embeddable":true,"href":"https:\/\/www.speedcube.nl\/de\/wp-json\/wp\/v2\/product_cat?post=426662"},{"taxonomy":"product_tag","embeddable":true,"href":"https:\/\/www.speedcube.nl\/de\/wp-json\/wp\/v2\/product_tag?post=426662"}],"curies":[{"name":"wp","href":"https:\/\/api.w.org\/{rel}","templated":true}]}}