{"id":426649,"date":"2021-05-09T15:12:00","date_gmt":"2021-05-09T13:12:00","guid":{"rendered":"https:\/\/www.speedcube.nl\/unkategorisiert\/yoyofactory-catchy-footbag\/"},"modified":"2026-05-01T05:04:22","modified_gmt":"2026-05-01T03:04:22","slug":"yoyofactory-catchy-footbag","status":"publish","type":"product","link":"https:\/\/www.speedcube.nl\/de\/yo-yos\/yoyofactory-de\/yoyofactory-catchy-footbag\/","title":{"rendered":"YoYoFactory Catchy Footbag"},"content":{"rendered":"<p>YoyoFactory Catchy Footbag, auch bekannt als &#8222;Hacky Sack&#8220;, ist jetzt in einer gro\u00dfen Version mit 26 Feldern erh\u00e4ltlich. G\u00f6nnen Sie sich eine Pause vom Jo-Jo und lassen Sie Ihre F\u00fc\u00dfe an der Freestyle-Action teilhaben.<\/p>\n","protected":false},"excerpt":{"rendered":"<p>YOYOFACTORY<\/p>\n","protected":false},"featured_media":390315,"template":"","meta":{"_improvement_type_select":"improve_an_existing","_thumb_yes_seoaic":false,"_frame_yes_seoaic":false,"seoaic_generate_description":"","seoaic_improve_instructions_prompt":"","seoaic_rollback_content_improvement":"","seoaic_idea_thumbnail_generator":"","thumbnail_generated":false,"thumbnail_generate_prompt":"","seoaic_article_description":"","product-afmeting-lengte-mm":"","product-afmeting-breedte-mm":"","product-afmeting-hoogte-mm":""},"product_brand":[],"product_cat":[1239,1238,1462,1230],"product_tag":[],"class_list":{"0":"post-426649","1":"product","2":"type-product","3":"status-publish","4":"has-post-thumbnail","6":"product_cat-gadgets-de","7":"product_cat-yo-yos","8":"product_cat-yoyofactory-de","9":"product_cat-zappelphilipp","10":"pa_merken-yoyofactory-de","12":"first","13":"instock","14":"taxable","15":"shipping-taxable","16":"purchasable","17":"product-type-variable"},"df_price":9.99,"df_sale_price":"","df_regular_price":9.99,"df_image_link":"https:\/\/www.speedcube.nl\/wp-content\/uploads\/2023\/06\/Productvisuals_yoyo-yoyofactory-catchy-footbag-1-285x300.jpg","_links":{"self":[{"href":"https:\/\/www.speedcube.nl\/de\/wp-json\/wp\/v2\/product\/426649","targetHints":{"allow":["GET"]}}],"collection":[{"href":"https:\/\/www.speedcube.nl\/de\/wp-json\/wp\/v2\/product"}],"about":[{"href":"https:\/\/www.speedcube.nl\/de\/wp-json\/wp\/v2\/types\/product"}],"version-history":[{"count":0,"href":"https:\/\/www.speedcube.nl\/de\/wp-json\/wp\/v2\/product\/426649\/revisions"}],"wp:featuredmedia":[{"embeddable":true,"href":"https:\/\/www.speedcube.nl\/de\/wp-json\/wp\/v2\/media\/390315"}],"wp:attachment":[{"href":"https:\/\/www.speedcube.nl\/de\/wp-json\/wp\/v2\/media?parent=426649"}],"wp:term":[{"taxonomy":"product_brand","embeddable":true,"href":"https:\/\/www.speedcube.nl\/de\/wp-json\/wp\/v2\/product_brand?post=426649"},{"taxonomy":"product_cat","embeddable":true,"href":"https:\/\/www.speedcube.nl\/de\/wp-json\/wp\/v2\/product_cat?post=426649"},{"taxonomy":"product_tag","embeddable":true,"href":"https:\/\/www.speedcube.nl\/de\/wp-json\/wp\/v2\/product_tag?post=426649"}],"curies":[{"name":"wp","href":"https:\/\/api.w.org\/{rel}","templated":true}]}}