{"id":426635,"date":"2021-05-03T09:29:00","date_gmt":"2021-05-03T07:29:00","guid":{"rendered":"https:\/\/www.speedcube.nl\/unkategorisiert\/huzzle-cast-zyklon\/"},"modified":"2026-05-09T05:01:51","modified_gmt":"2026-05-09T03:01:51","slug":"huzzle-cast-zyklon","status":"publish","type":"product","link":"https:\/\/www.speedcube.nl\/de\/aanbieding-de\/huzzle-cast-zyklon\/","title":{"rendered":"Huzzle Cast Zyklon"},"content":{"rendered":"<p>Cyclone ist ein Puzzle, bei dem jedes Teil mit den anderen drei ineinandergreift. Obwohl alle St\u00fccke auf den ersten Blick gleich aussehen, gibt es tats\u00e4chlich zwei verschiedene Arten. Das Design jedes Rings wurde sorgf\u00e4ltig berechnet, wodurch die Anzahl der m\u00f6glichen Bewegungen stark eingeschr\u00e4nkt wurde. So entsteht ein \u00e4u\u00dferst kniffliges Huzzle Cyclone-Puzzle. Das neue Highlight in einer langen Reihe von herausfordernden R\u00e4tseln, die von einem Meister der Puzzlespiele geschaffen wurden. Entworfen von dem Hongkonger Designer Kyoo Wong.<\/p>\n<p>Alter: 12+<br \/>\nSchwierigkeitsgrad: 5 Sterne<\/p>\n","protected":false},"excerpt":{"rendered":"<p>HUZZLE<\/p>\n","protected":false},"featured_media":389969,"template":"","meta":{"_improvement_type_select":"improve_an_existing","_thumb_yes_seoaic":false,"_frame_yes_seoaic":false,"seoaic_generate_description":"","seoaic_improve_instructions_prompt":"","seoaic_rollback_content_improvement":"","seoaic_idea_thumbnail_generator":"","thumbnail_generated":false,"thumbnail_generate_prompt":"","seoaic_article_description":"","product-afmeting-lengte-mm":"","product-afmeting-breedte-mm":"","product-afmeting-hoogte-mm":""},"product_brand":[],"product_cat":[1227,1489,2558],"product_tag":[],"class_list":{"0":"post-426635","1":"product","2":"type-product","3":"status-publish","4":"has-post-thumbnail","6":"product_cat-knobelaufgaben","7":"product_cat-ratsel","8":"product_cat-aanbieding-de","9":"pa_merken-huzzle-de","11":"first","12":"instock","13":"sale","14":"taxable","15":"shipping-taxable","16":"purchasable","17":"product-type-simple"},"df_price":9.57,"df_sale_price":9.57,"df_regular_price":15.95,"df_image_link":"https:\/\/www.speedcube.nl\/wp-content\/uploads\/2023\/06\/Productvisuals_Breinbrekers-Huzzle-Cast-Cyclone-285x300.jpg","_links":{"self":[{"href":"https:\/\/www.speedcube.nl\/de\/wp-json\/wp\/v2\/product\/426635","targetHints":{"allow":["GET"]}}],"collection":[{"href":"https:\/\/www.speedcube.nl\/de\/wp-json\/wp\/v2\/product"}],"about":[{"href":"https:\/\/www.speedcube.nl\/de\/wp-json\/wp\/v2\/types\/product"}],"version-history":[{"count":0,"href":"https:\/\/www.speedcube.nl\/de\/wp-json\/wp\/v2\/product\/426635\/revisions"}],"wp:featuredmedia":[{"embeddable":true,"href":"https:\/\/www.speedcube.nl\/de\/wp-json\/wp\/v2\/media\/389969"}],"wp:attachment":[{"href":"https:\/\/www.speedcube.nl\/de\/wp-json\/wp\/v2\/media?parent=426635"}],"wp:term":[{"taxonomy":"product_brand","embeddable":true,"href":"https:\/\/www.speedcube.nl\/de\/wp-json\/wp\/v2\/product_brand?post=426635"},{"taxonomy":"product_cat","embeddable":true,"href":"https:\/\/www.speedcube.nl\/de\/wp-json\/wp\/v2\/product_cat?post=426635"},{"taxonomy":"product_tag","embeddable":true,"href":"https:\/\/www.speedcube.nl\/de\/wp-json\/wp\/v2\/product_tag?post=426635"}],"curies":[{"name":"wp","href":"https:\/\/api.w.org\/{rel}","templated":true}]}}