{"id":426613,"date":"2021-05-09T09:04:00","date_gmt":"2021-05-09T07:04:00","guid":{"rendered":"https:\/\/www.speedcube.nl\/unkategorisiert\/robotime-time-engine-kalender-lc801\/"},"modified":"2026-05-11T05:00:51","modified_gmt":"2026-05-11T03:00:51","slug":"robotime-time-engine-kalender-lc801","status":"publish","type":"product","link":"https:\/\/www.speedcube.nl\/de\/modellbau\/uhren\/robotime-time-engine-kalender-lc801\/","title":{"rendered":"Robotime Time Engine Kalender LC801"},"content":{"rendered":"<p>Der Robotime LC801 Time Engine Kalender wurde von Miko, einem ber\u00fchmten europ\u00e4ischen Designer, entworfen, um die Sch\u00f6nheit der Kombination von Maschinen und Zeit zu schaffen. Verwandeln Sie unsichtbare Dinge in greifbare Kunstwerke, die vor Ihren Augen ausgestrahlt werden k\u00f6nnen. Solange Sie die entsprechende mechanische Struktur dr\u00fccken, zeigt Ihnen das Produkt die genaue Uhrzeit und das Datum an. Sie sind Uhren und Kalender, die im wirklichen Leben verwendet werden k\u00f6nnen.<\/p>\n<p>Mit seinem sch\u00f6nen Design ist dies ein mechanisches Gadget zum Selberbauen. Es ist eine echte Uhr, die die richtige Zeit anzeigt. Wenn Sie gerne basteln, ist dies die perfekte Wahl f\u00fcr Ihre Sammlungen. Auch eine lohnende Herausforderung f\u00fcr Augen und H\u00e4nde. Das L\u00f6sen von 3D-Puzzles beansprucht die geistigen Muskeln und ist sowohl f\u00fcr Kinder als auch f\u00fcr Erwachsene von Vorteil. Au\u00dferdem werden auf diese Weise die motorischen F\u00e4higkeiten und die Hand-Augen-Koordination effektiv gef\u00f6rdert und ein besseres Gef\u00fchl f\u00fcr Strukturen entwickelt.<\/p>\n<p>Gewicht: 1,2 kg<br \/>\nMaterial : Birkenholz<br \/>\nAlter: 14+<br \/>\nProdukt mm : 215 x 146 x 145 mm<br \/>\nVerpackungsgr\u00f6\u00dfe: 306 x 229 x 26 mm<br \/>\nAnzahl der St\u00fccke : 250<\/p>\n","protected":false},"excerpt":{"rendered":"<p>ROBOTIME<\/p>\n","protected":false},"featured_media":390287,"template":"","meta":{"_improvement_type_select":"improve_an_existing","_thumb_yes_seoaic":false,"_frame_yes_seoaic":false,"seoaic_generate_description":"","seoaic_improve_instructions_prompt":"","seoaic_rollback_content_improvement":"","seoaic_idea_thumbnail_generator":"","thumbnail_generated":false,"thumbnail_generate_prompt":"","seoaic_article_description":"","product-afmeting-lengte-mm":"","product-afmeting-breedte-mm":"","product-afmeting-hoogte-mm":""},"product_brand":[],"product_cat":[1617,1500,1499,1619,2480],"product_tag":[],"class_list":{"0":"post-426613","1":"product","2":"type-product","3":"status-publish","4":"has-post-thumbnail","6":"product_cat-baukasten-aus-holz","7":"product_cat-baukasten-fur-erwachsene","8":"product_cat-modellbau","9":"product_cat-robotime-de","10":"product_cat-uhren","11":"pa_merken-robotime-de","13":"first","14":"outofstock","15":"taxable","16":"shipping-taxable","17":"purchasable","18":"product-type-simple"},"df_price":39.99,"df_sale_price":"","df_regular_price":39.99,"df_image_link":"https:\/\/www.speedcube.nl\/wp-content\/uploads\/2023\/06\/Productvisuals_Modelbouw-Robotime-time-engine-calendar-lc801-1-285x300.jpg","_links":{"self":[{"href":"https:\/\/www.speedcube.nl\/de\/wp-json\/wp\/v2\/product\/426613","targetHints":{"allow":["GET"]}}],"collection":[{"href":"https:\/\/www.speedcube.nl\/de\/wp-json\/wp\/v2\/product"}],"about":[{"href":"https:\/\/www.speedcube.nl\/de\/wp-json\/wp\/v2\/types\/product"}],"version-history":[{"count":0,"href":"https:\/\/www.speedcube.nl\/de\/wp-json\/wp\/v2\/product\/426613\/revisions"}],"wp:featuredmedia":[{"embeddable":true,"href":"https:\/\/www.speedcube.nl\/de\/wp-json\/wp\/v2\/media\/390287"}],"wp:attachment":[{"href":"https:\/\/www.speedcube.nl\/de\/wp-json\/wp\/v2\/media?parent=426613"}],"wp:term":[{"taxonomy":"product_brand","embeddable":true,"href":"https:\/\/www.speedcube.nl\/de\/wp-json\/wp\/v2\/product_brand?post=426613"},{"taxonomy":"product_cat","embeddable":true,"href":"https:\/\/www.speedcube.nl\/de\/wp-json\/wp\/v2\/product_cat?post=426613"},{"taxonomy":"product_tag","embeddable":true,"href":"https:\/\/www.speedcube.nl\/de\/wp-json\/wp\/v2\/product_tag?post=426613"}],"curies":[{"name":"wp","href":"https:\/\/api.w.org\/{rel}","templated":true}]}}