{"id":426608,"date":"2021-05-19T18:01:00","date_gmt":"2021-05-19T16:01:00","guid":{"rendered":"https:\/\/www.speedcube.nl\/unkategorisiert\/speedstacks-g5-zeitschaltuhr\/"},"modified":"2026-04-15T05:01:10","modified_gmt":"2026-04-15T03:01:10","slug":"speedstacks-g5-zeitschaltuhr","status":"publish","type":"product","link":"https:\/\/www.speedcube.nl\/de\/speedcube-de\/geschwindigkeitsstapel\/speedstacks-g5-zeitschaltuhr\/","title":{"rendered":"Speedstacks G5 Zeitschaltuhr"},"content":{"rendered":"<p>Der SpeedStacks G5 Pro Timer ist eine \u00fcberarbeitete Version des beliebten SpeedStacks-Timers mit einer Reihe neuer Funktionen! Kein versehentliches Zur\u00fccksetzen des Timers mehr! Sowohl die Ein\/Aus-Taste als auch die Reset-Taste m\u00fcssen eine halbe Sekunde lang gedr\u00fcckt werden, bevor sie aktiviert werden. Verst\u00e4rkte Kn\u00f6pfe verhindern vorzeitigen Verschlei\u00df. Neue Form! Das G5 ist jetzt kleiner und kompakter. Zwei Start\/Stopp-Modi. Halten Sie die Reset-Taste 5 Sekunden lang gedr\u00fcckt, um zwischen den Modi &#8222;2-Pad&#8220; und &#8222;4-Pad&#8220; zu wechseln. Im &#8222;2-Pad&#8220;-Modus m\u00fcssen Sie Ihre Fingerspitzen auf die beiden Pads legen, um die Zeitmessung zu starten\/stoppen. Im &#8222;4-Pad&#8220;-Modus m\u00fcssen Sie zum Starten und Stoppen der Zeitmessung sowohl Ihre Fingerspitzen als auch Ihre Daumen benutzen. Der Stecker f\u00fcr das Hilfskabel befindet sich jetzt unter der Zeitschaltuhr, um ein versehentliches Ausstecken zu verhindern.<\/p>\n<p>*Batterien NICHT enthalten<br \/>\n*Matte separat erh\u00e4ltlich, NICHT enthalten<\/p>\n","protected":false},"excerpt":{"rendered":"<p>SPEEDSTACKS<\/p>\n","protected":false},"featured_media":390509,"template":"","meta":{"_improvement_type_select":"improve_an_existing","_thumb_yes_seoaic":false,"_frame_yes_seoaic":false,"seoaic_generate_description":"","seoaic_improve_instructions_prompt":"","seoaic_rollback_content_improvement":"","seoaic_idea_thumbnail_generator":"","thumbnail_generated":false,"thumbnail_generate_prompt":"","seoaic_article_description":"","product-afmeting-lengte-mm":"","product-afmeting-breedte-mm":"","product-afmeting-hoogte-mm":""},"product_brand":[],"product_cat":[2799,1211,1987],"product_tag":[],"class_list":{"0":"post-426608","1":"product","2":"type-product","3":"status-publish","4":"has-post-thumbnail","6":"product_cat-geschwindigkeitsstapel","7":"product_cat-speedcube-de","8":"product_cat-zeitschaltuhren","9":"pa_merken-speedstacks-de","11":"first","12":"instock","13":"taxable","14":"shipping-taxable","15":"purchasable","16":"product-type-simple"},"df_price":44.95,"df_sale_price":"","df_regular_price":44.95,"df_image_link":"https:\/\/www.speedcube.nl\/wp-content\/uploads\/2023\/06\/Productvisuals_Speedcubes-Speedstacks-g5-timer1-1-285x300.jpg","_links":{"self":[{"href":"https:\/\/www.speedcube.nl\/de\/wp-json\/wp\/v2\/product\/426608","targetHints":{"allow":["GET"]}}],"collection":[{"href":"https:\/\/www.speedcube.nl\/de\/wp-json\/wp\/v2\/product"}],"about":[{"href":"https:\/\/www.speedcube.nl\/de\/wp-json\/wp\/v2\/types\/product"}],"version-history":[{"count":0,"href":"https:\/\/www.speedcube.nl\/de\/wp-json\/wp\/v2\/product\/426608\/revisions"}],"wp:featuredmedia":[{"embeddable":true,"href":"https:\/\/www.speedcube.nl\/de\/wp-json\/wp\/v2\/media\/390509"}],"wp:attachment":[{"href":"https:\/\/www.speedcube.nl\/de\/wp-json\/wp\/v2\/media?parent=426608"}],"wp:term":[{"taxonomy":"product_brand","embeddable":true,"href":"https:\/\/www.speedcube.nl\/de\/wp-json\/wp\/v2\/product_brand?post=426608"},{"taxonomy":"product_cat","embeddable":true,"href":"https:\/\/www.speedcube.nl\/de\/wp-json\/wp\/v2\/product_cat?post=426608"},{"taxonomy":"product_tag","embeddable":true,"href":"https:\/\/www.speedcube.nl\/de\/wp-json\/wp\/v2\/product_tag?post=426608"}],"curies":[{"name":"wp","href":"https:\/\/api.w.org\/{rel}","templated":true}]}}