{"id":426603,"date":"2021-05-23T11:15:00","date_gmt":"2021-05-23T09:15:00","guid":{"rendered":"https:\/\/www.speedcube.nl\/unkategorisiert\/smartgames-wuerfelpuzzler-go\/"},"modified":"2026-05-14T05:15:41","modified_gmt":"2026-05-14T03:15:41","slug":"smartgames-wuerfelpuzzler-go","status":"publish","type":"product","link":"https:\/\/www.speedcube.nl\/de\/aanbieding-de\/smartgames-wuerfelpuzzler-go\/","title":{"rendered":"Smartgames W\u00fcrfelpuzzler Go"},"content":{"rendered":"<p>In dem Spiel Cube Puzzler Go von Smartgames muss der W\u00fcrfel immer richtig zusammengesetzt werden. Dies erfordert eine Kombination aus r\u00e4umlichem Verst\u00e4ndnis, Logik und Schlussfolgerungen. Der transparente W\u00fcrfel dient als Spielbrett und Aufbewahrungsbox. Enth\u00e4lt 80 3D-Aufgaben und L\u00f6sungen.<\/p>\n<p>Alter: 8+<br \/>\nSchwierigkeitsgrad: 3 Sterne<\/p>\n","protected":false},"excerpt":{"rendered":"<p>SMARTGAMES<\/p>\n","protected":false},"featured_media":390667,"template":"","meta":{"_improvement_type_select":"improve_an_existing","_thumb_yes_seoaic":false,"_frame_yes_seoaic":false,"seoaic_generate_description":"","seoaic_improve_instructions_prompt":"","seoaic_rollback_content_improvement":"","seoaic_idea_thumbnail_generator":"","thumbnail_generated":false,"thumbnail_generate_prompt":"","seoaic_article_description":"","product-afmeting-lengte-mm":"","product-afmeting-breedte-mm":"","product-afmeting-hoogte-mm":""},"product_brand":[],"product_cat":[2558],"product_tag":[],"class_list":{"0":"post-426603","1":"product","2":"type-product","3":"status-publish","4":"has-post-thumbnail","6":"product_cat-aanbieding-de","7":"pa_merken-smartgames-de","9":"first","10":"instock","11":"sale","12":"taxable","13":"shipping-taxable","14":"purchasable","15":"product-type-simple"},"df_price":8.99,"df_sale_price":8.99,"df_regular_price":14.99,"df_image_link":"https:\/\/www.speedcube.nl\/wp-content\/uploads\/2023\/06\/Productvisuals_Breinbrekers-Smartgames-Cube-Puzzler-Go-285x300.jpg","_links":{"self":[{"href":"https:\/\/www.speedcube.nl\/de\/wp-json\/wp\/v2\/product\/426603","targetHints":{"allow":["GET"]}}],"collection":[{"href":"https:\/\/www.speedcube.nl\/de\/wp-json\/wp\/v2\/product"}],"about":[{"href":"https:\/\/www.speedcube.nl\/de\/wp-json\/wp\/v2\/types\/product"}],"version-history":[{"count":0,"href":"https:\/\/www.speedcube.nl\/de\/wp-json\/wp\/v2\/product\/426603\/revisions"}],"wp:featuredmedia":[{"embeddable":true,"href":"https:\/\/www.speedcube.nl\/de\/wp-json\/wp\/v2\/media\/390667"}],"wp:attachment":[{"href":"https:\/\/www.speedcube.nl\/de\/wp-json\/wp\/v2\/media?parent=426603"}],"wp:term":[{"taxonomy":"product_brand","embeddable":true,"href":"https:\/\/www.speedcube.nl\/de\/wp-json\/wp\/v2\/product_brand?post=426603"},{"taxonomy":"product_cat","embeddable":true,"href":"https:\/\/www.speedcube.nl\/de\/wp-json\/wp\/v2\/product_cat?post=426603"},{"taxonomy":"product_tag","embeddable":true,"href":"https:\/\/www.speedcube.nl\/de\/wp-json\/wp\/v2\/product_tag?post=426603"}],"curies":[{"name":"wp","href":"https:\/\/api.w.org\/{rel}","templated":true}]}}