{"id":426598,"date":"2021-05-19T18:01:00","date_gmt":"2021-05-19T16:01:00","guid":{"rendered":"https:\/\/www.speedcube.nl\/unkategorisiert\/dayan-zhanchi-pro-m-3x3\/"},"modified":"2026-04-15T05:04:12","modified_gmt":"2026-04-15T03:04:12","slug":"dayan-zhanchi-pro-m-3x3","status":"publish","type":"product","link":"https:\/\/www.speedcube.nl\/de\/speedcube-de\/dayan-de\/dayan-zhanchi-pro-m-3x3\/","title":{"rendered":"Dayan Zhanchi Pro M 3&#215;3"},"content":{"rendered":"<p>Das ZhanChi Pro M 3&#215;3 ist das bisher vielseitigste ZhanChi! Neben der Aktualisierung des Mechanismus zur Verbesserung von Drehung und Stabilit\u00e4t \u00fcbernimmt das ZhanChi Pro auch das Magnet-, Spannungs- und Elastizit\u00e4tssystem (Abstand zwischen Kern und Mittelst\u00fcck) vom TengYun V2. Der ZhanChi ist in einer neuen hellgr\u00fcnen Farbe erh\u00e4ltlich und wir freuen uns, dass er nach seiner urspr\u00fcnglichen Ver\u00f6ffentlichung im Jahr 2011 wieder im Rampenlicht steht.<\/p>\n","protected":false},"excerpt":{"rendered":"<p>DAYAN<\/p>\n","protected":false},"featured_media":390409,"template":"","meta":{"_improvement_type_select":"improve_an_existing","_thumb_yes_seoaic":false,"_frame_yes_seoaic":false,"seoaic_generate_description":"","seoaic_improve_instructions_prompt":"","seoaic_rollback_content_improvement":"","seoaic_idea_thumbnail_generator":"","thumbnail_generated":false,"thumbnail_generate_prompt":"","seoaic_article_description":"","product-afmeting-lengte-mm":"","product-afmeting-breedte-mm":"","product-afmeting-hoogte-mm":""},"product_brand":[],"product_cat":[1221,2392,1211],"product_tag":[],"class_list":{"0":"post-426598","1":"product","2":"type-product","3":"status-publish","4":"has-post-thumbnail","6":"product_cat-3x3-de","7":"product_cat-dayan-de","8":"product_cat-speedcube-de","9":"pa_merken-dayan-de","11":"first","12":"instock","13":"taxable","14":"shipping-taxable","15":"purchasable","16":"product-type-variable"},"df_price":39.95,"df_sale_price":"","df_regular_price":39.95,"df_image_link":"https:\/\/www.speedcube.nl\/wp-content\/uploads\/2023\/06\/Productvisuals_Speedcubes-Dayan-zhanchi-pro-m-3\u00d73-1-285x300.jpg","_links":{"self":[{"href":"https:\/\/www.speedcube.nl\/de\/wp-json\/wp\/v2\/product\/426598","targetHints":{"allow":["GET"]}}],"collection":[{"href":"https:\/\/www.speedcube.nl\/de\/wp-json\/wp\/v2\/product"}],"about":[{"href":"https:\/\/www.speedcube.nl\/de\/wp-json\/wp\/v2\/types\/product"}],"version-history":[{"count":0,"href":"https:\/\/www.speedcube.nl\/de\/wp-json\/wp\/v2\/product\/426598\/revisions"}],"wp:featuredmedia":[{"embeddable":true,"href":"https:\/\/www.speedcube.nl\/de\/wp-json\/wp\/v2\/media\/390409"}],"wp:attachment":[{"href":"https:\/\/www.speedcube.nl\/de\/wp-json\/wp\/v2\/media?parent=426598"}],"wp:term":[{"taxonomy":"product_brand","embeddable":true,"href":"https:\/\/www.speedcube.nl\/de\/wp-json\/wp\/v2\/product_brand?post=426598"},{"taxonomy":"product_cat","embeddable":true,"href":"https:\/\/www.speedcube.nl\/de\/wp-json\/wp\/v2\/product_cat?post=426598"},{"taxonomy":"product_tag","embeddable":true,"href":"https:\/\/www.speedcube.nl\/de\/wp-json\/wp\/v2\/product_tag?post=426598"}],"curies":[{"name":"wp","href":"https:\/\/api.w.org\/{rel}","templated":true}]}}