{"id":426590,"date":"2021-05-23T11:28:00","date_gmt":"2021-05-23T09:28:00","guid":{"rendered":"https:\/\/www.speedcube.nl\/unkategorisiert\/smartgames-quadrillion\/"},"modified":"2026-04-28T05:01:02","modified_gmt":"2026-04-28T03:01:02","slug":"smartgames-quadrillion","status":"publish","type":"product","link":"https:\/\/www.speedcube.nl\/de\/aanbieding-de\/smartgames-quadrillion\/","title":{"rendered":"Smartgames Quadrillion"},"content":{"rendered":"<p>Mit einem Klick einen neuen Job beginnen! Legen Sie die 4 magnetischen Spielbretter gegeneinander und beginnen Sie zu spielen. Legen Sie die 12 bunten Puzzleteile auf das Spielbrett, das Sie gerade selbst hergestellt haben. F\u00fcr jede der zahllosen Aufgaben gibt es mehrere L\u00f6sungen. Aber k\u00f6nnen Sie eine finden? Um den Einstieg zu erleichtern, enth\u00e4lt es auch ein Heft mit Aufgaben von leicht bis sehr schwer. F\u00fcr diese Aufgaben gibt es nur eine m\u00f6gliche L\u00f6sung. Das ultimative Puzzlespiel mit gro\u00dfen, stabilen Puzzleteilen. Ideal f\u00fcr Jung und Alt.<\/p>\n<p>Alter: 7+<br \/>\nSchwierigkeitsgrad: 3 Sterne<\/p>\n","protected":false},"excerpt":{"rendered":"<p>SMARTGAMES<\/p>\n","protected":false},"featured_media":390703,"template":"","meta":{"_improvement_type_select":"improve_an_existing","_thumb_yes_seoaic":false,"_frame_yes_seoaic":false,"seoaic_generate_description":"","seoaic_improve_instructions_prompt":"","seoaic_rollback_content_improvement":"","seoaic_idea_thumbnail_generator":"","thumbnail_generated":false,"thumbnail_generate_prompt":"","seoaic_article_description":"","product-afmeting-lengte-mm":"","product-afmeting-breedte-mm":"","product-afmeting-hoogte-mm":""},"product_brand":[],"product_cat":[2558],"product_tag":[],"class_list":{"0":"post-426590","1":"product","2":"type-product","3":"status-publish","4":"has-post-thumbnail","6":"product_cat-aanbieding-de","7":"pa_merken-smartgames-de","9":"first","10":"instock","11":"sale","12":"taxable","13":"shipping-taxable","14":"purchasable","15":"product-type-simple"},"df_price":12.495,"df_sale_price":12.495,"df_regular_price":24.99,"df_image_link":"https:\/\/www.speedcube.nl\/wp-content\/uploads\/2023\/06\/Productvisuals_Breinbrekers-Smartgames-Quadrillion-285x300.jpg","_links":{"self":[{"href":"https:\/\/www.speedcube.nl\/de\/wp-json\/wp\/v2\/product\/426590","targetHints":{"allow":["GET"]}}],"collection":[{"href":"https:\/\/www.speedcube.nl\/de\/wp-json\/wp\/v2\/product"}],"about":[{"href":"https:\/\/www.speedcube.nl\/de\/wp-json\/wp\/v2\/types\/product"}],"version-history":[{"count":0,"href":"https:\/\/www.speedcube.nl\/de\/wp-json\/wp\/v2\/product\/426590\/revisions"}],"wp:featuredmedia":[{"embeddable":true,"href":"https:\/\/www.speedcube.nl\/de\/wp-json\/wp\/v2\/media\/390703"}],"wp:attachment":[{"href":"https:\/\/www.speedcube.nl\/de\/wp-json\/wp\/v2\/media?parent=426590"}],"wp:term":[{"taxonomy":"product_brand","embeddable":true,"href":"https:\/\/www.speedcube.nl\/de\/wp-json\/wp\/v2\/product_brand?post=426590"},{"taxonomy":"product_cat","embeddable":true,"href":"https:\/\/www.speedcube.nl\/de\/wp-json\/wp\/v2\/product_cat?post=426590"},{"taxonomy":"product_tag","embeddable":true,"href":"https:\/\/www.speedcube.nl\/de\/wp-json\/wp\/v2\/product_tag?post=426590"}],"curies":[{"name":"wp","href":"https:\/\/api.w.org\/{rel}","templated":true}]}}