{"id":426581,"date":"2021-05-17T08:53:00","date_gmt":"2021-05-17T06:53:00","guid":{"rendered":"https:\/\/www.speedcube.nl\/unkategorisiert\/qiyi-xman-ambition-m-4x4\/"},"modified":"2026-05-03T05:25:56","modified_gmt":"2026-05-03T03:25:56","slug":"qiyi-xman-ambition-m-4x4","status":"publish","type":"product","link":"https:\/\/www.speedcube.nl\/de\/speedcube-de\/qiyi-de\/qiyi-xman-ambition-m-4x4\/","title":{"rendered":"Qiyi Xman Ambition M 4&#215;4"},"content":{"rendered":"<p>Das QiYi X-Man Ambition Magnetic 4&#215;4 ist das Flaggschiff 2021 und eine \u00fcberraschende Innovation von X-Man Designs! Der Name &#8222;Ambition&#8220; passt gut zu diesem Speedcube, wenn man bedenkt, wie viel Zeit und M\u00fche in die Verbesserung fr\u00fcherer QiYi-Designs (Muttergesellschaft) gesteckt wurde. Eine gute Eigenschaft des Ambition 4&#215;4 ist sicherlich sein weiches und m\u00fcheloses Wenden. In Kombination mit dem stabilen, vertrauensw\u00fcrdigen Mechanismus k\u00f6nnen Sie mit dem Ambition an Ihre Grenzen gehen. Sein geringes Gewicht und seine kompakte Gr\u00f6\u00dfe machen den Ambition zu einer komfortablen Gr\u00f6\u00dfe f\u00fcr fast alle Cuber.<\/p>\n","protected":false},"excerpt":{"rendered":"<p>QIYI<\/p>\n","protected":false},"featured_media":390457,"template":"","meta":{"_improvement_type_select":"improve_an_existing","_thumb_yes_seoaic":false,"_frame_yes_seoaic":false,"seoaic_generate_description":"","seoaic_improve_instructions_prompt":"","seoaic_rollback_content_improvement":"","seoaic_idea_thumbnail_generator":"","thumbnail_generated":false,"thumbnail_generate_prompt":"","seoaic_article_description":"","product-afmeting-lengte-mm":"","product-afmeting-breedte-mm":"","product-afmeting-hoogte-mm":""},"product_brand":[],"product_cat":[1229,1235,1211],"product_tag":[],"class_list":{"0":"post-426581","1":"product","2":"type-product","3":"status-publish","4":"has-post-thumbnail","6":"product_cat-4x4-de","7":"product_cat-qiyi-de","8":"product_cat-speedcube-de","9":"pa_merken-qiyi-de","11":"first","12":"instock","13":"taxable","14":"shipping-taxable","15":"purchasable","16":"product-type-simple"},"df_price":34.95,"df_sale_price":"","df_regular_price":34.95,"df_image_link":"https:\/\/www.speedcube.nl\/wp-content\/uploads\/2023\/06\/Productvisuals_Speedcubes-QiYi-xman-ambition-m-4\u00d74-1-285x300.jpg","_links":{"self":[{"href":"https:\/\/www.speedcube.nl\/de\/wp-json\/wp\/v2\/product\/426581","targetHints":{"allow":["GET"]}}],"collection":[{"href":"https:\/\/www.speedcube.nl\/de\/wp-json\/wp\/v2\/product"}],"about":[{"href":"https:\/\/www.speedcube.nl\/de\/wp-json\/wp\/v2\/types\/product"}],"version-history":[{"count":0,"href":"https:\/\/www.speedcube.nl\/de\/wp-json\/wp\/v2\/product\/426581\/revisions"}],"wp:featuredmedia":[{"embeddable":true,"href":"https:\/\/www.speedcube.nl\/de\/wp-json\/wp\/v2\/media\/390457"}],"wp:attachment":[{"href":"https:\/\/www.speedcube.nl\/de\/wp-json\/wp\/v2\/media?parent=426581"}],"wp:term":[{"taxonomy":"product_brand","embeddable":true,"href":"https:\/\/www.speedcube.nl\/de\/wp-json\/wp\/v2\/product_brand?post=426581"},{"taxonomy":"product_cat","embeddable":true,"href":"https:\/\/www.speedcube.nl\/de\/wp-json\/wp\/v2\/product_cat?post=426581"},{"taxonomy":"product_tag","embeddable":true,"href":"https:\/\/www.speedcube.nl\/de\/wp-json\/wp\/v2\/product_tag?post=426581"}],"curies":[{"name":"wp","href":"https:\/\/api.w.org\/{rel}","templated":true}]}}