{"id":426576,"date":"2021-05-26T14:26:00","date_gmt":"2021-05-26T12:26:00","guid":{"rendered":"https:\/\/www.speedcube.nl\/unkategorisiert\/oeko-holz-kunst-t-rex\/"},"modified":"2026-04-24T05:00:15","modified_gmt":"2026-04-24T03:00:15","slug":"oeko-holz-kunst-t-rex","status":"publish","type":"product","link":"https:\/\/www.speedcube.nl\/de\/aanbieding-de\/oeko-holz-kunst-t-rex\/","title":{"rendered":"\u00d6ko Holz Kunst T-rex"},"content":{"rendered":"<p>Farbenfrohes klassisches Holzpuzzle mit einer ungew\u00f6hnlichen Form von Elementen, die das Zusammensetzen noch spannender machen. Das einzigartige Design jedes Puzzles wurde in Zusammenarbeit mit Andreas Preis &#8211; einem deutschen K\u00fcnstler, Designer und Illustrator mit gro\u00dfen zeichnerischen F\u00e4higkeiten &#8211; entwickelt.<\/p>\n<p>Gewicht: 0,55 kg<br \/>\nMaterial : Holz<br \/>\nAlter: 14+<br \/>\nProdukt mm : 400 x 244 x 5 mm<br \/>\nVerpackungsgr\u00f6\u00dfe: 200 x 200 x 70 mm<br \/>\nAnzahl der St\u00fccke : 129<\/p>\n","protected":false},"excerpt":{"rendered":"<p>ECO WOOD ART<\/p>\n","protected":false},"featured_media":391047,"template":"","meta":{"_improvement_type_select":"improve_an_existing","_thumb_yes_seoaic":false,"_frame_yes_seoaic":false,"seoaic_generate_description":"","seoaic_improve_instructions_prompt":"","seoaic_rollback_content_improvement":"","seoaic_idea_thumbnail_generator":"","thumbnail_generated":false,"thumbnail_generate_prompt":"","seoaic_article_description":"","product-afmeting-lengte-mm":"","product-afmeting-breedte-mm":"","product-afmeting-hoogte-mm":""},"product_brand":[],"product_cat":[1499,2558],"product_tag":[],"class_list":{"0":"post-426576","1":"product","2":"type-product","3":"status-publish","4":"has-post-thumbnail","6":"product_cat-modellbau","7":"product_cat-aanbieding-de","8":"pa_merken-eco-wood-art-de","10":"first","11":"instock","12":"sale","13":"taxable","14":"shipping-taxable","15":"purchasable","16":"product-type-simple"},"df_price":16.48,"df_sale_price":16.48,"df_regular_price":32.95,"df_image_link":"https:\/\/www.speedcube.nl\/wp-content\/uploads\/2023\/06\/Productvisuals_Puzzels-Eco-Wood-Art-Trex-1-285x300.jpg","_links":{"self":[{"href":"https:\/\/www.speedcube.nl\/de\/wp-json\/wp\/v2\/product\/426576","targetHints":{"allow":["GET"]}}],"collection":[{"href":"https:\/\/www.speedcube.nl\/de\/wp-json\/wp\/v2\/product"}],"about":[{"href":"https:\/\/www.speedcube.nl\/de\/wp-json\/wp\/v2\/types\/product"}],"version-history":[{"count":0,"href":"https:\/\/www.speedcube.nl\/de\/wp-json\/wp\/v2\/product\/426576\/revisions"}],"wp:featuredmedia":[{"embeddable":true,"href":"https:\/\/www.speedcube.nl\/de\/wp-json\/wp\/v2\/media\/391047"}],"wp:attachment":[{"href":"https:\/\/www.speedcube.nl\/de\/wp-json\/wp\/v2\/media?parent=426576"}],"wp:term":[{"taxonomy":"product_brand","embeddable":true,"href":"https:\/\/www.speedcube.nl\/de\/wp-json\/wp\/v2\/product_brand?post=426576"},{"taxonomy":"product_cat","embeddable":true,"href":"https:\/\/www.speedcube.nl\/de\/wp-json\/wp\/v2\/product_cat?post=426576"},{"taxonomy":"product_tag","embeddable":true,"href":"https:\/\/www.speedcube.nl\/de\/wp-json\/wp\/v2\/product_tag?post=426576"}],"curies":[{"name":"wp","href":"https:\/\/api.w.org\/{rel}","templated":true}]}}