{"id":426575,"date":"2021-05-24T09:02:00","date_gmt":"2021-05-24T07:02:00","guid":{"rendered":"https:\/\/www.speedcube.nl\/unkategorisiert\/professor-puzzle-einstein-six-square-challenges\/"},"modified":"2026-04-30T05:12:39","modified_gmt":"2026-04-30T03:12:39","slug":"professor-puzzle-einstein-six-square-challenges","status":"publish","type":"product","link":"https:\/\/www.speedcube.nl\/de\/knobelaufgaben\/professor-puzzle-de\/professor-puzzle-einstein-six-square-challenges\/","title":{"rendered":"Professor Puzzle Einstein Six Square Challenges"},"content":{"rendered":"<p>6-in-1 Holzpuzzle Einstein von Professor Puzzle. Nicht weniger als sechs verschiedene Herausforderungen von Professor Puzzle, in denen du die Holzw\u00fcrfel richtig anordnen musst. Diese Box enth\u00e4lt sechs verschiedene mathematische R\u00e4tsel, inspiriert von Einstein und anderen gro\u00dfen Denkern, die geniale Beitr\u00e4ge zur Mathematik geleistet haben. Jede Herausforderung hat einen anderen Schwierigkeitsgrad, so dass Sie leicht anfangen und sich bis zur h\u00f6chsten Stufe hocharbeiten k\u00f6nnen!<\/p>\n<p>Alter: 12+<br \/>\nSchwierigkeitsgrad: 3 Sterne<br \/>\nSprache: Englisch, Franz\u00f6sisch, Spanisch, Deutsch, Italienisch<\/p>\n","protected":false},"excerpt":{"rendered":"<p>PROFESSORENR\u00c4TSEL<\/p>\n","protected":false},"featured_media":390835,"template":"","meta":{"_improvement_type_select":"improve_an_existing","_thumb_yes_seoaic":false,"_frame_yes_seoaic":false,"seoaic_generate_description":"","seoaic_improve_instructions_prompt":"","seoaic_rollback_content_improvement":"","seoaic_idea_thumbnail_generator":"","thumbnail_generated":false,"thumbnail_generate_prompt":"","seoaic_article_description":"","product-afmeting-lengte-mm":"","product-afmeting-breedte-mm":"","product-afmeting-hoogte-mm":""},"product_brand":[],"product_cat":[1227,2670,2558],"product_tag":[],"class_list":{"0":"post-426575","1":"product","2":"type-product","3":"status-publish","4":"has-post-thumbnail","6":"product_cat-knobelaufgaben","7":"product_cat-professor-puzzle-de","8":"product_cat-aanbieding-de","9":"pa_merken-professorenratsel","11":"first","12":"instock","13":"sale","14":"taxable","15":"shipping-taxable","16":"purchasable","17":"product-type-simple"},"df_price":13.5,"df_sale_price":13.5,"df_regular_price":26.99,"df_image_link":"https:\/\/www.speedcube.nl\/wp-content\/uploads\/2023\/06\/Productvisuals_Breinbrekers-Professor-Puzzle-Einstein-Six-Square-Challenges-285x300.jpg","_links":{"self":[{"href":"https:\/\/www.speedcube.nl\/de\/wp-json\/wp\/v2\/product\/426575","targetHints":{"allow":["GET"]}}],"collection":[{"href":"https:\/\/www.speedcube.nl\/de\/wp-json\/wp\/v2\/product"}],"about":[{"href":"https:\/\/www.speedcube.nl\/de\/wp-json\/wp\/v2\/types\/product"}],"version-history":[{"count":0,"href":"https:\/\/www.speedcube.nl\/de\/wp-json\/wp\/v2\/product\/426575\/revisions"}],"wp:featuredmedia":[{"embeddable":true,"href":"https:\/\/www.speedcube.nl\/de\/wp-json\/wp\/v2\/media\/390835"}],"wp:attachment":[{"href":"https:\/\/www.speedcube.nl\/de\/wp-json\/wp\/v2\/media?parent=426575"}],"wp:term":[{"taxonomy":"product_brand","embeddable":true,"href":"https:\/\/www.speedcube.nl\/de\/wp-json\/wp\/v2\/product_brand?post=426575"},{"taxonomy":"product_cat","embeddable":true,"href":"https:\/\/www.speedcube.nl\/de\/wp-json\/wp\/v2\/product_cat?post=426575"},{"taxonomy":"product_tag","embeddable":true,"href":"https:\/\/www.speedcube.nl\/de\/wp-json\/wp\/v2\/product_tag?post=426575"}],"curies":[{"name":"wp","href":"https:\/\/api.w.org\/{rel}","templated":true}]}}