{"id":426561,"date":"2021-05-24T09:53:00","date_gmt":"2021-05-24T07:53:00","guid":{"rendered":"https:\/\/www.speedcube.nl\/unkategorisiert\/smartgames-happy-cube-farbpaket-original\/"},"modified":"2026-04-19T05:01:56","modified_gmt":"2026-04-19T03:01:56","slug":"smartgames-happy-cube-farbpaket-original","status":"publish","type":"product","link":"https:\/\/www.speedcube.nl\/de\/aanbieding-de\/smartgames-happy-cube-farbpaket-original\/","title":{"rendered":"Smartgames Happy Cube Farbpaket Original"},"content":{"rendered":"<p>Der Happy Cube Original von Smartgames ist ein dreidimensionales Puzzle, das jede Menge Spa\u00df und Herausforderungen bietet. Die Teile sind aus Kunststoff und sitzen zun\u00e4chst in einem Raster wie eine Tafel. Du kannst sie herausnehmen und mit ihnen spielen.<\/p>\n<p>Durch die flachen Teile bauen Sie also ein 3D-Objekt wie einen W\u00fcrfel. Der Happy Cube Original ist die erste Ver\u00f6ffentlichung aus dieser Serie. Je mehr man davon hat, desto mehr Spa\u00df macht es. Sie k\u00f6nnen das praktische Klicksystem nutzen, um gr\u00f6\u00dfere Bauwerke zu erstellen, die immer schwieriger zu bauen sind.<\/p>\n<p>Happy Cube Original besteht aus 6 Puzzles in verschiedenen Farben\/Niveaus. So k\u00f6nnen Sie mit Form und Farbe variieren, was Sie herstellen. So bleibt es f\u00fcr die Kinder interessant, weiter damit zu spielen.<\/p>\n<p>Alter: 5+<br \/>\nSchwierigkeitsgrad: 3 Sterne<\/p>\n","protected":false},"excerpt":{"rendered":"<p>SMARTGAMES<\/p>\n","protected":false},"featured_media":390871,"template":"","meta":{"_improvement_type_select":"improve_an_existing","_thumb_yes_seoaic":false,"_frame_yes_seoaic":false,"seoaic_generate_description":"","seoaic_improve_instructions_prompt":"","seoaic_rollback_content_improvement":"","seoaic_idea_thumbnail_generator":"","thumbnail_generated":false,"thumbnail_generate_prompt":"","seoaic_article_description":"","product-afmeting-lengte-mm":"","product-afmeting-breedte-mm":"","product-afmeting-hoogte-mm":""},"product_brand":[],"product_cat":[2558],"product_tag":[],"class_list":{"0":"post-426561","1":"product","2":"type-product","3":"status-publish","4":"has-post-thumbnail","6":"product_cat-aanbieding-de","7":"pa_merken-smartgames-de","9":"first","10":"instock","11":"sale","12":"taxable","13":"shipping-taxable","14":"purchasable","15":"product-type-simple"},"df_price":11.24,"df_sale_price":11.24,"df_regular_price":14.99,"df_image_link":"https:\/\/www.speedcube.nl\/wp-content\/uploads\/2023\/06\/Productvisuals_Breinbrekers-Happy-Cube-Colour-Pack-Original-285x300.jpg","_links":{"self":[{"href":"https:\/\/www.speedcube.nl\/de\/wp-json\/wp\/v2\/product\/426561","targetHints":{"allow":["GET"]}}],"collection":[{"href":"https:\/\/www.speedcube.nl\/de\/wp-json\/wp\/v2\/product"}],"about":[{"href":"https:\/\/www.speedcube.nl\/de\/wp-json\/wp\/v2\/types\/product"}],"version-history":[{"count":0,"href":"https:\/\/www.speedcube.nl\/de\/wp-json\/wp\/v2\/product\/426561\/revisions"}],"wp:featuredmedia":[{"embeddable":true,"href":"https:\/\/www.speedcube.nl\/de\/wp-json\/wp\/v2\/media\/390871"}],"wp:attachment":[{"href":"https:\/\/www.speedcube.nl\/de\/wp-json\/wp\/v2\/media?parent=426561"}],"wp:term":[{"taxonomy":"product_brand","embeddable":true,"href":"https:\/\/www.speedcube.nl\/de\/wp-json\/wp\/v2\/product_brand?post=426561"},{"taxonomy":"product_cat","embeddable":true,"href":"https:\/\/www.speedcube.nl\/de\/wp-json\/wp\/v2\/product_cat?post=426561"},{"taxonomy":"product_tag","embeddable":true,"href":"https:\/\/www.speedcube.nl\/de\/wp-json\/wp\/v2\/product_tag?post=426561"}],"curies":[{"name":"wp","href":"https:\/\/api.w.org\/{rel}","templated":true}]}}