{"id":426543,"date":"2021-07-06T18:06:00","date_gmt":"2021-07-06T16:06:00","guid":{"rendered":"https:\/\/www.speedcube.nl\/unkategorisiert\/gan-cube-display-stand\/"},"modified":"2026-05-02T05:00:57","modified_gmt":"2026-05-02T03:00:57","slug":"gan-cube-display-stand","status":"publish","type":"product","link":"https:\/\/www.speedcube.nl\/de\/aanbieding-de\/gan-cube-display-stand\/","title":{"rendered":"Gan Cube Display Stand"},"content":{"rendered":"<p>Pr\u00e4sentieren Sie Ihre Lieblings-Speedcubes mit dem GAN Cube Display Stand. Im Gegensatz zu den traditionellen W\u00fcrfelstandards gibt die GAN-Version den Dingen einen neuen &#8222;Dreh&#8220;. Mit 2 Display-Einstellungen: <em>Verriegelt<\/em><strong> &#8211; <\/strong>erm\u00f6glicht das Drehen des W\u00fcrfels auf dem St\u00e4nder in 45-Grad-Schritten &amp; <em>Entriegelt<\/em> &#8211; erm\u00f6glicht das freie Drehen des W\u00fcrfels auf dem St\u00e4nder. Die Standardversion: geeignet f\u00fcr die meisten 56 mm 3&#215;3 Speedcubes. Garantiert passend f\u00fcr GAN 3x3s.<\/p>\n","protected":false},"excerpt":{"rendered":"<p>GAN<\/p>\n","protected":false},"featured_media":391395,"template":"","meta":{"_improvement_type_select":"improve_an_existing","_thumb_yes_seoaic":false,"_frame_yes_seoaic":false,"seoaic_generate_description":"","seoaic_improve_instructions_prompt":"","seoaic_rollback_content_improvement":"","seoaic_idea_thumbnail_generator":"","thumbnail_generated":false,"thumbnail_generate_prompt":"","seoaic_article_description":"","product-afmeting-lengte-mm":"","product-afmeting-breedte-mm":"","product-afmeting-hoogte-mm":""},"product_brand":[],"product_cat":[1270,1874,1211,2558],"product_tag":[],"class_list":{"0":"post-426543","1":"product","2":"type-product","3":"status-publish","4":"has-post-thumbnail","6":"product_cat-gan-de","7":"product_cat-normen","8":"product_cat-speedcube-de","9":"product_cat-aanbieding-de","10":"pa_merken-gan-de","12":"first","13":"instock","14":"sale","15":"taxable","16":"shipping-taxable","17":"purchasable","18":"product-type-simple"},"df_price":7.5,"df_sale_price":7.5,"df_regular_price":9.99,"df_image_link":"https:\/\/www.speedcube.nl\/wp-content\/uploads\/2023\/06\/Productvisuals_Speedcubes-GAN-cube-display-standaard-1-285x300.jpg","_links":{"self":[{"href":"https:\/\/www.speedcube.nl\/de\/wp-json\/wp\/v2\/product\/426543","targetHints":{"allow":["GET"]}}],"collection":[{"href":"https:\/\/www.speedcube.nl\/de\/wp-json\/wp\/v2\/product"}],"about":[{"href":"https:\/\/www.speedcube.nl\/de\/wp-json\/wp\/v2\/types\/product"}],"version-history":[{"count":0,"href":"https:\/\/www.speedcube.nl\/de\/wp-json\/wp\/v2\/product\/426543\/revisions"}],"wp:featuredmedia":[{"embeddable":true,"href":"https:\/\/www.speedcube.nl\/de\/wp-json\/wp\/v2\/media\/391395"}],"wp:attachment":[{"href":"https:\/\/www.speedcube.nl\/de\/wp-json\/wp\/v2\/media?parent=426543"}],"wp:term":[{"taxonomy":"product_brand","embeddable":true,"href":"https:\/\/www.speedcube.nl\/de\/wp-json\/wp\/v2\/product_brand?post=426543"},{"taxonomy":"product_cat","embeddable":true,"href":"https:\/\/www.speedcube.nl\/de\/wp-json\/wp\/v2\/product_cat?post=426543"},{"taxonomy":"product_tag","embeddable":true,"href":"https:\/\/www.speedcube.nl\/de\/wp-json\/wp\/v2\/product_tag?post=426543"}],"curies":[{"name":"wp","href":"https:\/\/api.w.org\/{rel}","templated":true}]}}