{"id":426527,"date":"2021-07-06T18:11:00","date_gmt":"2021-07-06T16:11:00","guid":{"rendered":"https:\/\/www.speedcube.nl\/unkategorisiert\/moyu-meilong-13x13\/"},"modified":"2026-05-08T05:01:34","modified_gmt":"2026-05-08T03:01:34","slug":"moyu-meilong-13x13","status":"publish","type":"product","link":"https:\/\/www.speedcube.nl\/de\/speedcube-de\/13x13-de\/moyu-meilong-13x13\/","title":{"rendered":"Moyu Meilong 13&#215;13"},"content":{"rendered":"<p>Der MoYu Meilong 13&#215;13 ist ein sehr beeindruckender W\u00fcrfel mit 13 Schichten und ist die neueste Innovation von Moyu. Die Gr\u00f6\u00dfe ist genau richtig, sie liegt gut in der Hand und erm\u00fcdet auch nach st\u00e4ndigem Drehen nicht. Es handelt sich um einen professionellen W\u00fcrfel mit einer verdickten Au\u00dfenschicht, f\u00fcr die innere Struktur wurde hochwertiger ABS-Kunststoff verwendet, um sicherzustellen, dass sich der W\u00fcrfel mit einem robusten Mechanismus besser dreht, der auf allen Ebenen f\u00fcr ein reibungsloses Drehen sorgt.<\/p>\n<p>Wenn Sie Ihre Sammlung erweitern m\u00f6chten, zu einem g\u00fcnstigen Preis oder einfach nur, um eine neue Herausforderung zu finden, sollten Sie diese Produkte ausprobieren. Trainieren Sie Ihr Gehirn und verbessern Sie Ihr Ged\u00e4chtnis und Ihre kognitiven F\u00e4higkeiten.<\/p>\n<p>Sind Sie neu im Cubing oder ein Anf\u00e4nger?<\/p>\n<p>Pops und Expolsians sind nicht von der Garantie abgedeckt.<\/p>\n<p>Seien Sie also vorsichtig, wenn Sie die ersten Kurven fahren.<\/p>\n<p>Passen Sie den W\u00fcrfel bei Bedarf fester an.<\/p>\n<p>R\u00fccksendungen werden nur f\u00fcr vollst\u00e4ndig montierte W\u00fcrfel akzeptiert.<\/p>\n<p>Es gibt 2 Arten von &#8218;Pops&#8216; beim W\u00fcrfeln:<\/p>\n<p>-Pops &#8211; Ein einzelnes St\u00fcck (oder mehrere St\u00fccke) f\u00e4llt aus dem W\u00fcrfel.<\/p>\n<p>-Explosionen &#8211; der ganze W\u00fcrfel f\u00e4llt auseinander und Sie haben nur noch einen Haufen Scherben.<\/p>\n<p>Hinweis: Dies kann bei einem brandneuen W\u00fcrfel bei Ihrer ersten L\u00f6sung passieren. Es ist immer eine gute Idee, einige langsame Drehungen zu machen und die Spannung des W\u00fcrfels zu \u00fcberpr\u00fcfen. <\/p>\n<p>In jedem Fall sind Sie vielleicht ein wenig irritiert und verwirrt, wie Sie es wieder zusammensetzen sollen.<\/p>\n<p>Wenn Ihr W\u00fcrfel explodiert ist und Sie mit einem Haufen von Teilen zur\u00fcckbleiben oder wenn Ihr W\u00fcrfel geplatzt ist und ein einzelnes Teil oder ein paar Teile herausgekommen sind, lassen Sie es uns wissen und wir k\u00f6nnen Ihnen ein Anleitungsvideo schicken.<\/p>\n<p>Hinweis: Sollte ein St\u00fcck brechen, ersetzen wir das St\u00fcck und nicht den ganzen W\u00fcrfel.<\/p>\n<p>&nbsp;<\/p>\n","protected":false},"excerpt":{"rendered":"<p>MOYU<\/p>\n","protected":false},"featured_media":391627,"template":"","meta":{"_improvement_type_select":"improve_an_existing","_thumb_yes_seoaic":false,"_frame_yes_seoaic":false,"seoaic_generate_description":"","seoaic_improve_instructions_prompt":"","seoaic_rollback_content_improvement":"","seoaic_idea_thumbnail_generator":"","thumbnail_generated":false,"thumbnail_generate_prompt":"","seoaic_article_description":"","product-afmeting-lengte-mm":"","product-afmeting-breedte-mm":"","product-afmeting-hoogte-mm":""},"product_brand":[],"product_cat":[1369,1332,1211],"product_tag":[],"class_list":{"0":"post-426527","1":"product","2":"type-product","3":"status-publish","4":"has-post-thumbnail","6":"product_cat-13x13-de","7":"product_cat-moyu-de","8":"product_cat-speedcube-de","9":"pa_merken-moyu-de","11":"first","12":"instock","13":"taxable","14":"shipping-taxable","15":"purchasable","16":"product-type-simple"},"df_price":141.95,"df_sale_price":"","df_regular_price":141.95,"df_image_link":"https:\/\/www.speedcube.nl\/wp-content\/uploads\/2023\/06\/Productvisuals_Speedcubes-MoYu-meilong-13\u00d713-1-285x300.jpg","_links":{"self":[{"href":"https:\/\/www.speedcube.nl\/de\/wp-json\/wp\/v2\/product\/426527","targetHints":{"allow":["GET"]}}],"collection":[{"href":"https:\/\/www.speedcube.nl\/de\/wp-json\/wp\/v2\/product"}],"about":[{"href":"https:\/\/www.speedcube.nl\/de\/wp-json\/wp\/v2\/types\/product"}],"version-history":[{"count":1,"href":"https:\/\/www.speedcube.nl\/de\/wp-json\/wp\/v2\/product\/426527\/revisions"}],"predecessor-version":[{"id":520766,"href":"https:\/\/www.speedcube.nl\/de\/wp-json\/wp\/v2\/product\/426527\/revisions\/520766"}],"wp:featuredmedia":[{"embeddable":true,"href":"https:\/\/www.speedcube.nl\/de\/wp-json\/wp\/v2\/media\/391627"}],"wp:attachment":[{"href":"https:\/\/www.speedcube.nl\/de\/wp-json\/wp\/v2\/media?parent=426527"}],"wp:term":[{"taxonomy":"product_brand","embeddable":true,"href":"https:\/\/www.speedcube.nl\/de\/wp-json\/wp\/v2\/product_brand?post=426527"},{"taxonomy":"product_cat","embeddable":true,"href":"https:\/\/www.speedcube.nl\/de\/wp-json\/wp\/v2\/product_cat?post=426527"},{"taxonomy":"product_tag","embeddable":true,"href":"https:\/\/www.speedcube.nl\/de\/wp-json\/wp\/v2\/product_tag?post=426527"}],"curies":[{"name":"wp","href":"https:\/\/api.w.org\/{rel}","templated":true}]}}