{"id":426520,"date":"2021-07-06T16:28:00","date_gmt":"2021-07-06T14:28:00","guid":{"rendered":"https:\/\/www.speedcube.nl\/unkategorisiert\/metall-erde-monster-truck\/"},"modified":"2026-05-11T05:01:25","modified_gmt":"2026-05-11T03:01:25","slug":"metall-erde-monster-truck","status":"publish","type":"product","link":"https:\/\/www.speedcube.nl\/de\/modellbau\/modellautos\/metall-erde-monster-truck\/","title":{"rendered":"Metall Erde Monster Truck"},"content":{"rendered":"<p>Ein Monstertruck ist ein spezieller Lastwagen mit gr\u00f6\u00dferer Federung und extra gro\u00dfen Reifen, der vor allem f\u00fcr Wettbewerbe und Freizeitzwecke eingesetzt wird. Der Monstertruck besteht aus drei d\u00fcnnen Metallplatten. Schneiden oder wenden Sie hier zuerst alle vorgestanzten Teile aus. Falten Sie die Teile in die richtige Form und stecken Sie zwei Teile zusammen, indem Sie Laschen oder Stifte durch einen Schlitz schieben. Sie k\u00f6nnen dieses Modell ganz ohne Klebstoff zusammenbauen! Eine gute Spitz- und Schneidezange ist jedoch sehr n\u00fctzlich. In der Verpackung wird die praktische Anleitung immer Schritt f\u00fcr Schritt erkl\u00e4rt.<\/p>\n<p>Anleitung PDF: MMS216<br \/>\nMMS216<br \/>\nAnzahl der Bl\u00e4tter: 3 Bl\u00e4tter<br \/>\nAbmessungen des Produkts: 7,29 x 5,31 x 4,19 cm<\/p>\n","protected":false},"excerpt":{"rendered":"<p>METALLERDE<\/p>\n","protected":false},"featured_media":391791,"template":"","meta":{"_improvement_type_select":"improve_an_existing","_thumb_yes_seoaic":false,"_frame_yes_seoaic":false,"seoaic_generate_description":"","seoaic_improve_instructions_prompt":"","seoaic_rollback_content_improvement":"","seoaic_idea_thumbnail_generator":"","thumbnail_generated":false,"thumbnail_generate_prompt":"","seoaic_article_description":"","product-afmeting-lengte-mm":"","product-afmeting-breedte-mm":"","product-afmeting-hoogte-mm":""},"product_brand":[],"product_cat":[1500,1714,1720,1844,1499,1709],"product_tag":[],"class_list":{"0":"post-426520","1":"product","2":"type-product","3":"status-publish","4":"has-post-thumbnail","6":"product_cat-baukasten-fur-erwachsene","7":"product_cat-metall-erde","8":"product_cat-metallbaukasten","9":"product_cat-modellautos","10":"product_cat-modellbau","11":"product_cat-modellfahrzeuge","12":"pa_merken-metallerde","14":"first","15":"instock","16":"taxable","17":"shipping-taxable","18":"purchasable","19":"product-type-simple"},"df_price":14.95,"df_sale_price":"","df_regular_price":14.95,"df_image_link":"https:\/\/www.speedcube.nl\/wp-content\/uploads\/2023\/06\/Productvisuals_Modelbouw-Metal-earth-monster-truck-1-285x300.jpg","_links":{"self":[{"href":"https:\/\/www.speedcube.nl\/de\/wp-json\/wp\/v2\/product\/426520","targetHints":{"allow":["GET"]}}],"collection":[{"href":"https:\/\/www.speedcube.nl\/de\/wp-json\/wp\/v2\/product"}],"about":[{"href":"https:\/\/www.speedcube.nl\/de\/wp-json\/wp\/v2\/types\/product"}],"version-history":[{"count":0,"href":"https:\/\/www.speedcube.nl\/de\/wp-json\/wp\/v2\/product\/426520\/revisions"}],"wp:featuredmedia":[{"embeddable":true,"href":"https:\/\/www.speedcube.nl\/de\/wp-json\/wp\/v2\/media\/391791"}],"wp:attachment":[{"href":"https:\/\/www.speedcube.nl\/de\/wp-json\/wp\/v2\/media?parent=426520"}],"wp:term":[{"taxonomy":"product_brand","embeddable":true,"href":"https:\/\/www.speedcube.nl\/de\/wp-json\/wp\/v2\/product_brand?post=426520"},{"taxonomy":"product_cat","embeddable":true,"href":"https:\/\/www.speedcube.nl\/de\/wp-json\/wp\/v2\/product_cat?post=426520"},{"taxonomy":"product_tag","embeddable":true,"href":"https:\/\/www.speedcube.nl\/de\/wp-json\/wp\/v2\/product_tag?post=426520"}],"curies":[{"name":"wp","href":"https:\/\/api.w.org\/{rel}","templated":true}]}}