{"id":426517,"date":"2021-06-17T14:50:00","date_gmt":"2021-06-17T12:50:00","guid":{"rendered":"https:\/\/www.speedcube.nl\/unkategorisiert\/yj-mgc-sq1\/"},"modified":"2026-05-09T05:00:25","modified_gmt":"2026-05-09T03:00:25","slug":"yj-mgc-sq1","status":"publish","type":"product","link":"https:\/\/www.speedcube.nl\/de\/speedcube-de\/yj-de\/yj-mgc-sq1\/","title":{"rendered":"YJ MGC SQ1"},"content":{"rendered":"<p>Der YJ MGC Square-1 ist ein mit Spannung erwarteter W\u00fcrfel und er entt\u00e4uscht nicht. Der MGC Square-1 f\u00fchlt sich leicht und dennoch &#8222;gepflanzt&#8220; an, wobei sich das meiste Gewicht in der Mitte konzentriert. Die flexiblen Innen- und Au\u00dfenschichten werden durch werkseitig eingebaute Magnete mittlerer St\u00e4rke gesteuert. Wenn Sie eine schwarze Seite bevorzugen, k\u00f6nnen Sie mit den mitgelieferten schwarzen Ersatzteilen ganz einfach die wei\u00dfe oder gelbe Seite austauschen. Der YJ MGC Square-1 wird sicherlich mit den besten Square-1 auf dem Markt konkurrieren.<\/p>\n<p>Eingeschlossen:<br \/>\nSchwarze Ersatzst\u00fccke<br \/>\nSchraubenzieher<br \/>\nLeitfaden l\u00f6sen<\/p>\n","protected":false},"excerpt":{"rendered":"<p>YJ<\/p>\n","protected":false},"featured_media":391355,"template":"","meta":{"_improvement_type_select":"improve_an_existing","_thumb_yes_seoaic":false,"_frame_yes_seoaic":false,"seoaic_generate_description":"","seoaic_improve_instructions_prompt":"","seoaic_rollback_content_improvement":"","seoaic_idea_thumbnail_generator":"","thumbnail_generated":false,"thumbnail_generate_prompt":"","seoaic_article_description":"","product-afmeting-lengte-mm":"","product-afmeting-breedte-mm":"","product-afmeting-hoogte-mm":""},"product_brand":[],"product_cat":[2174,1211],"product_tag":[],"class_list":{"0":"post-426517","1":"product","2":"type-product","3":"status-publish","4":"has-post-thumbnail","6":"product_cat-yj-de","7":"product_cat-speedcube-de","8":"pa_merken-yj-de","10":"first","11":"instock","12":"taxable","13":"shipping-taxable","14":"purchasable","15":"product-type-simple"},"df_price":24.95,"df_sale_price":"","df_regular_price":24.95,"df_image_link":"https:\/\/www.speedcube.nl\/wp-content\/uploads\/2023\/06\/Productvisuals_Speedcubes-YJ-mgc-sq1-1-285x300.jpg","_links":{"self":[{"href":"https:\/\/www.speedcube.nl\/de\/wp-json\/wp\/v2\/product\/426517","targetHints":{"allow":["GET"]}}],"collection":[{"href":"https:\/\/www.speedcube.nl\/de\/wp-json\/wp\/v2\/product"}],"about":[{"href":"https:\/\/www.speedcube.nl\/de\/wp-json\/wp\/v2\/types\/product"}],"version-history":[{"count":0,"href":"https:\/\/www.speedcube.nl\/de\/wp-json\/wp\/v2\/product\/426517\/revisions"}],"wp:featuredmedia":[{"embeddable":true,"href":"https:\/\/www.speedcube.nl\/de\/wp-json\/wp\/v2\/media\/391355"}],"wp:attachment":[{"href":"https:\/\/www.speedcube.nl\/de\/wp-json\/wp\/v2\/media?parent=426517"}],"wp:term":[{"taxonomy":"product_brand","embeddable":true,"href":"https:\/\/www.speedcube.nl\/de\/wp-json\/wp\/v2\/product_brand?post=426517"},{"taxonomy":"product_cat","embeddable":true,"href":"https:\/\/www.speedcube.nl\/de\/wp-json\/wp\/v2\/product_cat?post=426517"},{"taxonomy":"product_tag","embeddable":true,"href":"https:\/\/www.speedcube.nl\/de\/wp-json\/wp\/v2\/product_tag?post=426517"}],"curies":[{"name":"wp","href":"https:\/\/api.w.org\/{rel}","templated":true}]}}