{"id":426514,"date":"2021-07-06T17:59:00","date_gmt":"2021-07-06T15:59:00","guid":{"rendered":"https:\/\/www.speedcube.nl\/unkategorisiert\/gan-smart-timer-bluetooth\/"},"modified":"2026-05-01T05:04:18","modified_gmt":"2026-05-01T03:04:18","slug":"gan-smart-timer-bluetooth","status":"publish","type":"product","link":"https:\/\/www.speedcube.nl\/de\/speedcube-de\/zeitschaltuhren\/gan-smart-timer-bluetooth\/","title":{"rendered":"Gan Smart Timer (bluetooth)"},"content":{"rendered":"<p>Wir stellen den GAN Smart Timer mit Bluetooth-Kompatibilit\u00e4t vor. Der GAN Smart Timer wurde von Cubern f\u00fcr Cuber entwickelt und enth\u00e4lt viele n\u00fctzliche Funktionen. Damit k\u00f6nnen Sie die Smart-Timer-Tasten nach Abschluss einer L\u00f6sung f\u00fcr 1 Sekunde &#8222;einfrieren&#8220;, um unbeabsichtigte R\u00fccksetzungen zu verhindern. Der Smart Timer zeichnet automatisch einen Durchschnitt von 5 L\u00f6sungen auf und kann automatisch mit Ihrer Cube Station App synchronisiert werden, damit Sie auf mehreren Ger\u00e4ten Zugriff haben. Langlebige, &#8222;nicht klebende&#8220; Tasten. 2,5 mm Hilfsausgang.<\/p>\n<p>Hinweis: 4x AAA-Batterien sind nicht enthalten<\/p>\n","protected":false},"excerpt":{"rendered":"<p>GAN<\/p>\n","protected":false},"featured_media":391711,"template":"","meta":{"_improvement_type_select":"improve_an_existing","_thumb_yes_seoaic":false,"_frame_yes_seoaic":false,"seoaic_generate_description":"","seoaic_improve_instructions_prompt":"","seoaic_rollback_content_improvement":"","seoaic_idea_thumbnail_generator":"","thumbnail_generated":false,"thumbnail_generate_prompt":"","seoaic_article_description":"","product-afmeting-lengte-mm":"","product-afmeting-breedte-mm":"","product-afmeting-hoogte-mm":""},"product_brand":[],"product_cat":[1270,1211,1987],"product_tag":[],"class_list":{"0":"post-426514","1":"product","2":"type-product","3":"status-publish","4":"has-post-thumbnail","6":"product_cat-gan-de","7":"product_cat-speedcube-de","8":"product_cat-zeitschaltuhren","9":"pa_merken-gan-de","11":"first","12":"instock","13":"taxable","14":"shipping-taxable","15":"purchasable","16":"product-type-variable"},"df_price":29.99,"df_sale_price":"","df_regular_price":29.99,"df_image_link":"https:\/\/www.speedcube.nl\/wp-content\/uploads\/2023\/06\/Productvisuals_Speedcubes-GAN-smart-timer-bluetooth-1-285x300.jpg","_links":{"self":[{"href":"https:\/\/www.speedcube.nl\/de\/wp-json\/wp\/v2\/product\/426514","targetHints":{"allow":["GET"]}}],"collection":[{"href":"https:\/\/www.speedcube.nl\/de\/wp-json\/wp\/v2\/product"}],"about":[{"href":"https:\/\/www.speedcube.nl\/de\/wp-json\/wp\/v2\/types\/product"}],"version-history":[{"count":0,"href":"https:\/\/www.speedcube.nl\/de\/wp-json\/wp\/v2\/product\/426514\/revisions"}],"wp:featuredmedia":[{"embeddable":true,"href":"https:\/\/www.speedcube.nl\/de\/wp-json\/wp\/v2\/media\/391711"}],"wp:attachment":[{"href":"https:\/\/www.speedcube.nl\/de\/wp-json\/wp\/v2\/media?parent=426514"}],"wp:term":[{"taxonomy":"product_brand","embeddable":true,"href":"https:\/\/www.speedcube.nl\/de\/wp-json\/wp\/v2\/product_brand?post=426514"},{"taxonomy":"product_cat","embeddable":true,"href":"https:\/\/www.speedcube.nl\/de\/wp-json\/wp\/v2\/product_cat?post=426514"},{"taxonomy":"product_tag","embeddable":true,"href":"https:\/\/www.speedcube.nl\/de\/wp-json\/wp\/v2\/product_tag?post=426514"}],"curies":[{"name":"wp","href":"https:\/\/api.w.org\/{rel}","templated":true}]}}