{"id":426496,"date":"2021-07-06T18:22:00","date_gmt":"2021-07-06T16:22:00","guid":{"rendered":"https:\/\/www.speedcube.nl\/unkategorisiert\/moyu-weilong-wr-m-2021-lite-version\/"},"modified":"2026-04-18T05:00:45","modified_gmt":"2026-04-18T03:00:45","slug":"moyu-weilong-wr-m-2021-lite-version","status":"publish","type":"product","link":"https:\/\/www.speedcube.nl\/de\/speedcube-de\/moyu-de\/moyu-weilong-wr-m-2021-lite-version\/","title":{"rendered":"Moyu Weilong WR M 2021 (Lite-Version)"},"content":{"rendered":"<p>Der MoYu WeiLong WR M 2021 3&#215;3 ist das Flaggschiff 2021 von MoYu. Es ist ein Update des vorherigen WR M 2020 und MoYu schafft es irgendwie, mehr Funktionen f\u00fcr weniger Geld hinzuzuf\u00fcgen. Die Version 2021 bietet benutzerfreundliche Magnete mit einstellbaren St\u00e4rken (5) und dem bekannten Doppelverstellsystem. Der MoYu WeiLong WR M 2021 hat im Vergleich zur Vorg\u00e4ngerversion eine kompaktere Gr\u00f6\u00dfe (55 mm) und ein weicheres, einzigartiges Drehgef\u00fchl.<\/p>\n<p>Eingeschlossen:<br \/>\nDisplay-Kasten<br \/>\nSchraubenzieher<br \/>\nWerkzeuge f\u00fcr die Magnetjustierung<br \/>\nErsatzteile<\/p>\n","protected":false},"excerpt":{"rendered":"<p>MOYU<\/p>\n","protected":false},"featured_media":391575,"template":"","meta":{"_improvement_type_select":"improve_an_existing","_thumb_yes_seoaic":false,"_frame_yes_seoaic":false,"seoaic_generate_description":"","seoaic_improve_instructions_prompt":"","seoaic_rollback_content_improvement":"","seoaic_idea_thumbnail_generator":"","thumbnail_generated":false,"thumbnail_generate_prompt":"","seoaic_article_description":"","product-afmeting-lengte-mm":"","product-afmeting-breedte-mm":"","product-afmeting-hoogte-mm":""},"product_brand":[],"product_cat":[1221,1332,1211],"product_tag":[],"class_list":{"0":"post-426496","1":"product","2":"type-product","3":"status-publish","4":"has-post-thumbnail","6":"product_cat-3x3-de","7":"product_cat-moyu-de","8":"product_cat-speedcube-de","9":"pa_merken-moyu-de","11":"first","12":"instock","13":"taxable","14":"shipping-taxable","15":"purchasable","16":"product-type-simple"},"df_price":29.95,"df_sale_price":"","df_regular_price":29.95,"df_image_link":"https:\/\/www.speedcube.nl\/wp-content\/uploads\/2023\/06\/Productvisuals_Speedcubes-MoYu-weilong-wr-m-2021-lite-version-1-285x300.jpg","_links":{"self":[{"href":"https:\/\/www.speedcube.nl\/de\/wp-json\/wp\/v2\/product\/426496","targetHints":{"allow":["GET"]}}],"collection":[{"href":"https:\/\/www.speedcube.nl\/de\/wp-json\/wp\/v2\/product"}],"about":[{"href":"https:\/\/www.speedcube.nl\/de\/wp-json\/wp\/v2\/types\/product"}],"version-history":[{"count":0,"href":"https:\/\/www.speedcube.nl\/de\/wp-json\/wp\/v2\/product\/426496\/revisions"}],"wp:featuredmedia":[{"embeddable":true,"href":"https:\/\/www.speedcube.nl\/de\/wp-json\/wp\/v2\/media\/391575"}],"wp:attachment":[{"href":"https:\/\/www.speedcube.nl\/de\/wp-json\/wp\/v2\/media?parent=426496"}],"wp:term":[{"taxonomy":"product_brand","embeddable":true,"href":"https:\/\/www.speedcube.nl\/de\/wp-json\/wp\/v2\/product_brand?post=426496"},{"taxonomy":"product_cat","embeddable":true,"href":"https:\/\/www.speedcube.nl\/de\/wp-json\/wp\/v2\/product_cat?post=426496"},{"taxonomy":"product_tag","embeddable":true,"href":"https:\/\/www.speedcube.nl\/de\/wp-json\/wp\/v2\/product_tag?post=426496"}],"curies":[{"name":"wp","href":"https:\/\/api.w.org\/{rel}","templated":true}]}}