{"id":426478,"date":"2021-09-10T07:41:00","date_gmt":"2021-09-10T05:41:00","guid":{"rendered":"https:\/\/www.speedcube.nl\/unkategorisiert\/logik-rom-schluessel\/"},"modified":"2026-05-13T05:12:04","modified_gmt":"2026-05-13T03:12:04","slug":"logik-rom-schluessel","status":"publish","type":"product","link":"https:\/\/www.speedcube.nl\/de\/stunt-bb-de\/logik-rom-schluessel\/","title":{"rendered":"Logik Rom Schl\u00fcssel"},"content":{"rendered":"<p>Das richtige Spiel f\u00fcr alle, die sich der Welt der Puzzles n\u00e4hern wollen &#8230; bereit zu gehen? Entfernen Sie den Schl\u00fcssel vom Schl\u00fcsselband. Das ist nat\u00fcrlich leichter gesagt als getan. Kannst du diesen Schl\u00fcssel befreien und das Geheimnis von Rom l\u00fcften?<\/p>\n<p>Alter: 10+<br \/>\nSchwierigkeitsgrad: 4 Sterne<br \/>\nDurchschnittliche Aufl\u00f6sungszeit: 30 Minuten. &#8211; 30 Tage<br \/>\nAbmessungen: 80 x 40 x 30 mm<br \/>\nDurchmesser des Eisendrahts: 2 mm<\/p>\n","protected":false},"excerpt":{"rendered":"<p>LOGICA<\/p>\n","protected":false},"featured_media":392179,"template":"","meta":{"_improvement_type_select":"improve_an_existing","_thumb_yes_seoaic":false,"_frame_yes_seoaic":false,"seoaic_generate_description":"","seoaic_improve_instructions_prompt":"","seoaic_rollback_content_improvement":"","seoaic_idea_thumbnail_generator":"","thumbnail_generated":false,"thumbnail_generate_prompt":"","seoaic_article_description":"","product-afmeting-lengte-mm":"","product-afmeting-breedte-mm":"","product-afmeting-hoogte-mm":""},"product_brand":[],"product_cat":[1240,1244,1227,1233,1237,2765,1488,5227],"product_tag":[],"class_list":{"0":"post-426478","1":"product","2":"type-product","3":"status-publish","4":"has-post-thumbnail","6":"product_cat-4-sterne-schwierig","7":"product_cat-knobelaufgaben-de","8":"product_cat-knobelaufgaben","9":"product_cat-knobelaufgaben-fur-erwachsene","10":"product_cat-knobelaufgaben-fur-kinder","11":"product_cat-logica-giochi-de","12":"product_cat-metall","13":"product_cat-stunt-bb-de","14":"pa_merken-logica-de","16":"first","17":"outofstock","18":"taxable","19":"shipping-taxable","20":"purchasable","21":"product-type-simple"},"df_price":8.99,"df_sale_price":"","df_regular_price":8.99,"df_image_link":"https:\/\/www.speedcube.nl\/wp-content\/uploads\/2023\/06\/Productvisuals_Breinbrekers-Logica-Rome-Key-285x300.jpg","_links":{"self":[{"href":"https:\/\/www.speedcube.nl\/de\/wp-json\/wp\/v2\/product\/426478","targetHints":{"allow":["GET"]}}],"collection":[{"href":"https:\/\/www.speedcube.nl\/de\/wp-json\/wp\/v2\/product"}],"about":[{"href":"https:\/\/www.speedcube.nl\/de\/wp-json\/wp\/v2\/types\/product"}],"version-history":[{"count":0,"href":"https:\/\/www.speedcube.nl\/de\/wp-json\/wp\/v2\/product\/426478\/revisions"}],"wp:featuredmedia":[{"embeddable":true,"href":"https:\/\/www.speedcube.nl\/de\/wp-json\/wp\/v2\/media\/392179"}],"wp:attachment":[{"href":"https:\/\/www.speedcube.nl\/de\/wp-json\/wp\/v2\/media?parent=426478"}],"wp:term":[{"taxonomy":"product_brand","embeddable":true,"href":"https:\/\/www.speedcube.nl\/de\/wp-json\/wp\/v2\/product_brand?post=426478"},{"taxonomy":"product_cat","embeddable":true,"href":"https:\/\/www.speedcube.nl\/de\/wp-json\/wp\/v2\/product_cat?post=426478"},{"taxonomy":"product_tag","embeddable":true,"href":"https:\/\/www.speedcube.nl\/de\/wp-json\/wp\/v2\/product_tag?post=426478"}],"curies":[{"name":"wp","href":"https:\/\/api.w.org\/{rel}","templated":true}]}}